{"id":103,"date":"2020-08-16T14:55:15","date_gmt":"2020-08-16T12:55:15","guid":{"rendered":"https:\/\/studio-imagin.fr\/accueil\/?page_id=103"},"modified":"2024-04-28T18:06:40","modified_gmt":"2024-04-28T16:06:40","slug":"cours-photo","status":"publish","type":"page","link":"https:\/\/studio-imagin.fr\/accueil\/cours-photo\/","title":{"rendered":"Cours photo"},"content":{"rendered":"\t\t<div data-elementor-type=\"wp-page\" data-elementor-id=\"103\" class=\"elementor elementor-103\" data-elementor-post-type=\"page\">\n\t\t\t\t\t\t<section class=\"elementor-section elementor-top-section elementor-element elementor-element-a30ecfb elementor-section-boxed elementor-section-height-default elementor-section-height-default\" data-id=\"a30ecfb\" data-element_type=\"section\">\n\t\t\t\t\t\t<div class=\"elementor-container elementor-column-gap-default\">\n\t\t\t\t\t<div class=\"elementor-column elementor-col-100 elementor-top-column elementor-element elementor-element-7e0bb91\" data-id=\"7e0bb91\" data-element_type=\"column\">\n\t\t\t<div class=\"elementor-widget-wrap elementor-element-populated\">\n\t\t\t\t\t\t<div class=\"elementor-element elementor-element-f5c0305 elementor-widget elementor-widget-text-editor\" data-id=\"f5c0305\" data-element_type=\"widget\" data-widget_type=\"text-editor.default\">\n\t\t\t\t<div class=\"elementor-widget-container\">\n\t\t\t\t\t\t\t<p>Pascal Blat, photographe et responsable de Imag&rsquo;in vous propose des <strong>cours de photographie<\/strong>. Quelque soit votre niveau, je r\u00e9ponds \u00e0 toutes les demandes avec un cours photo individuel et enti\u00e8rement adapt\u00e9 \u00e0 vos besoins et vos envies.<\/p><p>Depuis 1993, je suis photographe professionnel. J&rsquo;ai donc fais mes armes sur l&rsquo;argentique puis je suis pass\u00e9 au tout <strong>num\u00e9rique<\/strong>. Sp\u00e9cialis\u00e9 et passionn\u00e9 par la photographie de paysages et d&rsquo;architecture, j&rsquo;aime avant tout pouvoir partager ma passion et mon savoir faire.<\/p><p>Que vous soyez \u00e9tudiant, salari\u00e9 ou retrait\u00e9, c&rsquo;est toujours avec plaisir et avec une motivation extr\u00eame que je vous fais profiter de mon savoir faire. Apprentissage des bases de la photographie, ma\u00eetrise du cadrage, am\u00e9lioration des r\u00e9glages et performances sur l&rsquo;utilisation de votre mat\u00e9riel, vous allez tr\u00e8s vite d\u00e9couvrir ce qu&rsquo;il est possible d&rsquo;apprendre lorsque vous fa\u00eetes appel \u00e0 un photographe professionnel.<\/p><p>Vous trouverez des informations suppl\u00e9mentaires sur mon site d\u00e9di\u00e9 \u00e0 la <a href=\"http:\/\/cours-photo-lille.fr\">formation photographique<\/a>.<\/p><p>En fonction du cours que vous allez choisir, il se d\u00e9roulera soit au studio de Cuinchy, soit en ext\u00e9rieur et pour certains cours, il peut \u00eatre donn\u00e9 en fonction de votre cahier des charges.<\/p><p>Cours photo mais sur quel th\u00e8me : portrait, famille, apprentissage de votre boitier, maitrise du studio etc&#8230; les th\u00e8mes en mati\u00e8re de cours et formation sont nombreux. Je ne donne aucun cours sur la plong\u00e9e sous marine ne connaissant pas du tout ce type de photo.<\/p>\t\t\t\t\t\t<\/div>\n\t\t\t\t<\/div>\n\t\t\t\t\t<\/div>\n\t\t<\/div>\n\t\t\t\t\t<\/div>\n\t\t<\/section>\n\t\t\t\t<section class=\"elementor-section elementor-top-section elementor-element elementor-element-786f379 elementor-section-boxed elementor-section-height-default elementor-section-height-default\" data-id=\"786f379\" data-element_type=\"section\">\n\t\t\t\t\t\t<div class=\"elementor-container elementor-column-gap-default\">\n\t\t\t\t\t<div class=\"elementor-column elementor-col-100 elementor-top-column elementor-element elementor-element-1154cc1\" data-id=\"1154cc1\" data-element_type=\"column\">\n\t\t\t<div class=\"elementor-widget-wrap elementor-element-populated\">\n\t\t\t\t\t\t<div class=\"elementor-element elementor-element-58422a6 elementor-widget elementor-widget-price-table\" data-id=\"58422a6\" data-element_type=\"widget\" data-widget_type=\"price-table.default\">\n\t\t\t\t<div class=\"elementor-widget-container\">\n\t\t\t\n\t\t<div class=\"elementor-price-table\">\n\t\t\t\t\t\t\t<div class=\"elementor-price-table__header\">\n\t\t\t\t\t\t\t\t\t\t\t<h3 class=\"elementor-price-table__heading\">\n\t\t\t\t\t\tCOURS DE PHOTOGRAPHIE\t\t\t\t\t\t<\/h3>\n\t\t\t\t\t\n\t\t\t\t\t\t\t\t\t\t\t<span class=\"elementor-price-table__subheading\">\n\t\t\t\t\t\t\tPrix \u00e0 partir de...  les 2 heures de cours\t\t\t\t\t\t<\/span>\n\t\t\t\t\t\t\t\t\t<\/div>\n\t\t\t\n\t\t\t<div class=\"elementor-price-table__price\">\n\t\t\t\t\t\t\t\t<span class=\"elementor-price-table__currency\">&#128;<\/span>\t\t\t\t\t\t\t\t\t<span class=\"elementor-price-table__integer-part\">\n\t\t\t\t\t\t60\t\t\t\t\t<\/span>\n\t\t\t\t\n\t\t\t\t\n\t\t\t\t\n\t\t\t\t\t\t\t\t\t<span class=\"elementor-price-table__period elementor-typo-excluded\">Les 2 heures<\/span>\t\t\t\t\t\t\t<\/div>\n\n\t\t\t\t\t\t\t<ul class=\"elementor-price-table__features-list\">\n\t\t\t\t\t\t\t\t\t\t\t<li class=\"elementor-repeater-item-4cfbbc0\">\n\t\t\t\t\t\t\t<div class=\"elementor-price-table__feature-inner\">\n\t\t\t\t\t\t\t\t<i aria-hidden=\"true\" class=\"far fa-check-circle\"><\/i>\t\t\t\t\t\t\t\t\t\t\t\t\t\t\t\t\t<span >\n\t\t\t\t\t\t\t\t\t\tCours individuel\t\t\t\t\t\t\t\t\t<\/span>\n\t\t\t\t\t\t\t\t\t\t\t\t\t\t\t\t<\/div>\n\t\t\t\t\t\t<\/li>\n\t\t\t\t\t\t\t\t\t\t\t<li class=\"elementor-repeater-item-d4a5798\">\n\t\t\t\t\t\t\t<div class=\"elementor-price-table__feature-inner\">\n\t\t\t\t\t\t\t\t<i aria-hidden=\"true\" class=\"far fa-check-circle\"><\/i>\t\t\t\t\t\t\t\t\t\t\t\t\t\t\t\t\t<span >\n\t\t\t\t\t\t\t\t\t\tSatisfaction garantie\t\t\t\t\t\t\t\t\t<\/span>\n\t\t\t\t\t\t\t\t\t\t\t\t\t\t\t\t<\/div>\n\t\t\t\t\t\t<\/li>\n\t\t\t\t\t\t\t\t\t\t\t<li class=\"elementor-repeater-item-5835198\">\n\t\t\t\t\t\t\t<div class=\"elementor-price-table__feature-inner\">\n\t\t\t\t\t\t\t\t<i aria-hidden=\"true\" class=\"far fa-check-circle\"><\/i>\t\t\t\t\t\t\t\t\t\t\t\t\t\t\t\t\t<span >\n\t\t\t\t\t\t\t\t\t\tUn cours adapt\u00e9 \u00e0 votre niveau\t\t\t\t\t\t\t\t\t<\/span>\n\t\t\t\t\t\t\t\t\t\t\t\t\t\t\t\t<\/div>\n\t\t\t\t\t\t<\/li>\n\t\t\t\t\t\t\t\t\t<\/ul>\n\t\t\t\n\t\t\t\t\t\t\t<div class=\"elementor-price-table__footer\">\n\t\t\t\t\t\t\t\t\t\t\t<a class=\"elementor-price-table__button elementor-button elementor-size-md\" href=\"https:\/\/www.cours-photo-lille.fr\/cours-a-la-duree\/9-cours-photo-2-heures.html\" target=\"_blank\">\n\t\t\t\t\t\t\tAcc\u00e9dez au site de r\u00e9servation\t\t\t\t\t\t<\/a>\n\t\t\t\t\t\n\t\t\t\t\t\t\t\t\t\t\t<div class=\"elementor-price-table__additional_info\">\n\t\t\t\t\t\t\tVous serez redirig\u00e9 vers le site de Pascal Blat - Cours-photo-lille.fr\t\t\t\t\t\t<\/div>\n\t\t\t\t\t\t\t\t\t<\/div>\n\t\t\t\t\t<\/div>\n\n\t\t\t\t\t<div class=\"elementor-price-table__ribbon\">\n\t\t\t\t<div class=\"elementor-price-table__ribbon-inner\">\n\t\t\t\t\tPopulAIRE\t\t\t\t<\/div>\n\t\t\t<\/div>\n\t\t\t\t\t<\/div>\n\t\t\t\t<\/div>\n\t\t\t\t\t<\/div>\n\t\t<\/div>\n\t\t\t\t\t<\/div>\n\t\t<\/section>\n\t\t\t\t<section class=\"elementor-section elementor-top-section elementor-element elementor-element-b84492b elementor-section-boxed elementor-section-height-default elementor-section-height-default\" data-id=\"b84492b\" data-element_type=\"section\">\n\t\t\t\t\t\t<div class=\"elementor-container elementor-column-gap-default\">\n\t\t\t\t\t<div class=\"elementor-column elementor-col-100 elementor-top-column elementor-element elementor-element-d37af0a\" data-id=\"d37af0a\" data-element_type=\"column\">\n\t\t\t<div class=\"elementor-widget-wrap elementor-element-populated\">\n\t\t\t\t\t\t<div class=\"elementor-element elementor-element-8758ddb elementor-widget elementor-widget-menu-anchor\" data-id=\"8758ddb\" data-element_type=\"widget\" data-widget_type=\"menu-anchor.default\">\n\t\t\t\t<div class=\"elementor-widget-container\">\n\t\t\t\t\t<div class=\"elementor-menu-anchor\" id=\"portrait\"><\/div>\n\t\t\t\t<\/div>\n\t\t\t\t<\/div>\n\t\t\t\t<div class=\"elementor-element elementor-element-3f22baa elementor-widget elementor-widget-text-editor\" data-id=\"3f22baa\" data-element_type=\"widget\" data-widget_type=\"text-editor.default\">\n\t\t\t\t<div class=\"elementor-widget-container\">\n\t\t\t\t\t\t\t<p>LE PORTRAIT PHOTO<\/p><p>Vous d\u00e9sirez apprendre \u00e0 r\u00e9aliser des portraits, que ce soit en int\u00e9rieur au flash, sans flash ou en studio. Vous disposez de mat\u00e9riel ou au contraire vous n&rsquo;avez rien \u00e0 disposition pour r\u00e9aliser de jolis portraits. Aucune inqui\u00e9tude, vous allez v\u00e9rifier par vous m\u00eame qu&rsquo;il est tout \u00e0 fait possible de r\u00e9alier des portraits d&rsquo;enfants, adultes ou famille en utilisant le monde qui vous entoure.<\/p>\t\t\t\t\t\t<\/div>\n\t\t\t\t<\/div>\n\t\t\t\t\t<\/div>\n\t\t<\/div>\n\t\t\t\t\t<\/div>\n\t\t<\/section>\n\t\t\t\t<section class=\"elementor-section elementor-top-section elementor-element elementor-element-21fc587 elementor-section-boxed elementor-section-height-default elementor-section-height-default\" data-id=\"21fc587\" data-element_type=\"section\">\n\t\t\t\t\t\t<div class=\"elementor-container elementor-column-gap-default\">\n\t\t\t\t\t<div class=\"elementor-column elementor-col-100 elementor-top-column elementor-element elementor-element-ba545e8\" data-id=\"ba545e8\" data-element_type=\"column\">\n\t\t\t<div class=\"elementor-widget-wrap elementor-element-populated\">\n\t\t\t\t\t\t<div class=\"elementor-element elementor-element-11a6ab1 elementor--h-position-center elementor--v-position-middle elementor-arrows-position-inside elementor-pagination-position-inside elementor-invisible elementor-widget elementor-widget-slides\" data-id=\"11a6ab1\" data-element_type=\"widget\" data-settings=\"{&quot;autoplay_speed&quot;:2500,&quot;_animation&quot;:&quot;zoomIn&quot;,&quot;navigation&quot;:&quot;both&quot;,&quot;autoplay&quot;:&quot;yes&quot;,&quot;pause_on_hover&quot;:&quot;yes&quot;,&quot;pause_on_interaction&quot;:&quot;yes&quot;,&quot;infinite&quot;:&quot;yes&quot;,&quot;transition&quot;:&quot;slide&quot;,&quot;transition_speed&quot;:500}\" data-widget_type=\"slides.default\">\n\t\t\t\t<div class=\"elementor-widget-container\">\n\t\t\t\t\t<div class=\"elementor-swiper\">\n\t\t\t<div class=\"elementor-slides-wrapper elementor-main-swiper swiper\" dir=\"ltr\" data-animation=\"fadeInUp\">\n\t\t\t\t<div class=\"swiper-wrapper elementor-slides\">\n\t\t\t\t\t\t\t\t\t\t<div class=\"elementor-repeater-item-a72f701 swiper-slide\"><div class=\"swiper-slide-bg\" role=\"img\"><\/div><div class=\"swiper-slide-inner\" ><div class=\"swiper-slide-contents\"><\/div><\/div><\/div><div class=\"elementor-repeater-item-a766c62 swiper-slide\"><div class=\"swiper-slide-bg\" role=\"img\"><\/div><div class=\"swiper-slide-inner\" ><div class=\"swiper-slide-contents\"><\/div><\/div><\/div><div class=\"elementor-repeater-item-8ddd751 swiper-slide\"><div class=\"swiper-slide-bg\" role=\"img\"><\/div><div class=\"swiper-slide-inner\" ><div class=\"swiper-slide-contents\"><\/div><\/div><\/div><div class=\"elementor-repeater-item-18b88ac swiper-slide\"><div class=\"swiper-slide-bg\" role=\"img\"><\/div><div class=\"swiper-slide-inner\" ><div class=\"swiper-slide-contents\"><\/div><\/div><\/div>\t\t\t\t<\/div>\n\t\t\t\t\t\t\t\t\t\t\t\t\t\t\t<div class=\"swiper-pagination\"><\/div>\n\t\t\t\t\t\t\t\t\t\t\t\t\t\t\t\t<div class=\"elementor-swiper-button elementor-swiper-button-prev\" role=\"button\" tabindex=\"0\">\n\t\t\t\t\t\t\t<i aria-hidden=\"true\" class=\"eicon-chevron-left\"><\/i>\t\t\t\t\t\t\t<span class=\"elementor-screen-only\">Diapositive pr\u00e9c\u00e9dente<\/span>\n\t\t\t\t\t\t<\/div>\n\t\t\t\t\t\t<div class=\"elementor-swiper-button elementor-swiper-button-next\" role=\"button\" tabindex=\"0\">\n\t\t\t\t\t\t\t<i aria-hidden=\"true\" class=\"eicon-chevron-right\"><\/i>\t\t\t\t\t\t\t<span class=\"elementor-screen-only\">Diapositive suivante<\/span>\n\t\t\t\t\t\t<\/div>\n\t\t\t\t\t\t\t\t\t\t\t\t<\/div>\n\t\t<\/div>\n\t\t\t\t<\/div>\n\t\t\t\t<\/div>\n\t\t\t\t\t<\/div>\n\t\t<\/div>\n\t\t\t\t\t<\/div>\n\t\t<\/section>\n\t\t\t\t<\/div>\n\t\t","protected":false},"excerpt":{"rendered":"<p>Pascal Blat, photographe et responsable de Imag&rsquo;in vous propose des cours de photographie. Quelque soit votre niveau, je r\u00e9ponds \u00e0 toutes les demandes avec un cours photo individuel et enti\u00e8rement adapt\u00e9 \u00e0 vos besoins et vos envies. Depuis 1993, je suis photographe professionnel. J&rsquo;ai donc fais mes armes sur l&rsquo;argentique puis je suis pass\u00e9 au &hellip; <\/p>\n<p class=\"link-more\"><a href=\"https:\/\/studio-imagin.fr\/accueil\/cours-photo\/\" class=\"more-link\">Continuer la lecture<span class=\"screen-reader-text\"> de &laquo;&nbsp;Cours photo&nbsp;&raquo;<\/span><\/a><\/p>\n","protected":false},"author":1,"featured_media":0,"parent":0,"menu_order":0,"comment_status":"closed","ping_status":"closed","template":"elementor_header_footer","meta":{"footnotes":""},"class_list":["post-103","page","type-page","status-publish","hentry"],"yoast_head":"<!-- This site is optimized with the Yoast SEO plugin v22.5 - https:\/\/yoast.com\/wordpress\/plugins\/seo\/ -->\n<title>Cours de photographie tous niveaux dans les Hauts de France<\/title>\n<meta name=\"description\" content=\"Cours de photographie professionnel pour tous les niveaux donn\u00e9s dans les Hauts de France. Un vrai cours photo quelque soit l&#039;\u00e2ge\" \/>\n<meta name=\"robots\" content=\"index, follow, max-snippet:-1, max-image-preview:large, max-video-preview:-1\" \/>\n<link rel=\"canonical\" href=\"https:\/\/studio-imagin.fr\/accueil\/cours-photo\/\" \/>\n<meta property=\"og:locale\" content=\"fr_FR\" \/>\n<meta property=\"og:type\" content=\"article\" \/>\n<meta property=\"og:title\" content=\"Cours de photographie tous niveaux dans les Hauts de France\" \/>\n<meta property=\"og:description\" content=\"Cours de photographie professionnel pour tous les niveaux donn\u00e9s dans les Hauts de France. Un vrai cours photo quelque soit l&#039;\u00e2ge\" \/>\n<meta property=\"og:url\" content=\"https:\/\/studio-imagin.fr\/accueil\/cours-photo\/\" \/>\n<meta property=\"og:site_name\" content=\"Atelier et studio photo imag&#039;in\" \/>\n<meta property=\"article:modified_time\" content=\"2024-04-28T16:06:40+00:00\" \/>\n<meta name=\"twitter:card\" content=\"summary_large_image\" \/>\n<meta name=\"twitter:label1\" content=\"Dur\u00e9e de lecture estim\u00e9e\" \/>\n\t<meta name=\"twitter:data1\" content=\"2 minutes\" \/>\n<script type=\"application\/ld+json\" class=\"yoast-schema-graph\">{\"@context\":\"https:\/\/schema.org\",\"@graph\":[{\"@type\":\"WebPage\",\"@id\":\"https:\/\/studio-imagin.fr\/accueil\/cours-photo\/\",\"url\":\"https:\/\/studio-imagin.fr\/accueil\/cours-photo\/\",\"name\":\"Cours de photographie tous niveaux dans les Hauts de France\",\"isPartOf\":{\"@id\":\"https:\/\/studio-imagin.fr\/accueil\/#website\"},\"datePublished\":\"2020-08-16T12:55:15+00:00\",\"dateModified\":\"2024-04-28T16:06:40+00:00\",\"description\":\"Cours de photographie professionnel pour tous les niveaux donn\u00e9s dans les Hauts de France. Un vrai cours photo quelque soit l'\u00e2ge\",\"breadcrumb\":{\"@id\":\"https:\/\/studio-imagin.fr\/accueil\/cours-photo\/#breadcrumb\"},\"inLanguage\":\"fr-FR\",\"potentialAction\":[{\"@type\":\"ReadAction\",\"target\":[\"https:\/\/studio-imagin.fr\/accueil\/cours-photo\/\"]}]},{\"@type\":\"BreadcrumbList\",\"@id\":\"https:\/\/studio-imagin.fr\/accueil\/cours-photo\/#breadcrumb\",\"itemListElement\":[{\"@type\":\"ListItem\",\"position\":1,\"name\":\"Accueil\",\"item\":\"https:\/\/studio-imagin.fr\/accueil\/\"},{\"@type\":\"ListItem\",\"position\":2,\"name\":\"Cours photo\"}]},{\"@type\":\"WebSite\",\"@id\":\"https:\/\/studio-imagin.fr\/accueil\/#website\",\"url\":\"https:\/\/studio-imagin.fr\/accueil\/\",\"name\":\"Atelier et studio photo imag&#039;in\",\"description\":\"Bonjour et Bienvenue sur le site de Imag&#039;in \u00e0 Cuinchy - Photographe Blat Pascal\",\"potentialAction\":[{\"@type\":\"SearchAction\",\"target\":{\"@type\":\"EntryPoint\",\"urlTemplate\":\"https:\/\/studio-imagin.fr\/accueil\/?s={search_term_string}\"},\"query-input\":\"required name=search_term_string\"}],\"inLanguage\":\"fr-FR\"}]}<\/script>\n<!-- \/ Yoast SEO plugin. -->","yoast_head_json":{"title":"Cours de photographie tous niveaux dans les Hauts de France","description":"Cours de photographie professionnel pour tous les niveaux donn\u00e9s dans les Hauts de France. Un vrai cours photo quelque soit l'\u00e2ge","robots":{"index":"index","follow":"follow","max-snippet":"max-snippet:-1","max-image-preview":"max-image-preview:large","max-video-preview":"max-video-preview:-1"},"canonical":"https:\/\/studio-imagin.fr\/accueil\/cours-photo\/","og_locale":"fr_FR","og_type":"article","og_title":"Cours de photographie tous niveaux dans les Hauts de France","og_description":"Cours de photographie professionnel pour tous les niveaux donn\u00e9s dans les Hauts de France. Un vrai cours photo quelque soit l'\u00e2ge","og_url":"https:\/\/studio-imagin.fr\/accueil\/cours-photo\/","og_site_name":"Atelier et studio photo imag&#039;in","article_modified_time":"2024-04-28T16:06:40+00:00","twitter_card":"summary_large_image","twitter_misc":{"Dur\u00e9e de lecture estim\u00e9e":"2 minutes"},"schema":{"@context":"https:\/\/schema.org","@graph":[{"@type":"WebPage","@id":"https:\/\/studio-imagin.fr\/accueil\/cours-photo\/","url":"https:\/\/studio-imagin.fr\/accueil\/cours-photo\/","name":"Cours de photographie tous niveaux dans les Hauts de France","isPartOf":{"@id":"https:\/\/studio-imagin.fr\/accueil\/#website"},"datePublished":"2020-08-16T12:55:15+00:00","dateModified":"2024-04-28T16:06:40+00:00","description":"Cours de photographie professionnel pour tous les niveaux donn\u00e9s dans les Hauts de France. Un vrai cours photo quelque soit l'\u00e2ge","breadcrumb":{"@id":"https:\/\/studio-imagin.fr\/accueil\/cours-photo\/#breadcrumb"},"inLanguage":"fr-FR","potentialAction":[{"@type":"ReadAction","target":["https:\/\/studio-imagin.fr\/accueil\/cours-photo\/"]}]},{"@type":"BreadcrumbList","@id":"https:\/\/studio-imagin.fr\/accueil\/cours-photo\/#breadcrumb","itemListElement":[{"@type":"ListItem","position":1,"name":"Accueil","item":"https:\/\/studio-imagin.fr\/accueil\/"},{"@type":"ListItem","position":2,"name":"Cours photo"}]},{"@type":"WebSite","@id":"https:\/\/studio-imagin.fr\/accueil\/#website","url":"https:\/\/studio-imagin.fr\/accueil\/","name":"Atelier et studio photo imag&#039;in","description":"Bonjour et Bienvenue sur le site de Imag&#039;in \u00e0 Cuinchy - Photographe Blat Pascal","potentialAction":[{"@type":"SearchAction","target":{"@type":"EntryPoint","urlTemplate":"https:\/\/studio-imagin.fr\/accueil\/?s={search_term_string}"},"query-input":"required name=search_term_string"}],"inLanguage":"fr-FR"}]}},"_links":{"self":[{"href":"https:\/\/studio-imagin.fr\/accueil\/wp-json\/wp\/v2\/pages\/103","targetHints":{"allow":["GET"]}}],"collection":[{"href":"https:\/\/studio-imagin.fr\/accueil\/wp-json\/wp\/v2\/pages"}],"about":[{"href":"https:\/\/studio-imagin.fr\/accueil\/wp-json\/wp\/v2\/types\/page"}],"author":[{"embeddable":true,"href":"https:\/\/studio-imagin.fr\/accueil\/wp-json\/wp\/v2\/users\/1"}],"replies":[{"embeddable":true,"href":"https:\/\/studio-imagin.fr\/accueil\/wp-json\/wp\/v2\/comments?post=103"}],"version-history":[{"count":26,"href":"https:\/\/studio-imagin.fr\/accueil\/wp-json\/wp\/v2\/pages\/103\/revisions"}],"predecessor-version":[{"id":490,"href":"https:\/\/studio-imagin.fr\/accueil\/wp-json\/wp\/v2\/pages\/103\/revisions\/490"}],"wp:attachment":[{"href":"https:\/\/studio-imagin.fr\/accueil\/wp-json\/wp\/v2\/media?parent=103"}],"curies":[{"name":"wp","href":"https:\/\/api.w.org\/{rel}","templated":true}]}}