{"id":112,"date":"2020-08-16T18:45:27","date_gmt":"2020-08-16T16:45:27","guid":{"rendered":"https:\/\/studio-imagin.fr\/accueil\/?page_id=112"},"modified":"2022-02-25T16:21:57","modified_gmt":"2022-02-25T15:21:57","slug":"location-de-studio-photo","status":"publish","type":"page","link":"https:\/\/studio-imagin.fr\/accueil\/location-de-studio-photo\/","title":{"rendered":"Location de studio photo"},"content":{"rendered":"\t\t<div data-elementor-type=\"wp-page\" data-elementor-id=\"112\" class=\"elementor elementor-112\" data-elementor-post-type=\"page\">\n\t\t\t\t\t\t<section class=\"elementor-section elementor-top-section elementor-element elementor-element-7e249cd7 elementor-section-boxed elementor-section-height-default elementor-section-height-default\" data-id=\"7e249cd7\" data-element_type=\"section\">\n\t\t\t\t\t\t<div class=\"elementor-container elementor-column-gap-default\">\n\t\t\t\t\t<div class=\"elementor-column elementor-col-100 elementor-top-column elementor-element elementor-element-376cdc34\" data-id=\"376cdc34\" data-element_type=\"column\">\n\t\t\t<div class=\"elementor-widget-wrap elementor-element-populated\">\n\t\t\t\t\t\t<div class=\"elementor-element elementor-element-15b4ef6b elementor-widget elementor-widget-text-editor\" data-id=\"15b4ef6b\" data-element_type=\"widget\" data-widget_type=\"text-editor.default\">\n\t\t\t\t<div class=\"elementor-widget-container\">\n\t\t\t\t\t\t\t<!-- wp:paragraph -->\n<p>Imag&rsquo;in vous propose la <strong>location de son studio<\/strong> photo enti\u00e8rement \u00e9quip\u00e9. Un studio de prises de vues vous permettant de r\u00e9aliser des photos de portrait, lingerie ou animaux.<\/p>\n<!-- \/wp:paragraph -->\n\n<!-- wp:paragraph -->\n<p>Situ\u00e9 au 1er \u00e9tage de notre entreprise, vous ne serez pas d\u00e9rang\u00e9. Cette salle d&rsquo;une superficie de 50 m\u00e8tres carr\u00e9s avec une surface utile de 40 m\u00e8tres carr\u00e9s est id\u00e9ale pour les photos en studio de personnes, enfants et petits objets.<\/p>\n<!-- \/wp:paragraph -->\n\n<!-- wp:paragraph -->\n<p>Nous proposons ce studio \u00e0 la location exclusivement durant nos horaires d&rsquo;ouverture. Vous pouvez donc obtenir des informations \u00e0 ce sujet en nous contactant par mail ou directement par t\u00e9l\u00e9phone.<\/p>\n<!-- \/wp:paragraph -->\n\n<!-- wp:paragraph -->\n<p>Le studio est \u00e9quip\u00e9 de torches, <strong>parapluies<\/strong> et bo\u00eetes \u00e0 lumi\u00e8re. Un flashm\u00e8tre vous permet d&rsquo;\u00e9quilibrer vos sources. <\/p>\n<!-- \/wp:paragraph -->\n\n<!-- wp:paragraph -->\n<p>Comme toute location, vous aurez besoin de fournir une assurance responsabilit\u00e9 civile dans le cas o\u00f9 vous cassez quelque chose et un ch\u00e8que de caution vous sera demand\u00e9 avant la location de cette pi\u00e8ce.<\/p>\n<!-- \/wp:paragraph -->\n\n<!-- wp:paragraph -->\n<p>Les dur\u00e9es de location varient en fonction de votre demande. De 30 minutes \u00e0 la journ\u00e9e en fonction du type de photos que vous comptez r\u00e9aliser.<\/p>\n<!-- \/wp:paragraph -->\n\n<!-- wp:paragraph -->\n<p>Vous allez donc pouvoir profiter d&rsquo;un site sans avoir \u00e0 investir dans du mat\u00e9riel lourd et on\u00e9reux.<\/p>\n<!-- \/wp:paragraph -->\t\t\t\t\t\t<\/div>\n\t\t\t\t<\/div>\n\t\t\t\t\t<\/div>\n\t\t<\/div>\n\t\t\t\t\t<\/div>\n\t\t<\/section>\n\t\t\t\t<section class=\"elementor-section elementor-top-section elementor-element elementor-element-dd6af40 elementor-section-boxed elementor-section-height-default elementor-section-height-default\" data-id=\"dd6af40\" data-element_type=\"section\">\n\t\t\t\t\t\t<div class=\"elementor-container elementor-column-gap-default\">\n\t\t\t\t\t<div class=\"elementor-column elementor-col-100 elementor-top-column elementor-element elementor-element-67a008d\" data-id=\"67a008d\" data-element_type=\"column\">\n\t\t\t<div class=\"elementor-widget-wrap elementor-element-populated\">\n\t\t\t\t\t\t<div class=\"elementor-element elementor-element-3c38870 elementor-widget-divider--view-line elementor-widget elementor-widget-divider\" data-id=\"3c38870\" data-element_type=\"widget\" data-widget_type=\"divider.default\">\n\t\t\t\t<div class=\"elementor-widget-container\">\n\t\t\t\t\t<div class=\"elementor-divider\">\n\t\t\t<span class=\"elementor-divider-separator\">\n\t\t\t\t\t\t<\/span>\n\t\t<\/div>\n\t\t\t\t<\/div>\n\t\t\t\t<\/div>\n\t\t\t\t\t<\/div>\n\t\t<\/div>\n\t\t\t\t\t<\/div>\n\t\t<\/section>\n\t\t\t\t<section class=\"elementor-section elementor-top-section elementor-element elementor-element-f209155 elementor-section-boxed elementor-section-height-default elementor-section-height-default\" data-id=\"f209155\" data-element_type=\"section\">\n\t\t\t\t\t\t<div class=\"elementor-container elementor-column-gap-default\">\n\t\t\t\t\t<div class=\"elementor-column elementor-col-100 elementor-top-column elementor-element elementor-element-8754d89\" data-id=\"8754d89\" data-element_type=\"column\">\n\t\t\t<div class=\"elementor-widget-wrap elementor-element-populated\">\n\t\t\t\t\t\t<div class=\"elementor-element elementor-element-d10aa54 elementor-flip-box--effect-flip elementor-flip-box--direction-up elementor-widget elementor-widget-flip-box\" data-id=\"d10aa54\" data-element_type=\"widget\" data-widget_type=\"flip-box.default\">\n\t\t\t\t<div class=\"elementor-widget-container\">\n\t\t\t\t\t<div class=\"elementor-flip-box\" tabindex=\"0\">\n\t\t\t<div class=\"elementor-flip-box__layer elementor-flip-box__front\">\n\t\t\t\t<div class=\"elementor-flip-box__layer__overlay\">\n\t\t\t\t\t<div class=\"elementor-flip-box__layer__inner\">\n\t\t\t\t\t\t\t\t\t\t\t\t\t<div class=\"elementor-icon-wrapper elementor-view-default\">\n\t\t\t\t\t\t\t\t<div class=\"elementor-icon\">\n\t\t\t\t\t\t\t\t\t<i class=\"fas fa-star\"><\/i>\t\t\t\t\t\t\t\t<\/div>\n\t\t\t\t\t\t\t<\/div>\n\t\t\t\t\t\t\n\t\t\t\t\t\t\t\t\t\t\t\t\t<h3 class=\"elementor-flip-box__layer__title\">\n\t\t\t\t\t\t\t\tAmusez vous \u00e0 jouer les pros !\t\t\t\t\t\t\t<\/h3>\n\t\t\t\t\t\t\n\t\t\t\t\t\t\t\t\t\t\t\t\t<div class=\"elementor-flip-box__layer__description\">\n\t\t\t\t\t\t\t\tUn vrai studio professionnel pour faire toutes les photos dont vous r\u00eavez !\t\t\t\t\t\t\t<\/div>\n\t\t\t\t\t\t\t\t\t\t\t<\/div>\n\t\t\t\t<\/div>\n\t\t\t<\/div>\n\t\t\t<div class=\"elementor-flip-box__layer elementor-flip-box__back\">\n\t\t\t<div class=\"elementor-flip-box__layer__overlay\">\n\t\t\t\t<div class=\"elementor-flip-box__layer__inner\">\n\t\t\t\t\t\t\t\t\t\t\t<h3 class=\"elementor-flip-box__layer__title\">\n\t\t\t\t\t\t\tPORTRAIT, OBJET, CHARME\t\t\t\t\t\t<\/h3>\n\t\t\t\t\t\n\t\t\t\t\t\t\t\t\t\t\t<div class=\"elementor-flip-box__layer__description\">\n\t\t\t\t\t\t\tEnfin tout est r\u00e9uni pour exprimer votre cr\u00e9ativit\u00e9\t\t\t\t\t\t<\/div>\n\t\t\t\t\t\n\t\t\t\t\t\t\t\t\t\t\t<a class=\"elementor-flip-box__button elementor-button elementor-size-sm\">\n\t\t\t\t\t\t\tAcc\u00e9dez \u00e0 la r\u00e9servation\t\t\t\t\t\t<\/a>\n\t\t\t\t\t\t\t\t<\/div>\n\t\t<\/div>\n\t\t<\/div>\n\t\t<\/div>\n\t\t\t\t<\/div>\n\t\t\t\t<\/div>\n\t\t\t\t\t<\/div>\n\t\t<\/div>\n\t\t\t\t\t<\/div>\n\t\t<\/section>\n\t\t\t\t<section class=\"elementor-section elementor-top-section elementor-element elementor-element-6d68026 elementor-section-boxed elementor-section-height-default elementor-section-height-default\" data-id=\"6d68026\" data-element_type=\"section\">\n\t\t\t\t\t\t<div class=\"elementor-container elementor-column-gap-default\">\n\t\t\t\t\t<div class=\"elementor-column elementor-col-100 elementor-top-column elementor-element elementor-element-81ffb66\" data-id=\"81ffb66\" data-element_type=\"column\">\n\t\t\t<div class=\"elementor-widget-wrap elementor-element-populated\">\n\t\t\t\t\t\t<div class=\"elementor-element elementor-element-3b1003a elementor-widget elementor-widget-price-table\" data-id=\"3b1003a\" data-element_type=\"widget\" data-widget_type=\"price-table.default\">\n\t\t\t\t<div class=\"elementor-widget-container\">\n\t\t\t\n\t\t<div class=\"elementor-price-table\">\n\t\t\t\t\t\t\t<div class=\"elementor-price-table__header\">\n\t\t\t\t\t\t\t\t\t\t\t<h3 class=\"elementor-price-table__heading\">\n\t\t\t\t\t\tTARIF DE LOCATION\t\t\t\t\t\t<\/h3>\n\t\t\t\t\t\n\t\t\t\t\t\t\t\t\t\t\t<span class=\"elementor-price-table__subheading\">\n\t\t\t\t\t\t\tPrix \u00e0 partir de\t\t\t\t\t\t<\/span>\n\t\t\t\t\t\t\t\t\t<\/div>\n\t\t\t\n\t\t\t<div class=\"elementor-price-table__price\">\n\t\t\t\t\t\t\t\t<span class=\"elementor-price-table__currency\">&#128;<\/span>\t\t\t\t\t\t\t\t\t<span class=\"elementor-price-table__integer-part\">\n\t\t\t\t\t\t30\t\t\t\t\t<\/span>\n\t\t\t\t\n\t\t\t\t\n\t\t\t\t\n\t\t\t\t\t\t\t\t\t<span class=\"elementor-price-table__period elementor-typo-excluded\">1 heure<\/span>\t\t\t\t\t\t\t<\/div>\n\n\t\t\t\t\t\t\t<ul class=\"elementor-price-table__features-list\">\n\t\t\t\t\t\t\t\t\t\t\t<li class=\"elementor-repeater-item-76f7279\">\n\t\t\t\t\t\t\t<div class=\"elementor-price-table__feature-inner\">\n\t\t\t\t\t\t\t\t<i aria-hidden=\"true\" class=\"far fa-check-circle\"><\/i>\t\t\t\t\t\t\t\t\t\t\t\t\t\t\t\t\t<span >\n\t\t\t\t\t\t\t\t\t\tEn toute tranquilit\u00e9\t\t\t\t\t\t\t\t\t<\/span>\n\t\t\t\t\t\t\t\t\t\t\t\t\t\t\t\t<\/div>\n\t\t\t\t\t\t<\/li>\n\t\t\t\t\t\t\t\t\t\t\t<li class=\"elementor-repeater-item-09975e8\">\n\t\t\t\t\t\t\t<div class=\"elementor-price-table__feature-inner\">\n\t\t\t\t\t\t\t\t<i aria-hidden=\"true\" class=\"far fa-check-circle\"><\/i>\t\t\t\t\t\t\t\t\t\t\t\t\t\t\t\t\t<span >\n\t\t\t\t\t\t\t\t\t\tFacile d'acc\u00e8s\t\t\t\t\t\t\t\t\t<\/span>\n\t\t\t\t\t\t\t\t\t\t\t\t\t\t\t\t<\/div>\n\t\t\t\t\t\t<\/li>\n\t\t\t\t\t\t\t\t\t\t\t<li class=\"elementor-repeater-item-2dffd6a\">\n\t\t\t\t\t\t\t<div class=\"elementor-price-table__feature-inner\">\n\t\t\t\t\t\t\t\t<i aria-hidden=\"true\" class=\"far fa-check-circle\"><\/i>\t\t\t\t\t\t\t\t\t\t\t\t\t\t\t\t\t<span >\n\t\t\t\t\t\t\t\t\t\tConseils d'un pro\t\t\t\t\t\t\t\t\t<\/span>\n\t\t\t\t\t\t\t\t\t\t\t\t\t\t\t\t<\/div>\n\t\t\t\t\t\t<\/li>\n\t\t\t\t\t\t\t\t\t<\/ul>\n\t\t\t\n\t\t\t\t\t\t\t<div class=\"elementor-price-table__footer\">\n\t\t\t\t\t\t\t\t\t\t\t<a class=\"elementor-price-table__button elementor-button elementor-size-md\" href=\"#\">\n\t\t\t\t\t\t\tCliquez ici\t\t\t\t\t\t<\/a>\n\t\t\t\t\t\n\t\t\t\t\t\t\t\t\t\t\t<div class=\"elementor-price-table__additional_info\">\n\t\t\t\t\t\t\tPour prendrez rendez vous\t\t\t\t\t\t<\/div>\n\t\t\t\t\t\t\t\t\t<\/div>\n\t\t\t\t\t<\/div>\n\n\t\t\t\t\t<div class=\"elementor-price-table__ribbon\">\n\t\t\t\t<div class=\"elementor-price-table__ribbon-inner\">\n\t\t\t\t\tPopular\t\t\t\t<\/div>\n\t\t\t<\/div>\n\t\t\t\t\t<\/div>\n\t\t\t\t<\/div>\n\t\t\t\t\t<\/div>\n\t\t<\/div>\n\t\t\t\t\t<\/div>\n\t\t<\/section>\n\t\t\t\t<section class=\"elementor-section elementor-top-section elementor-element elementor-element-8a27285 elementor-section-boxed elementor-section-height-default elementor-section-height-default\" data-id=\"8a27285\" data-element_type=\"section\">\n\t\t\t\t\t\t<div class=\"elementor-container elementor-column-gap-default\">\n\t\t\t\t\t<div class=\"elementor-column elementor-col-100 elementor-top-column elementor-element elementor-element-7d8c2d5\" data-id=\"7d8c2d5\" data-element_type=\"column\">\n\t\t\t<div class=\"elementor-widget-wrap elementor-element-populated\">\n\t\t\t\t\t\t<div class=\"elementor-element elementor-element-e167e22 elementor-widget elementor-widget-shortcode\" data-id=\"e167e22\" data-element_type=\"widget\" data-widget_type=\"shortcode.default\">\n\t\t\t\t<div class=\"elementor-widget-container\">\n\t\t\t\t\t<div class=\"elementor-shortcode\">\t\t<script type=\"text\/javascript\">\n\t\t jQuery(document).ready(function($) {    \n\t\t   \n\t\t  $('.ptp-plan').matchHeight(false); \n\t\t  $('.ptp-cta').matchHeight(false); \n\t\t  $('.ptp-price').matchHeight(false);\n\t\t  $('.ptp-button').matchHeight(false);\n\t\t  \n\t\t  $('.ptp-bullet-item').each(function( index ){\n\t\t\t  $('.ptp-row-id-'+index).matchHeight(false);\n\t\t\t \n\t\t\t});\n\t\t  \n\t\t   \n\t\t  \n\t\t });\n\t  <\/script>\n\t  \n\t\t<style type=\"text\/css\"> #ptp-277 div.ptp-item-container{border-radius:10px;padding:0;margin-left:0;margin-right:0}#ptp-277 div.ptp-item-container div{margin:0}#ptp-277 div.ptp-plan{border-top-right-radius:10px;border-top-left-radius:10px;font-size:1em;padding:.9375em 1.25em}#ptp-277 div.ptp-price{font-size:1.25em;padding:.9375em 1.25em}#ptp-277 div.ptp-cta{border-bottom-right-radius:10px;border-bottom-left-radius:10px;padding-top:1.25em;padding-bottom:1.25em}#ptp-277 a.ptp-button{border-radius:10px;font-size:1em;color:#fff;background-color:#3498db;border-bottom:#2980b9 4px solid;margin:0}#ptp-277 a.ptp-button:hover{background-color:#2980b9}div#ptp-277 .ptp-highlight a.ptp-button{color:#fff;background-color:#e74c3c;border-bottom:#c0392b 4px solid}div#ptp-277 .ptp-highlight a.ptp-button:hover{background-color:#c0392b}#ptp-277 div.ptp-bullet-item{font-size:.875em;padding:.9375em .5em .9375em .5em}#ptp-277 div.ptp-most-popular{border-radius:10px;font-size:.9em}<\/style><div id=\"ptp-277\" class=\"ptp-pricing-table\" >\n\t\t<div class=\"ptp-col ptp-three-col  ptp-col-id-0\"><div class=\"ptp-not-most-popular\">&nbsp;<\/div><div class=\"ptp-item-container\"><div class=\"ptp-plan\">Location taux horaire<\/div> <div class=\"ptp-price\">30<\/div><div class=\"ptp-bullet-item ptp-row-id-0\">La location comprend le studio et son mat\u00e9riel hors mat\u00e9riel de prises de vues.<\/div><div class=\"ptp-cta\"><a class=\"ptp-button\" id=\"ptp-277-cta-0\" href=\"\">R\u00e9servation<\/a><\/div><\/div><\/div>\n\t\t<div class=\"ptp-col ptp-three-col ptp-highlight ptp-col-id-1\"><div class=\"ptp-most-popular\">Le plus populaire<\/div><div class=\"ptp-item-container\"><div class=\"ptp-plan\">Location demie journ\u00e9e<\/div> <div class=\"ptp-price\">80<\/div><div class=\"ptp-bullet-item ptp-row-id-0\">La location comprend le studio et son mat\u00e9riel hors mat\u00e9riel de prises de vues.<\/div><div class=\"ptp-cta\"><a class=\"ptp-button\" id=\"ptp-277-cta-1\" href=\"\">R\u00e9servation<\/a><\/div><\/div><\/div>\n\t\t<div class=\"ptp-col ptp-three-col  ptp-col-id-2\"><div class=\"ptp-not-most-popular\">&nbsp;<\/div><div class=\"ptp-item-container\"><div class=\"ptp-plan\">Location journ\u00e9e<\/div> <div class=\"ptp-price\">120<\/div><div class=\"ptp-bullet-item ptp-row-id-0\">La location comprend le studio et son mat\u00e9riel hors mat\u00e9riel de prises de vues.<\/div><div class=\"ptp-cta\"><a class=\"ptp-button\" id=\"ptp-277-cta-2\" href=\"\">R\u00e9servation<\/a><\/div><\/div><\/div><\/div><\/div>\n\t\t\t\t<\/div>\n\t\t\t\t<\/div>\n\t\t\t\t\t<\/div>\n\t\t<\/div>\n\t\t\t\t\t<\/div>\n\t\t<\/section>\n\t\t\t\t<\/div>\n\t\t","protected":false},"excerpt":{"rendered":"<p>Imag&rsquo;in vous propose la location de son studio photo enti\u00e8rement \u00e9quip\u00e9. Un studio de prises de vues vous permettant de r\u00e9aliser des photos de portrait, lingerie ou animaux. Situ\u00e9 au 1er \u00e9tage de notre entreprise, vous ne serez pas d\u00e9rang\u00e9. Cette salle d&rsquo;une superficie de 50 m\u00e8tres carr\u00e9s avec une surface utile de 40 m\u00e8tres &hellip; <\/p>\n<p class=\"link-more\"><a href=\"https:\/\/studio-imagin.fr\/accueil\/location-de-studio-photo\/\" class=\"more-link\">Continuer la lecture<span class=\"screen-reader-text\"> de &laquo;&nbsp;Location de studio photo&nbsp;&raquo;<\/span><\/a><\/p>\n","protected":false},"author":1,"featured_media":0,"parent":0,"menu_order":0,"comment_status":"closed","ping_status":"closed","template":"","meta":{"footnotes":""},"class_list":["post-112","page","type-page","status-publish","hentry"],"yoast_head":"<!-- This site is optimized with the Yoast SEO plugin v22.5 - https:\/\/yoast.com\/wordpress\/plugins\/seo\/ -->\n<title>Location de studio photo - Atelier et studio photo imag&#039;in<\/title>\n<meta name=\"robots\" content=\"index, follow, max-snippet:-1, max-image-preview:large, max-video-preview:-1\" \/>\n<link rel=\"canonical\" href=\"https:\/\/studio-imagin.fr\/accueil\/location-de-studio-photo\/\" \/>\n<meta property=\"og:locale\" content=\"fr_FR\" \/>\n<meta property=\"og:type\" content=\"article\" \/>\n<meta property=\"og:title\" content=\"Location de studio photo - Atelier et studio photo imag&#039;in\" \/>\n<meta property=\"og:description\" content=\"Imag&rsquo;in vous propose la location de son studio photo enti\u00e8rement \u00e9quip\u00e9. Un studio de prises de vues vous permettant de r\u00e9aliser des photos de portrait, lingerie ou animaux. Situ\u00e9 au 1er \u00e9tage de notre entreprise, vous ne serez pas d\u00e9rang\u00e9. Cette salle d&rsquo;une superficie de 50 m\u00e8tres carr\u00e9s avec une surface utile de 40 m\u00e8tres &hellip; Continuer la lecture de &laquo;&nbsp;Location de studio photo&nbsp;&raquo;\" \/>\n<meta property=\"og:url\" content=\"https:\/\/studio-imagin.fr\/accueil\/location-de-studio-photo\/\" \/>\n<meta property=\"og:site_name\" content=\"Atelier et studio photo imag&#039;in\" \/>\n<meta property=\"article:modified_time\" content=\"2022-02-25T15:21:57+00:00\" \/>\n<meta name=\"twitter:card\" content=\"summary_large_image\" \/>\n<meta name=\"twitter:label1\" content=\"Dur\u00e9e de lecture estim\u00e9e\" \/>\n\t<meta name=\"twitter:data1\" content=\"2 minutes\" \/>\n<script type=\"application\/ld+json\" class=\"yoast-schema-graph\">{\"@context\":\"https:\/\/schema.org\",\"@graph\":[{\"@type\":\"WebPage\",\"@id\":\"https:\/\/studio-imagin.fr\/accueil\/location-de-studio-photo\/\",\"url\":\"https:\/\/studio-imagin.fr\/accueil\/location-de-studio-photo\/\",\"name\":\"Location de studio photo - Atelier et studio photo imag&#039;in\",\"isPartOf\":{\"@id\":\"https:\/\/studio-imagin.fr\/accueil\/#website\"},\"datePublished\":\"2020-08-16T16:45:27+00:00\",\"dateModified\":\"2022-02-25T15:21:57+00:00\",\"breadcrumb\":{\"@id\":\"https:\/\/studio-imagin.fr\/accueil\/location-de-studio-photo\/#breadcrumb\"},\"inLanguage\":\"fr-FR\",\"potentialAction\":[{\"@type\":\"ReadAction\",\"target\":[\"https:\/\/studio-imagin.fr\/accueil\/location-de-studio-photo\/\"]}]},{\"@type\":\"BreadcrumbList\",\"@id\":\"https:\/\/studio-imagin.fr\/accueil\/location-de-studio-photo\/#breadcrumb\",\"itemListElement\":[{\"@type\":\"ListItem\",\"position\":1,\"name\":\"Accueil\",\"item\":\"https:\/\/studio-imagin.fr\/accueil\/\"},{\"@type\":\"ListItem\",\"position\":2,\"name\":\"Location de studio photo\"}]},{\"@type\":\"WebSite\",\"@id\":\"https:\/\/studio-imagin.fr\/accueil\/#website\",\"url\":\"https:\/\/studio-imagin.fr\/accueil\/\",\"name\":\"Atelier et studio photo imag&#039;in\",\"description\":\"Bonjour et Bienvenue sur le site de Imag&#039;in \u00e0 Cuinchy - Photographe Blat Pascal\",\"potentialAction\":[{\"@type\":\"SearchAction\",\"target\":{\"@type\":\"EntryPoint\",\"urlTemplate\":\"https:\/\/studio-imagin.fr\/accueil\/?s={search_term_string}\"},\"query-input\":\"required name=search_term_string\"}],\"inLanguage\":\"fr-FR\"}]}<\/script>\n<!-- \/ Yoast SEO plugin. -->","yoast_head_json":{"title":"Location de studio photo - Atelier et studio photo imag&#039;in","robots":{"index":"index","follow":"follow","max-snippet":"max-snippet:-1","max-image-preview":"max-image-preview:large","max-video-preview":"max-video-preview:-1"},"canonical":"https:\/\/studio-imagin.fr\/accueil\/location-de-studio-photo\/","og_locale":"fr_FR","og_type":"article","og_title":"Location de studio photo - Atelier et studio photo imag&#039;in","og_description":"Imag&rsquo;in vous propose la location de son studio photo enti\u00e8rement \u00e9quip\u00e9. Un studio de prises de vues vous permettant de r\u00e9aliser des photos de portrait, lingerie ou animaux. Situ\u00e9 au 1er \u00e9tage de notre entreprise, vous ne serez pas d\u00e9rang\u00e9. Cette salle d&rsquo;une superficie de 50 m\u00e8tres carr\u00e9s avec une surface utile de 40 m\u00e8tres &hellip; Continuer la lecture de &laquo;&nbsp;Location de studio photo&nbsp;&raquo;","og_url":"https:\/\/studio-imagin.fr\/accueil\/location-de-studio-photo\/","og_site_name":"Atelier et studio photo imag&#039;in","article_modified_time":"2022-02-25T15:21:57+00:00","twitter_card":"summary_large_image","twitter_misc":{"Dur\u00e9e de lecture estim\u00e9e":"2 minutes"},"schema":{"@context":"https:\/\/schema.org","@graph":[{"@type":"WebPage","@id":"https:\/\/studio-imagin.fr\/accueil\/location-de-studio-photo\/","url":"https:\/\/studio-imagin.fr\/accueil\/location-de-studio-photo\/","name":"Location de studio photo - Atelier et studio photo imag&#039;in","isPartOf":{"@id":"https:\/\/studio-imagin.fr\/accueil\/#website"},"datePublished":"2020-08-16T16:45:27+00:00","dateModified":"2022-02-25T15:21:57+00:00","breadcrumb":{"@id":"https:\/\/studio-imagin.fr\/accueil\/location-de-studio-photo\/#breadcrumb"},"inLanguage":"fr-FR","potentialAction":[{"@type":"ReadAction","target":["https:\/\/studio-imagin.fr\/accueil\/location-de-studio-photo\/"]}]},{"@type":"BreadcrumbList","@id":"https:\/\/studio-imagin.fr\/accueil\/location-de-studio-photo\/#breadcrumb","itemListElement":[{"@type":"ListItem","position":1,"name":"Accueil","item":"https:\/\/studio-imagin.fr\/accueil\/"},{"@type":"ListItem","position":2,"name":"Location de studio photo"}]},{"@type":"WebSite","@id":"https:\/\/studio-imagin.fr\/accueil\/#website","url":"https:\/\/studio-imagin.fr\/accueil\/","name":"Atelier et studio photo imag&#039;in","description":"Bonjour et Bienvenue sur le site de Imag&#039;in \u00e0 Cuinchy - Photographe Blat Pascal","potentialAction":[{"@type":"SearchAction","target":{"@type":"EntryPoint","urlTemplate":"https:\/\/studio-imagin.fr\/accueil\/?s={search_term_string}"},"query-input":"required name=search_term_string"}],"inLanguage":"fr-FR"}]}},"_links":{"self":[{"href":"https:\/\/studio-imagin.fr\/accueil\/wp-json\/wp\/v2\/pages\/112","targetHints":{"allow":["GET"]}}],"collection":[{"href":"https:\/\/studio-imagin.fr\/accueil\/wp-json\/wp\/v2\/pages"}],"about":[{"href":"https:\/\/studio-imagin.fr\/accueil\/wp-json\/wp\/v2\/types\/page"}],"author":[{"embeddable":true,"href":"https:\/\/studio-imagin.fr\/accueil\/wp-json\/wp\/v2\/users\/1"}],"replies":[{"embeddable":true,"href":"https:\/\/studio-imagin.fr\/accueil\/wp-json\/wp\/v2\/comments?post=112"}],"version-history":[{"count":12,"href":"https:\/\/studio-imagin.fr\/accueil\/wp-json\/wp\/v2\/pages\/112\/revisions"}],"predecessor-version":[{"id":461,"href":"https:\/\/studio-imagin.fr\/accueil\/wp-json\/wp\/v2\/pages\/112\/revisions\/461"}],"wp:attachment":[{"href":"https:\/\/studio-imagin.fr\/accueil\/wp-json\/wp\/v2\/media?parent=112"}],"curies":[{"name":"wp","href":"https:\/\/api.w.org\/{rel}","templated":true}]}}