{"id":115,"date":"2020-08-16T18:46:22","date_gmt":"2020-08-16T16:46:22","guid":{"rendered":"https:\/\/studio-imagin.fr\/accueil\/?page_id=115"},"modified":"2022-02-25T16:04:02","modified_gmt":"2022-02-25T15:04:02","slug":"reportage-photo","status":"publish","type":"page","link":"https:\/\/studio-imagin.fr\/accueil\/reportage-photo\/","title":{"rendered":"Reportage photo"},"content":{"rendered":"\t\t<div data-elementor-type=\"wp-page\" data-elementor-id=\"115\" class=\"elementor elementor-115\" data-elementor-post-type=\"page\">\n\t\t\t\t\t\t<section class=\"elementor-section elementor-top-section elementor-element elementor-element-6debe66 elementor-section-boxed elementor-section-height-default elementor-section-height-default\" data-id=\"6debe66\" data-element_type=\"section\">\n\t\t\t\t\t\t<div class=\"elementor-container elementor-column-gap-default\">\n\t\t\t\t\t<div class=\"elementor-column elementor-col-100 elementor-top-column elementor-element elementor-element-92d556d\" data-id=\"92d556d\" data-element_type=\"column\">\n\t\t\t<div class=\"elementor-widget-wrap elementor-element-populated\">\n\t\t\t\t\t\t<div class=\"elementor-element elementor-element-415f937 elementor-position-top elementor-invisible elementor-widget elementor-widget-image-box\" data-id=\"415f937\" data-element_type=\"widget\" data-settings=\"{&quot;_animation&quot;:&quot;zoomIn&quot;}\" data-widget_type=\"image-box.default\">\n\t\t\t\t<div class=\"elementor-widget-container\">\n\t\t\t<div class=\"elementor-image-box-wrapper\"><figure class=\"elementor-image-box-img\"><img fetchpriority=\"high\" decoding=\"async\" width=\"922\" height=\"300\" src=\"https:\/\/studio-imagin.fr\/wp-content\/uploads\/2022\/02\/BLA_0941.jpg\" class=\"attachment-full size-full wp-image-455\" alt=\"\" srcset=\"https:\/\/studio-imagin.fr\/wp-content\/uploads\/2022\/02\/BLA_0941.jpg 922w, https:\/\/studio-imagin.fr\/wp-content\/uploads\/2022\/02\/BLA_0941-300x98.jpg 300w, https:\/\/studio-imagin.fr\/wp-content\/uploads\/2022\/02\/BLA_0941-768x250.jpg 768w, https:\/\/studio-imagin.fr\/wp-content\/uploads\/2022\/02\/BLA_0941-500x163.jpg 500w, https:\/\/studio-imagin.fr\/wp-content\/uploads\/2022\/02\/BLA_0941-800x260.jpg 800w, https:\/\/studio-imagin.fr\/wp-content\/uploads\/2022\/02\/BLA_0941-350x114.jpg 350w\" sizes=\"(max-width: 767px) 89vw, (max-width: 1000px) 54vw, (max-width: 1071px) 543px, 580px\" \/><\/figure><div class=\"elementor-image-box-content\"><h3 class=\"elementor-image-box-title\">Architecture et centre ville<\/h3><p class=\"elementor-image-box-description\">Une analyse particuli\u00e8re pour mettre en avant vos fa\u00e7ades et batiments<\/p><\/div><\/div>\t\t<\/div>\n\t\t\t\t<\/div>\n\t\t\t\t\t<\/div>\n\t\t<\/div>\n\t\t\t\t\t<\/div>\n\t\t<\/section>\n\t\t\t\t<section class=\"elementor-section elementor-top-section elementor-element elementor-element-63921aec elementor-section-boxed elementor-section-height-default elementor-section-height-default\" data-id=\"63921aec\" data-element_type=\"section\">\n\t\t\t\t\t\t<div class=\"elementor-container elementor-column-gap-default\">\n\t\t\t\t\t<div class=\"elementor-column elementor-col-100 elementor-top-column elementor-element elementor-element-3749b746\" data-id=\"3749b746\" data-element_type=\"column\">\n\t\t\t<div class=\"elementor-widget-wrap elementor-element-populated\">\n\t\t\t\t\t\t<div class=\"elementor-element elementor-element-9efd2da elementor-widget elementor-widget-text-editor\" data-id=\"9efd2da\" data-element_type=\"widget\" data-widget_type=\"text-editor.default\">\n\t\t\t\t<div class=\"elementor-widget-container\">\n\t\t\t\t\t\t\t<!-- wp:paragraph -->\n<p>Imag&rsquo;in, c&rsquo;est \u00e0 la base un studio de prises de vues. Depuis 1993, en tant que photographe professionnel, j&rsquo;ai pu r\u00e9aliser des reportages dans presque tous les domaines.<\/p>\n<!-- \/wp:paragraph -->\n\n<!-- wp:paragraph -->\n<p>La<strong> photographie <\/strong>a fortement \u00e9volu\u00e9 ces derni\u00e8res ann\u00e9es mais la mission d&rsquo;un photographe est toujours obligatoire dans un grand nombre de domaines. L&rsquo;oeil du photographe n&rsquo;est pas rempla\u00e7able, c&rsquo;est comme la voix pour un chanteur.<\/p>\n<!-- \/wp:paragraph -->\n\n<!-- wp:paragraph -->\n<p>Je me tiens \u00e0 votre disposition pour les reportages suivants :<\/p>\n<!-- \/wp:paragraph -->\n\n<!-- wp:list -->\n<ul><li>reportage industriel<\/li><li>reportage \u00e9v\u00e9nementiel<\/li><li>reportage mariage exclusivement en photo cr\u00e9ative<\/li><li>reportage pour des \u00e9v\u00e9nements priv\u00e9s<\/li><\/ul>\n<!-- \/wp:list -->\n\n<!-- wp:paragraph -->\n<p>Je ne r\u00e9alise pas de reportages en maternit\u00e9 ou pour des anniversaires de famille.<\/p>\n<!-- \/wp:paragraph -->\n\n<!-- wp:paragraph -->\n<p>Le tarif de base pour un reportage en entreprise, hors d\u00e9placement, commence \u00e0 :<\/p>\n<!-- \/wp:paragraph -->\n\n<!-- wp:list -->\n<ul><li>290 euros HT la demie journ\u00e9e<\/li><li>490 euros HT la journ\u00e9e<\/li><\/ul>\n<!-- \/wp:list -->\n\n<!-- wp:paragraph -->\n<p>Le d\u00e9tail de la prestation est communiqu\u00e9 sur demande du client. Cependant, afin d&rsquo;obtenir une id\u00e9e sur le type de photos qui peuvent \u00eatre r\u00e9alis\u00e9es, voici quelques exemples<\/p>\n<!-- \/wp:paragraph -->\n\n<!-- wp:list -->\n<ul><li>photos de b\u00e2timents, int\u00e9rieur ou ext\u00e9rieur<\/li><li>shooting produits<\/li><li>r\u00e9ception<\/li><li>pr\u00e9sentation d&rsquo;un produit<\/li><li>remise de prix<\/li><li>discours officiel<\/li><li>inauguration<\/li><\/ul>\n<!-- \/wp:list -->\t\t\t\t\t\t<\/div>\n\t\t\t\t<\/div>\n\t\t\t\t\t<\/div>\n\t\t<\/div>\n\t\t\t\t\t<\/div>\n\t\t<\/section>\n\t\t\t\t<\/div>\n\t\t","protected":false},"excerpt":{"rendered":"<p>Architecture et centre ville Une analyse particuli\u00e8re pour mettre en avant vos fa\u00e7ades et batiments Imag&rsquo;in, c&rsquo;est \u00e0 la base un studio de prises de vues. Depuis 1993, en tant que photographe professionnel, j&rsquo;ai pu r\u00e9aliser des reportages dans presque tous les domaines. La photographie a fortement \u00e9volu\u00e9 ces derni\u00e8res ann\u00e9es mais la mission d&rsquo;un &hellip; <\/p>\n<p class=\"link-more\"><a href=\"https:\/\/studio-imagin.fr\/accueil\/reportage-photo\/\" class=\"more-link\">Continuer la lecture<span class=\"screen-reader-text\"> de &laquo;&nbsp;Reportage photo&nbsp;&raquo;<\/span><\/a><\/p>\n","protected":false},"author":1,"featured_media":0,"parent":0,"menu_order":0,"comment_status":"closed","ping_status":"closed","template":"","meta":{"footnotes":""},"class_list":["post-115","page","type-page","status-publish","hentry"],"yoast_head":"<!-- This site is optimized with the Yoast SEO plugin v22.5 - https:\/\/yoast.com\/wordpress\/plugins\/seo\/ -->\n<title>Imag&#039;in Cuinchy r\u00e9alise des reportages photos pour l&#039;entreprise<\/title>\n<meta name=\"description\" content=\"Vous avez besoin d&#039;un photographe pour r\u00e9aliser un reportage photo de qualit\u00e9, je me tiens \u00e0 votre disposition\" \/>\n<meta name=\"robots\" content=\"index, follow, max-snippet:-1, max-image-preview:large, max-video-preview:-1\" \/>\n<link rel=\"canonical\" href=\"https:\/\/studio-imagin.fr\/accueil\/reportage-photo\/\" \/>\n<meta property=\"og:locale\" content=\"fr_FR\" \/>\n<meta property=\"og:type\" content=\"article\" \/>\n<meta property=\"og:title\" content=\"Imag&#039;in Cuinchy r\u00e9alise des reportages photos pour l&#039;entreprise\" \/>\n<meta property=\"og:description\" content=\"Vous avez besoin d&#039;un photographe pour r\u00e9aliser un reportage photo de qualit\u00e9, je me tiens \u00e0 votre disposition\" \/>\n<meta property=\"og:url\" content=\"https:\/\/studio-imagin.fr\/accueil\/reportage-photo\/\" \/>\n<meta property=\"og:site_name\" content=\"Atelier et studio photo imag&#039;in\" \/>\n<meta property=\"article:modified_time\" content=\"2022-02-25T15:04:02+00:00\" \/>\n<meta property=\"og:image\" content=\"https:\/\/studio-imagin.fr\/wp-content\/uploads\/2022\/02\/BLA_0941.jpg\" \/>\n<meta name=\"twitter:card\" content=\"summary_large_image\" \/>\n<meta name=\"twitter:label1\" content=\"Dur\u00e9e de lecture estim\u00e9e\" \/>\n\t<meta name=\"twitter:data1\" content=\"2 minutes\" \/>\n<script type=\"application\/ld+json\" class=\"yoast-schema-graph\">{\"@context\":\"https:\/\/schema.org\",\"@graph\":[{\"@type\":\"WebPage\",\"@id\":\"https:\/\/studio-imagin.fr\/accueil\/reportage-photo\/\",\"url\":\"https:\/\/studio-imagin.fr\/accueil\/reportage-photo\/\",\"name\":\"Imag'in Cuinchy r\u00e9alise des reportages photos pour l'entreprise\",\"isPartOf\":{\"@id\":\"https:\/\/studio-imagin.fr\/accueil\/#website\"},\"primaryImageOfPage\":{\"@id\":\"https:\/\/studio-imagin.fr\/accueil\/reportage-photo\/#primaryimage\"},\"image\":{\"@id\":\"https:\/\/studio-imagin.fr\/accueil\/reportage-photo\/#primaryimage\"},\"thumbnailUrl\":\"https:\/\/studio-imagin.fr\/wp-content\/uploads\/2022\/02\/BLA_0941.jpg\",\"datePublished\":\"2020-08-16T16:46:22+00:00\",\"dateModified\":\"2022-02-25T15:04:02+00:00\",\"description\":\"Vous avez besoin d'un photographe pour r\u00e9aliser un reportage photo de qualit\u00e9, je me tiens \u00e0 votre disposition\",\"breadcrumb\":{\"@id\":\"https:\/\/studio-imagin.fr\/accueil\/reportage-photo\/#breadcrumb\"},\"inLanguage\":\"fr-FR\",\"potentialAction\":[{\"@type\":\"ReadAction\",\"target\":[\"https:\/\/studio-imagin.fr\/accueil\/reportage-photo\/\"]}]},{\"@type\":\"ImageObject\",\"inLanguage\":\"fr-FR\",\"@id\":\"https:\/\/studio-imagin.fr\/accueil\/reportage-photo\/#primaryimage\",\"url\":\"https:\/\/studio-imagin.fr\/wp-content\/uploads\/2022\/02\/BLA_0941.jpg\",\"contentUrl\":\"https:\/\/studio-imagin.fr\/wp-content\/uploads\/2022\/02\/BLA_0941.jpg\"},{\"@type\":\"BreadcrumbList\",\"@id\":\"https:\/\/studio-imagin.fr\/accueil\/reportage-photo\/#breadcrumb\",\"itemListElement\":[{\"@type\":\"ListItem\",\"position\":1,\"name\":\"Accueil\",\"item\":\"https:\/\/studio-imagin.fr\/accueil\/\"},{\"@type\":\"ListItem\",\"position\":2,\"name\":\"Reportage photo\"}]},{\"@type\":\"WebSite\",\"@id\":\"https:\/\/studio-imagin.fr\/accueil\/#website\",\"url\":\"https:\/\/studio-imagin.fr\/accueil\/\",\"name\":\"Atelier et studio photo imag&#039;in\",\"description\":\"Bonjour et Bienvenue sur le site de Imag&#039;in \u00e0 Cuinchy - Photographe Blat Pascal\",\"potentialAction\":[{\"@type\":\"SearchAction\",\"target\":{\"@type\":\"EntryPoint\",\"urlTemplate\":\"https:\/\/studio-imagin.fr\/accueil\/?s={search_term_string}\"},\"query-input\":\"required name=search_term_string\"}],\"inLanguage\":\"fr-FR\"}]}<\/script>\n<!-- \/ Yoast SEO plugin. -->","yoast_head_json":{"title":"Imag'in Cuinchy r\u00e9alise des reportages photos pour l'entreprise","description":"Vous avez besoin d'un photographe pour r\u00e9aliser un reportage photo de qualit\u00e9, je me tiens \u00e0 votre disposition","robots":{"index":"index","follow":"follow","max-snippet":"max-snippet:-1","max-image-preview":"max-image-preview:large","max-video-preview":"max-video-preview:-1"},"canonical":"https:\/\/studio-imagin.fr\/accueil\/reportage-photo\/","og_locale":"fr_FR","og_type":"article","og_title":"Imag'in Cuinchy r\u00e9alise des reportages photos pour l'entreprise","og_description":"Vous avez besoin d'un photographe pour r\u00e9aliser un reportage photo de qualit\u00e9, je me tiens \u00e0 votre disposition","og_url":"https:\/\/studio-imagin.fr\/accueil\/reportage-photo\/","og_site_name":"Atelier et studio photo imag&#039;in","article_modified_time":"2022-02-25T15:04:02+00:00","og_image":[{"url":"https:\/\/studio-imagin.fr\/wp-content\/uploads\/2022\/02\/BLA_0941.jpg"}],"twitter_card":"summary_large_image","twitter_misc":{"Dur\u00e9e de lecture estim\u00e9e":"2 minutes"},"schema":{"@context":"https:\/\/schema.org","@graph":[{"@type":"WebPage","@id":"https:\/\/studio-imagin.fr\/accueil\/reportage-photo\/","url":"https:\/\/studio-imagin.fr\/accueil\/reportage-photo\/","name":"Imag'in Cuinchy r\u00e9alise des reportages photos pour l'entreprise","isPartOf":{"@id":"https:\/\/studio-imagin.fr\/accueil\/#website"},"primaryImageOfPage":{"@id":"https:\/\/studio-imagin.fr\/accueil\/reportage-photo\/#primaryimage"},"image":{"@id":"https:\/\/studio-imagin.fr\/accueil\/reportage-photo\/#primaryimage"},"thumbnailUrl":"https:\/\/studio-imagin.fr\/wp-content\/uploads\/2022\/02\/BLA_0941.jpg","datePublished":"2020-08-16T16:46:22+00:00","dateModified":"2022-02-25T15:04:02+00:00","description":"Vous avez besoin d'un photographe pour r\u00e9aliser un reportage photo de qualit\u00e9, je me tiens \u00e0 votre disposition","breadcrumb":{"@id":"https:\/\/studio-imagin.fr\/accueil\/reportage-photo\/#breadcrumb"},"inLanguage":"fr-FR","potentialAction":[{"@type":"ReadAction","target":["https:\/\/studio-imagin.fr\/accueil\/reportage-photo\/"]}]},{"@type":"ImageObject","inLanguage":"fr-FR","@id":"https:\/\/studio-imagin.fr\/accueil\/reportage-photo\/#primaryimage","url":"https:\/\/studio-imagin.fr\/wp-content\/uploads\/2022\/02\/BLA_0941.jpg","contentUrl":"https:\/\/studio-imagin.fr\/wp-content\/uploads\/2022\/02\/BLA_0941.jpg"},{"@type":"BreadcrumbList","@id":"https:\/\/studio-imagin.fr\/accueil\/reportage-photo\/#breadcrumb","itemListElement":[{"@type":"ListItem","position":1,"name":"Accueil","item":"https:\/\/studio-imagin.fr\/accueil\/"},{"@type":"ListItem","position":2,"name":"Reportage photo"}]},{"@type":"WebSite","@id":"https:\/\/studio-imagin.fr\/accueil\/#website","url":"https:\/\/studio-imagin.fr\/accueil\/","name":"Atelier et studio photo imag&#039;in","description":"Bonjour et Bienvenue sur le site de Imag&#039;in \u00e0 Cuinchy - Photographe Blat Pascal","potentialAction":[{"@type":"SearchAction","target":{"@type":"EntryPoint","urlTemplate":"https:\/\/studio-imagin.fr\/accueil\/?s={search_term_string}"},"query-input":"required name=search_term_string"}],"inLanguage":"fr-FR"}]}},"_links":{"self":[{"href":"https:\/\/studio-imagin.fr\/accueil\/wp-json\/wp\/v2\/pages\/115","targetHints":{"allow":["GET"]}}],"collection":[{"href":"https:\/\/studio-imagin.fr\/accueil\/wp-json\/wp\/v2\/pages"}],"about":[{"href":"https:\/\/studio-imagin.fr\/accueil\/wp-json\/wp\/v2\/types\/page"}],"author":[{"embeddable":true,"href":"https:\/\/studio-imagin.fr\/accueil\/wp-json\/wp\/v2\/users\/1"}],"replies":[{"embeddable":true,"href":"https:\/\/studio-imagin.fr\/accueil\/wp-json\/wp\/v2\/comments?post=115"}],"version-history":[{"count":5,"href":"https:\/\/studio-imagin.fr\/accueil\/wp-json\/wp\/v2\/pages\/115\/revisions"}],"predecessor-version":[{"id":457,"href":"https:\/\/studio-imagin.fr\/accueil\/wp-json\/wp\/v2\/pages\/115\/revisions\/457"}],"wp:attachment":[{"href":"https:\/\/studio-imagin.fr\/accueil\/wp-json\/wp\/v2\/media?parent=115"}],"curies":[{"name":"wp","href":"https:\/\/api.w.org\/{rel}","templated":true}]}}