{"id":118,"date":"2020-08-16T18:50:18","date_gmt":"2020-08-16T16:50:18","guid":{"rendered":"https:\/\/studio-imagin.fr\/accueil\/?page_id=118"},"modified":"2020-08-19T09:48:39","modified_gmt":"2020-08-19T07:48:39","slug":"cadeau-tout-pret","status":"publish","type":"page","link":"https:\/\/studio-imagin.fr\/accueil\/cadeau-tout-pret\/","title":{"rendered":"Cadeau tout pr\u00eat"},"content":{"rendered":"\t\t<div data-elementor-type=\"wp-page\" data-elementor-id=\"118\" class=\"elementor elementor-118\" data-elementor-post-type=\"page\">\n\t\t\t\t\t\t<section class=\"elementor-section elementor-top-section elementor-element elementor-element-e81ac64 elementor-section-boxed elementor-section-height-default elementor-section-height-default\" data-id=\"e81ac64\" data-element_type=\"section\">\n\t\t\t\t\t\t<div class=\"elementor-container elementor-column-gap-default\">\n\t\t\t\t\t<div class=\"elementor-column elementor-col-100 elementor-top-column elementor-element elementor-element-229e80cf\" data-id=\"229e80cf\" data-element_type=\"column\">\n\t\t\t<div class=\"elementor-widget-wrap elementor-element-populated\">\n\t\t\t\t\t\t<div class=\"elementor-element elementor-element-37f646b4 elementor-widget elementor-widget-text-editor\" data-id=\"37f646b4\" data-element_type=\"widget\" data-widget_type=\"text-editor.default\">\n\t\t\t\t<div class=\"elementor-widget-container\">\n\t\t\t\t\t\t\t<!-- wp:paragraph -->\n<p>Aujourd&rsquo;hui, le mode de consommation a \u00e9norm\u00e9ment \u00e9volu\u00e9. Vous avez toujours les magasins physiques comme notre enseigne Imag&rsquo;in mais de plus en plus, le grand public comme le professionnel se tourne vers internet.<\/p>\n<!-- \/wp:paragraph --><!-- wp:paragraph -->\n<p>Plus facile, plus rapide, il permet en quelques clics de choisir le cadeau de son choix et de l&rsquo;obtenir \u00e0 domicile ou en point relais en quelques jours.<\/p>\n<!-- \/wp:paragraph --><!-- wp:paragraph -->\n<p>Cependant, le magasin n&rsquo;a pas dit son dernier mot et lorsque vous recherchez un <strong>cadeau tout pr\u00eat<\/strong> de derni\u00e8re minute, il devient tr\u00e8s pratique de pouvoir compter sur le petit commerce du coin ou la franchise install\u00e9e en grande surface.<\/p>\n<!-- \/wp:paragraph --><!-- wp:paragraph -->\n<p>En plus de nos <a href=\"https:\/\/studio-imagin.fr\/accueil\/cadeau-personnalise\/\"><strong>cadeaux personnalis\u00e9s<\/strong><\/a>, et parce que la demande s&rsquo;en faisait sentir, nous avons d\u00e9cid\u00e9 d&rsquo;int\u00e9grer \u00e0 notre structure de petits objets faciles \u00e0 emporter qui en font des cadeaux pas chers et bien pratiques.<\/p>\n<!-- \/wp:paragraph --><!-- wp:paragraph -->\n<p>Le but n&rsquo;\u00e9tait pas de vous proposer des objets que vous trouvez dans n&rsquo;importe quelle foirfouille ou magasin action du coin. Une s\u00e9lection a \u00e9t\u00e9 faite afin de proposer de petits objets et cadeaux vraiment diff\u00e9rents et qui peuvent s\u00e9duire le plus grand nombre d&rsquo;entre vous.<\/p>\n<!-- \/wp:paragraph --><!-- wp:paragraph -->\n<p>Nous avons \u00e9galement d\u00e9velopper des articles d\u00e9j\u00e0 imprim\u00e9s pour lesquels il ne vous reste qu&rsquo;\u00e0 partir avec. Ce sera le cas avec nos mugs par exemple.<\/p>\n<!-- \/wp:paragraph --><!-- wp:paragraph -->\n<p>\u00a0<\/p>\n<!-- \/wp:paragraph --><!-- wp:paragraph -->\n<p>Enfin, et parce que tout le monde ne sait pas forc\u00e9ment utiliser l&rsquo;outil num\u00e9rique, nous sortons chaque mois des objets d\u00e9j\u00e0 imprim\u00e9s sur lesquels vous pouvez tout simplement ajouter votre pr\u00e9nom ou encore une photo. Dans ce cas, l&rsquo;objet est r\u00e9alis\u00e9 dans la journ\u00e9e et vous le r\u00e9cup\u00e9rez le lendemain de votre commande.<\/p>\n<!-- \/wp:paragraph --><!-- wp:paragraph -->\n<p>Avec des centaines de r\u00e9f\u00e9rences disponibles, Imag&rsquo;in a tout d&rsquo;un petit magasin mais dispose d&rsquo;un choix d&rsquo;articles consid\u00e9rable.<\/p>\n<!-- \/wp:paragraph --><!-- wp:paragraph -->\n<p>Vous pouvez retrouver la grande partie de nos cadeaux sur notre site laboutiquekdo avec des <a href=\"https:\/\/laboutiquekdo.com\/240-cadeau-original\" target=\"_blank\" rel=\"noreferrer noopener\">objets tr\u00e8s originaux<\/a> ce qui vous permettra de faire votre choix, de commander et de venir retirer votre colis en magasin. Vous choisissez un retrait en magasin afin de ne pas r\u00e9gler de frais d&rsquo;exp\u00e9dition.<\/p>\n<!-- \/wp:paragraph -->\t\t\t\t\t\t<\/div>\n\t\t\t\t<\/div>\n\t\t\t\t\t<\/div>\n\t\t<\/div>\n\t\t\t\t\t<\/div>\n\t\t<\/section>\n\t\t\t\t<section class=\"elementor-section elementor-top-section elementor-element elementor-element-3c7d704 elementor-section-boxed elementor-section-height-default elementor-section-height-default\" data-id=\"3c7d704\" data-element_type=\"section\">\n\t\t\t\t\t\t<div class=\"elementor-container elementor-column-gap-default\">\n\t\t\t\t\t<div class=\"elementor-column elementor-col-100 elementor-top-column elementor-element elementor-element-0aa141e\" data-id=\"0aa141e\" data-element_type=\"column\">\n\t\t\t<div class=\"elementor-widget-wrap elementor-element-populated\">\n\t\t\t\t\t\t<div class=\"elementor-element elementor-element-a3b2a72 elementor-invisible elementor-widget elementor-widget-gallery\" data-id=\"a3b2a72\" data-element_type=\"widget\" data-settings=\"{&quot;gallery_layout&quot;:&quot;justified&quot;,&quot;ideal_row_height&quot;:{&quot;unit&quot;:&quot;px&quot;,&quot;size&quot;:202,&quot;sizes&quot;:[]},&quot;gap&quot;:{&quot;unit&quot;:&quot;px&quot;,&quot;size&quot;:15,&quot;sizes&quot;:[]},&quot;_animation&quot;:&quot;zoomIn&quot;,&quot;lazyload&quot;:&quot;yes&quot;,&quot;ideal_row_height_tablet&quot;:{&quot;unit&quot;:&quot;px&quot;,&quot;size&quot;:150,&quot;sizes&quot;:[]},&quot;ideal_row_height_mobile&quot;:{&quot;unit&quot;:&quot;px&quot;,&quot;size&quot;:150,&quot;sizes&quot;:[]},&quot;gap_tablet&quot;:{&quot;unit&quot;:&quot;px&quot;,&quot;size&quot;:10,&quot;sizes&quot;:[]},&quot;gap_mobile&quot;:{&quot;unit&quot;:&quot;px&quot;,&quot;size&quot;:10,&quot;sizes&quot;:[]},&quot;link_to&quot;:&quot;file&quot;,&quot;overlay_background&quot;:&quot;yes&quot;,&quot;content_hover_animation&quot;:&quot;fade-in&quot;}\" data-widget_type=\"gallery.default\">\n\t\t\t\t<div class=\"elementor-widget-container\">\n\t\t\t\t\t<div class=\"elementor-gallery__container\">\n\t\t\t\t\t\t\t<a class=\"e-gallery-item elementor-gallery-item elementor-animated-content\" href=\"https:\/\/studio-imagin.fr\/wp-content\/uploads\/2020\/08\/6.jpg\" data-elementor-open-lightbox=\"yes\" data-elementor-lightbox-slideshow=\"a3b2a72\" data-elementor-lightbox-title=\"etui lunettes\" data-elementor-lightbox-description=\"etui pour lunettes color\u00e9\" data-e-action-hash=\"#elementor-action%3Aaction%3Dlightbox%26settings%3DeyJpZCI6MjM0LCJ1cmwiOiJodHRwczpcL1wvc3R1ZGlvLWltYWdpbi5mclwvd3AtY29udGVudFwvdXBsb2Fkc1wvMjAyMFwvMDhcLzYuanBnIiwic2xpZGVzaG93IjoiYTNiMmE3MiJ9\">\n\t\t\t\t\t<div class=\"e-gallery-image elementor-gallery-item__image\" data-thumbnail=\"https:\/\/studio-imagin.fr\/wp-content\/uploads\/2020\/08\/6-300x300.jpg\" data-width=\"300\" data-height=\"300\" aria-label=\"\" role=\"img\" ><\/div>\n\t\t\t\t\t\t\t\t\t\t\t<div class=\"elementor-gallery-item__overlay\"><\/div>\n\t\t\t\t\t\t\t\t\t\t\t\t\t\t<\/a>\n\t\t\t\t\t\t\t<a class=\"e-gallery-item elementor-gallery-item elementor-animated-content\" href=\"https:\/\/studio-imagin.fr\/wp-content\/uploads\/2020\/08\/8.jpg\" data-elementor-open-lightbox=\"yes\" data-elementor-lightbox-slideshow=\"a3b2a72\" data-elementor-lightbox-title=\"gourde bleue\" data-elementor-lightbox-description=\"gourde bleue pour petit gar\u00e7on\" data-e-action-hash=\"#elementor-action%3Aaction%3Dlightbox%26settings%3DeyJpZCI6MjM1LCJ1cmwiOiJodHRwczpcL1wvc3R1ZGlvLWltYWdpbi5mclwvd3AtY29udGVudFwvdXBsb2Fkc1wvMjAyMFwvMDhcLzguanBnIiwic2xpZGVzaG93IjoiYTNiMmE3MiJ9\">\n\t\t\t\t\t<div class=\"e-gallery-image elementor-gallery-item__image\" data-thumbnail=\"https:\/\/studio-imagin.fr\/wp-content\/uploads\/2020\/08\/8-300x300.jpg\" data-width=\"300\" data-height=\"300\" aria-label=\"\" role=\"img\" ><\/div>\n\t\t\t\t\t\t\t\t\t\t\t<div class=\"elementor-gallery-item__overlay\"><\/div>\n\t\t\t\t\t\t\t\t\t\t\t\t\t\t<\/a>\n\t\t\t\t\t\t\t<a class=\"e-gallery-item elementor-gallery-item elementor-animated-content\" href=\"https:\/\/studio-imagin.fr\/wp-content\/uploads\/2020\/08\/11.jpg\" data-elementor-open-lightbox=\"yes\" data-elementor-lightbox-slideshow=\"a3b2a72\" data-elementor-lightbox-title=\"gamelle plastique\" data-elementor-lightbox-description=\"gamelle pour chien en plastique\" data-e-action-hash=\"#elementor-action%3Aaction%3Dlightbox%26settings%3DeyJpZCI6MjM2LCJ1cmwiOiJodHRwczpcL1wvc3R1ZGlvLWltYWdpbi5mclwvd3AtY29udGVudFwvdXBsb2Fkc1wvMjAyMFwvMDhcLzExLmpwZyIsInNsaWRlc2hvdyI6ImEzYjJhNzIifQ%3D%3D\">\n\t\t\t\t\t<div class=\"e-gallery-image elementor-gallery-item__image\" data-thumbnail=\"https:\/\/studio-imagin.fr\/wp-content\/uploads\/2020\/08\/11-300x300.jpg\" data-width=\"300\" data-height=\"300\" aria-label=\"\" role=\"img\" ><\/div>\n\t\t\t\t\t\t\t\t\t\t\t<div class=\"elementor-gallery-item__overlay\"><\/div>\n\t\t\t\t\t\t\t\t\t\t\t\t\t\t<\/a>\n\t\t\t\t\t\t\t<a class=\"e-gallery-item elementor-gallery-item elementor-animated-content\" href=\"https:\/\/studio-imagin.fr\/wp-content\/uploads\/2020\/08\/14.jpg\" data-elementor-open-lightbox=\"yes\" data-elementor-lightbox-slideshow=\"a3b2a72\" data-elementor-lightbox-title=\"portefeuille jeune fille\" data-elementor-lightbox-description=\"portefeuille color\u00e9 en joli cadeau\" data-e-action-hash=\"#elementor-action%3Aaction%3Dlightbox%26settings%3DeyJpZCI6MjM3LCJ1cmwiOiJodHRwczpcL1wvc3R1ZGlvLWltYWdpbi5mclwvd3AtY29udGVudFwvdXBsb2Fkc1wvMjAyMFwvMDhcLzE0LmpwZyIsInNsaWRlc2hvdyI6ImEzYjJhNzIifQ%3D%3D\">\n\t\t\t\t\t<div class=\"e-gallery-image elementor-gallery-item__image\" data-thumbnail=\"https:\/\/studio-imagin.fr\/wp-content\/uploads\/2020\/08\/14-300x300.jpg\" data-width=\"300\" data-height=\"300\" aria-label=\"\" role=\"img\" ><\/div>\n\t\t\t\t\t\t\t\t\t\t\t<div class=\"elementor-gallery-item__overlay\"><\/div>\n\t\t\t\t\t\t\t\t\t\t\t\t\t\t<\/a>\n\t\t\t\t\t\t\t<a class=\"e-gallery-item elementor-gallery-item elementor-animated-content\" href=\"https:\/\/studio-imagin.fr\/wp-content\/uploads\/2020\/08\/18.jpg\" data-elementor-open-lightbox=\"yes\" data-elementor-lightbox-slideshow=\"a3b2a72\" data-elementor-lightbox-title=\"tableau memo\" data-elementor-lightbox-description=\"le tableau memo pour la personnalisation\" data-e-action-hash=\"#elementor-action%3Aaction%3Dlightbox%26settings%3DeyJpZCI6MjM4LCJ1cmwiOiJodHRwczpcL1wvc3R1ZGlvLWltYWdpbi5mclwvd3AtY29udGVudFwvdXBsb2Fkc1wvMjAyMFwvMDhcLzE4LmpwZyIsInNsaWRlc2hvdyI6ImEzYjJhNzIifQ%3D%3D\">\n\t\t\t\t\t<div class=\"e-gallery-image elementor-gallery-item__image\" data-thumbnail=\"https:\/\/studio-imagin.fr\/wp-content\/uploads\/2020\/08\/18-300x300.jpg\" data-width=\"300\" data-height=\"300\" aria-label=\"\" role=\"img\" ><\/div>\n\t\t\t\t\t\t\t\t\t\t\t<div class=\"elementor-gallery-item__overlay\"><\/div>\n\t\t\t\t\t\t\t\t\t\t\t\t\t\t<\/a>\n\t\t\t\t\t\t\t<a class=\"e-gallery-item elementor-gallery-item elementor-animated-content\" href=\"https:\/\/studio-imagin.fr\/wp-content\/uploads\/2020\/08\/21.jpg\" data-elementor-open-lightbox=\"yes\" data-elementor-lightbox-slideshow=\"a3b2a72\" data-elementor-lightbox-title=\"thermo noir et blanc\" data-elementor-lightbox-description=\"thermos en objet photo \u00e0 personnaliser\" data-e-action-hash=\"#elementor-action%3Aaction%3Dlightbox%26settings%3DeyJpZCI6MjM5LCJ1cmwiOiJodHRwczpcL1wvc3R1ZGlvLWltYWdpbi5mclwvd3AtY29udGVudFwvdXBsb2Fkc1wvMjAyMFwvMDhcLzIxLmpwZyIsInNsaWRlc2hvdyI6ImEzYjJhNzIifQ%3D%3D\">\n\t\t\t\t\t<div class=\"e-gallery-image elementor-gallery-item__image\" data-thumbnail=\"https:\/\/studio-imagin.fr\/wp-content\/uploads\/2020\/08\/21-300x300.jpg\" data-width=\"300\" data-height=\"300\" aria-label=\"\" role=\"img\" ><\/div>\n\t\t\t\t\t\t\t\t\t\t\t<div class=\"elementor-gallery-item__overlay\"><\/div>\n\t\t\t\t\t\t\t\t\t\t\t\t\t\t<\/a>\n\t\t\t\t\t\t\t<a class=\"e-gallery-item elementor-gallery-item elementor-animated-content\" href=\"https:\/\/studio-imagin.fr\/wp-content\/uploads\/2020\/08\/24.jpg\" data-elementor-open-lightbox=\"yes\" data-elementor-lightbox-slideshow=\"a3b2a72\" data-elementor-lightbox-title=\"mug en couleur\" data-elementor-lightbox-description=\"un mug sympa en objet personnalis\u00e9\" data-e-action-hash=\"#elementor-action%3Aaction%3Dlightbox%26settings%3DeyJpZCI6MjQwLCJ1cmwiOiJodHRwczpcL1wvc3R1ZGlvLWltYWdpbi5mclwvd3AtY29udGVudFwvdXBsb2Fkc1wvMjAyMFwvMDhcLzI0LmpwZyIsInNsaWRlc2hvdyI6ImEzYjJhNzIifQ%3D%3D\">\n\t\t\t\t\t<div class=\"e-gallery-image elementor-gallery-item__image\" data-thumbnail=\"https:\/\/studio-imagin.fr\/wp-content\/uploads\/2020\/08\/24-300x300.jpg\" data-width=\"300\" data-height=\"300\" aria-label=\"mug sympa et color\u00e9\" role=\"img\" ><\/div>\n\t\t\t\t\t\t\t\t\t\t\t<div class=\"elementor-gallery-item__overlay\"><\/div>\n\t\t\t\t\t\t\t\t\t\t\t\t\t\t<\/a>\n\t\t\t\t\t\t\t<a class=\"e-gallery-item elementor-gallery-item elementor-animated-content\" href=\"https:\/\/studio-imagin.fr\/wp-content\/uploads\/2020\/08\/30.jpg\" data-elementor-open-lightbox=\"yes\" data-elementor-lightbox-slideshow=\"a3b2a72\" data-elementor-lightbox-title=\"mug original\" data-elementor-lightbox-description=\"tasse design et tr\u00e8s originale\" data-e-action-hash=\"#elementor-action%3Aaction%3Dlightbox%26settings%3DeyJpZCI6MjQxLCJ1cmwiOiJodHRwczpcL1wvc3R1ZGlvLWltYWdpbi5mclwvd3AtY29udGVudFwvdXBsb2Fkc1wvMjAyMFwvMDhcLzMwLmpwZyIsInNsaWRlc2hvdyI6ImEzYjJhNzIifQ%3D%3D\">\n\t\t\t\t\t<div class=\"e-gallery-image elementor-gallery-item__image\" data-thumbnail=\"https:\/\/studio-imagin.fr\/wp-content\/uploads\/2020\/08\/30-300x300.jpg\" data-width=\"300\" data-height=\"300\" aria-label=\"mug photo original\" role=\"img\" ><\/div>\n\t\t\t\t\t\t\t\t\t\t\t<div class=\"elementor-gallery-item__overlay\"><\/div>\n\t\t\t\t\t\t\t\t\t\t\t\t\t\t<\/a>\n\t\t\t\t\t<\/div>\n\t\t\t<\/div>\n\t\t\t\t<\/div>\n\t\t\t\t\t<\/div>\n\t\t<\/div>\n\t\t\t\t\t<\/div>\n\t\t<\/section>\n\t\t\t\t<\/div>\n\t\t","protected":false},"excerpt":{"rendered":"<p>Aujourd&rsquo;hui, le mode de consommation a \u00e9norm\u00e9ment \u00e9volu\u00e9. Vous avez toujours les magasins physiques comme notre enseigne Imag&rsquo;in mais de plus en plus, le grand public comme le professionnel se tourne vers internet. Plus facile, plus rapide, il permet en quelques clics de choisir le cadeau de son choix et de l&rsquo;obtenir \u00e0 domicile ou &hellip; <\/p>\n<p class=\"link-more\"><a href=\"https:\/\/studio-imagin.fr\/accueil\/cadeau-tout-pret\/\" class=\"more-link\">Continuer la lecture<span class=\"screen-reader-text\"> de &laquo;&nbsp;Cadeau tout pr\u00eat&nbsp;&raquo;<\/span><\/a><\/p>\n","protected":false},"author":1,"featured_media":0,"parent":0,"menu_order":0,"comment_status":"closed","ping_status":"closed","template":"","meta":{"footnotes":""},"class_list":["post-118","page","type-page","status-publish","hentry"],"yoast_head":"<!-- This site is optimized with the Yoast SEO plugin v22.5 - https:\/\/yoast.com\/wordpress\/plugins\/seo\/ -->\n<title>Cadeau tout pr\u00eat - Atelier et studio photo imag&#039;in<\/title>\n<meta name=\"robots\" content=\"index, follow, max-snippet:-1, max-image-preview:large, max-video-preview:-1\" \/>\n<link rel=\"canonical\" href=\"https:\/\/studio-imagin.fr\/accueil\/cadeau-tout-pret\/\" \/>\n<meta property=\"og:locale\" content=\"fr_FR\" \/>\n<meta property=\"og:type\" content=\"article\" \/>\n<meta property=\"og:title\" content=\"Cadeau tout pr\u00eat - Atelier et studio photo imag&#039;in\" \/>\n<meta property=\"og:description\" content=\"Aujourd&rsquo;hui, le mode de consommation a \u00e9norm\u00e9ment \u00e9volu\u00e9. Vous avez toujours les magasins physiques comme notre enseigne Imag&rsquo;in mais de plus en plus, le grand public comme le professionnel se tourne vers internet. Plus facile, plus rapide, il permet en quelques clics de choisir le cadeau de son choix et de l&rsquo;obtenir \u00e0 domicile ou &hellip; Continuer la lecture de &laquo;&nbsp;Cadeau tout pr\u00eat&nbsp;&raquo;\" \/>\n<meta property=\"og:url\" content=\"https:\/\/studio-imagin.fr\/accueil\/cadeau-tout-pret\/\" \/>\n<meta property=\"og:site_name\" content=\"Atelier et studio photo imag&#039;in\" \/>\n<meta property=\"article:modified_time\" content=\"2020-08-19T07:48:39+00:00\" \/>\n<meta name=\"twitter:card\" content=\"summary_large_image\" \/>\n<meta name=\"twitter:label1\" content=\"Dur\u00e9e de lecture estim\u00e9e\" \/>\n\t<meta name=\"twitter:data1\" content=\"2 minutes\" \/>\n<script type=\"application\/ld+json\" class=\"yoast-schema-graph\">{\"@context\":\"https:\/\/schema.org\",\"@graph\":[{\"@type\":\"WebPage\",\"@id\":\"https:\/\/studio-imagin.fr\/accueil\/cadeau-tout-pret\/\",\"url\":\"https:\/\/studio-imagin.fr\/accueil\/cadeau-tout-pret\/\",\"name\":\"Cadeau tout pr\u00eat - Atelier et studio photo imag&#039;in\",\"isPartOf\":{\"@id\":\"https:\/\/studio-imagin.fr\/accueil\/#website\"},\"datePublished\":\"2020-08-16T16:50:18+00:00\",\"dateModified\":\"2020-08-19T07:48:39+00:00\",\"breadcrumb\":{\"@id\":\"https:\/\/studio-imagin.fr\/accueil\/cadeau-tout-pret\/#breadcrumb\"},\"inLanguage\":\"fr-FR\",\"potentialAction\":[{\"@type\":\"ReadAction\",\"target\":[\"https:\/\/studio-imagin.fr\/accueil\/cadeau-tout-pret\/\"]}]},{\"@type\":\"BreadcrumbList\",\"@id\":\"https:\/\/studio-imagin.fr\/accueil\/cadeau-tout-pret\/#breadcrumb\",\"itemListElement\":[{\"@type\":\"ListItem\",\"position\":1,\"name\":\"Accueil\",\"item\":\"https:\/\/studio-imagin.fr\/accueil\/\"},{\"@type\":\"ListItem\",\"position\":2,\"name\":\"Cadeau tout pr\u00eat\"}]},{\"@type\":\"WebSite\",\"@id\":\"https:\/\/studio-imagin.fr\/accueil\/#website\",\"url\":\"https:\/\/studio-imagin.fr\/accueil\/\",\"name\":\"Atelier et studio photo imag&#039;in\",\"description\":\"Bonjour et Bienvenue sur le site de Imag&#039;in \u00e0 Cuinchy - Photographe Blat Pascal\",\"potentialAction\":[{\"@type\":\"SearchAction\",\"target\":{\"@type\":\"EntryPoint\",\"urlTemplate\":\"https:\/\/studio-imagin.fr\/accueil\/?s={search_term_string}\"},\"query-input\":\"required name=search_term_string\"}],\"inLanguage\":\"fr-FR\"}]}<\/script>\n<!-- \/ Yoast SEO plugin. -->","yoast_head_json":{"title":"Cadeau tout pr\u00eat - Atelier et studio photo imag&#039;in","robots":{"index":"index","follow":"follow","max-snippet":"max-snippet:-1","max-image-preview":"max-image-preview:large","max-video-preview":"max-video-preview:-1"},"canonical":"https:\/\/studio-imagin.fr\/accueil\/cadeau-tout-pret\/","og_locale":"fr_FR","og_type":"article","og_title":"Cadeau tout pr\u00eat - Atelier et studio photo imag&#039;in","og_description":"Aujourd&rsquo;hui, le mode de consommation a \u00e9norm\u00e9ment \u00e9volu\u00e9. Vous avez toujours les magasins physiques comme notre enseigne Imag&rsquo;in mais de plus en plus, le grand public comme le professionnel se tourne vers internet. Plus facile, plus rapide, il permet en quelques clics de choisir le cadeau de son choix et de l&rsquo;obtenir \u00e0 domicile ou &hellip; Continuer la lecture de &laquo;&nbsp;Cadeau tout pr\u00eat&nbsp;&raquo;","og_url":"https:\/\/studio-imagin.fr\/accueil\/cadeau-tout-pret\/","og_site_name":"Atelier et studio photo imag&#039;in","article_modified_time":"2020-08-19T07:48:39+00:00","twitter_card":"summary_large_image","twitter_misc":{"Dur\u00e9e de lecture estim\u00e9e":"2 minutes"},"schema":{"@context":"https:\/\/schema.org","@graph":[{"@type":"WebPage","@id":"https:\/\/studio-imagin.fr\/accueil\/cadeau-tout-pret\/","url":"https:\/\/studio-imagin.fr\/accueil\/cadeau-tout-pret\/","name":"Cadeau tout pr\u00eat - Atelier et studio photo imag&#039;in","isPartOf":{"@id":"https:\/\/studio-imagin.fr\/accueil\/#website"},"datePublished":"2020-08-16T16:50:18+00:00","dateModified":"2020-08-19T07:48:39+00:00","breadcrumb":{"@id":"https:\/\/studio-imagin.fr\/accueil\/cadeau-tout-pret\/#breadcrumb"},"inLanguage":"fr-FR","potentialAction":[{"@type":"ReadAction","target":["https:\/\/studio-imagin.fr\/accueil\/cadeau-tout-pret\/"]}]},{"@type":"BreadcrumbList","@id":"https:\/\/studio-imagin.fr\/accueil\/cadeau-tout-pret\/#breadcrumb","itemListElement":[{"@type":"ListItem","position":1,"name":"Accueil","item":"https:\/\/studio-imagin.fr\/accueil\/"},{"@type":"ListItem","position":2,"name":"Cadeau tout pr\u00eat"}]},{"@type":"WebSite","@id":"https:\/\/studio-imagin.fr\/accueil\/#website","url":"https:\/\/studio-imagin.fr\/accueil\/","name":"Atelier et studio photo imag&#039;in","description":"Bonjour et Bienvenue sur le site de Imag&#039;in \u00e0 Cuinchy - Photographe Blat Pascal","potentialAction":[{"@type":"SearchAction","target":{"@type":"EntryPoint","urlTemplate":"https:\/\/studio-imagin.fr\/accueil\/?s={search_term_string}"},"query-input":"required name=search_term_string"}],"inLanguage":"fr-FR"}]}},"_links":{"self":[{"href":"https:\/\/studio-imagin.fr\/accueil\/wp-json\/wp\/v2\/pages\/118","targetHints":{"allow":["GET"]}}],"collection":[{"href":"https:\/\/studio-imagin.fr\/accueil\/wp-json\/wp\/v2\/pages"}],"about":[{"href":"https:\/\/studio-imagin.fr\/accueil\/wp-json\/wp\/v2\/types\/page"}],"author":[{"embeddable":true,"href":"https:\/\/studio-imagin.fr\/accueil\/wp-json\/wp\/v2\/users\/1"}],"replies":[{"embeddable":true,"href":"https:\/\/studio-imagin.fr\/accueil\/wp-json\/wp\/v2\/comments?post=118"}],"version-history":[{"count":7,"href":"https:\/\/studio-imagin.fr\/accueil\/wp-json\/wp\/v2\/pages\/118\/revisions"}],"predecessor-version":[{"id":349,"href":"https:\/\/studio-imagin.fr\/accueil\/wp-json\/wp\/v2\/pages\/118\/revisions\/349"}],"wp:attachment":[{"href":"https:\/\/studio-imagin.fr\/accueil\/wp-json\/wp\/v2\/media?parent=118"}],"curies":[{"name":"wp","href":"https:\/\/api.w.org\/{rel}","templated":true}]}}