{"id":14,"date":"2020-08-16T10:47:59","date_gmt":"2020-08-16T08:47:59","guid":{"rendered":"https:\/\/studio-imagin.fr\/accueil\/?page_id=14"},"modified":"2020-08-16T18:44:27","modified_gmt":"2020-08-16T16:44:27","slug":"a-propos-de","status":"publish","type":"page","link":"https:\/\/studio-imagin.fr\/accueil\/a-propos-de\/","title":{"rendered":"Pr\u00e9sentation"},"content":{"rendered":"\n<p>Imag&rsquo;in est une soci\u00e9t\u00e9 artisanale cr\u00e9\u00e9e en 1993. L&rsquo;entreprise est install\u00e9e depuis 2017 \u00e0 Cuinchy et a du \u00e9voluer depuis sa cr\u00e9ation en raison de l&rsquo;\u00e9volution des mentalit\u00e9s et de la technologie.<\/p>\n\n\n\n<p>A l&rsquo;origine, la photographie professionnelle \u00e9tait la seule source de revenus et la principale mission de l&rsquo;entreprise. Mariage, photographie scolaire, naissance, d\u00e9veloppement photo et vente de mat\u00e9riel photo \u00e9taient le quotidien de Arlequin, nom de la soci\u00e9t\u00e9.<\/p>\n\n\n\n<p>Depuis maintenant 10 ans, nous avons radicalement modifi\u00e9 notre mani\u00e8re de travailler avec le d\u00e9veloppement du cadeau personnalis\u00e9 et la mise en place de sites internet permettant de toucher un public toujours plus large.<\/p>\n\n\n\n<p>Avec la Covid 19, c&rsquo;est une nouvelle branche de l&rsquo;activit\u00e9 qui dispara\u00eet presque totalement avec la photographie scolaire.<\/p>\n\n\n\n<p>Imag&rsquo;in devient donc en septembre 2020 un atelier ind\u00e9pendant. Le mot artisan reprend donc tout son sens comme il l&rsquo;\u00e9tait en 1993.<\/p>\n\n\n\n<p>Imag&rsquo;in, c&rsquo;est un show room de pr\u00e9sentation de nos produits mais c&rsquo;est surtout un atelier permettant de traiter les commandes internet. Impression de photos sur objet, broderie, d\u00e9coupe et gravure laser, impression photos, tout est r\u00e9alis\u00e9 sur place.<\/p>\n","protected":false},"excerpt":{"rendered":"<p>Imag&rsquo;in est une soci\u00e9t\u00e9 artisanale cr\u00e9\u00e9e en 1993. L&rsquo;entreprise est install\u00e9e depuis 2017 \u00e0 Cuinchy et a du \u00e9voluer depuis sa cr\u00e9ation en raison de l&rsquo;\u00e9volution des mentalit\u00e9s et de la technologie. A l&rsquo;origine, la photographie professionnelle \u00e9tait la seule source de revenus et la principale mission de l&rsquo;entreprise. Mariage, photographie scolaire, naissance, d\u00e9veloppement photo &hellip; <\/p>\n<p class=\"link-more\"><a href=\"https:\/\/studio-imagin.fr\/accueil\/a-propos-de\/\" class=\"more-link\">Continuer la lecture<span class=\"screen-reader-text\"> de &laquo;&nbsp;Pr\u00e9sentation&nbsp;&raquo;<\/span><\/a><\/p>\n","protected":false},"author":1,"featured_media":0,"parent":0,"menu_order":0,"comment_status":"closed","ping_status":"closed","template":"","meta":{"footnotes":""},"class_list":["post-14","page","type-page","status-publish","hentry"],"yoast_head":"<!-- This site is optimized with the Yoast SEO plugin v22.5 - https:\/\/yoast.com\/wordpress\/plugins\/seo\/ -->\n<title>Pr\u00e9sentation - Atelier et studio photo imag&#039;in<\/title>\n<meta name=\"robots\" content=\"index, follow, max-snippet:-1, max-image-preview:large, max-video-preview:-1\" \/>\n<link rel=\"canonical\" href=\"https:\/\/studio-imagin.fr\/accueil\/a-propos-de\/\" \/>\n<meta property=\"og:locale\" content=\"fr_FR\" \/>\n<meta property=\"og:type\" content=\"article\" \/>\n<meta property=\"og:title\" content=\"Pr\u00e9sentation - Atelier et studio photo imag&#039;in\" \/>\n<meta property=\"og:description\" content=\"Imag&rsquo;in est une soci\u00e9t\u00e9 artisanale cr\u00e9\u00e9e en 1993. L&rsquo;entreprise est install\u00e9e depuis 2017 \u00e0 Cuinchy et a du \u00e9voluer depuis sa cr\u00e9ation en raison de l&rsquo;\u00e9volution des mentalit\u00e9s et de la technologie. A l&rsquo;origine, la photographie professionnelle \u00e9tait la seule source de revenus et la principale mission de l&rsquo;entreprise. Mariage, photographie scolaire, naissance, d\u00e9veloppement photo &hellip; Continuer la lecture de &laquo;&nbsp;Pr\u00e9sentation&nbsp;&raquo;\" \/>\n<meta property=\"og:url\" content=\"https:\/\/studio-imagin.fr\/accueil\/a-propos-de\/\" \/>\n<meta property=\"og:site_name\" content=\"Atelier et studio photo imag&#039;in\" \/>\n<meta property=\"article:modified_time\" content=\"2020-08-16T16:44:27+00:00\" \/>\n<meta name=\"twitter:card\" content=\"summary_large_image\" \/>\n<meta name=\"twitter:label1\" content=\"Dur\u00e9e de lecture estim\u00e9e\" \/>\n\t<meta name=\"twitter:data1\" content=\"1 minute\" \/>\n<script type=\"application\/ld+json\" class=\"yoast-schema-graph\">{\"@context\":\"https:\/\/schema.org\",\"@graph\":[{\"@type\":\"WebPage\",\"@id\":\"https:\/\/studio-imagin.fr\/accueil\/a-propos-de\/\",\"url\":\"https:\/\/studio-imagin.fr\/accueil\/a-propos-de\/\",\"name\":\"Pr\u00e9sentation - Atelier et studio photo imag&#039;in\",\"isPartOf\":{\"@id\":\"https:\/\/studio-imagin.fr\/accueil\/#website\"},\"datePublished\":\"2020-08-16T08:47:59+00:00\",\"dateModified\":\"2020-08-16T16:44:27+00:00\",\"breadcrumb\":{\"@id\":\"https:\/\/studio-imagin.fr\/accueil\/a-propos-de\/#breadcrumb\"},\"inLanguage\":\"fr-FR\",\"potentialAction\":[{\"@type\":\"ReadAction\",\"target\":[\"https:\/\/studio-imagin.fr\/accueil\/a-propos-de\/\"]}]},{\"@type\":\"BreadcrumbList\",\"@id\":\"https:\/\/studio-imagin.fr\/accueil\/a-propos-de\/#breadcrumb\",\"itemListElement\":[{\"@type\":\"ListItem\",\"position\":1,\"name\":\"Accueil\",\"item\":\"https:\/\/studio-imagin.fr\/accueil\/\"},{\"@type\":\"ListItem\",\"position\":2,\"name\":\"Pr\u00e9sentation\"}]},{\"@type\":\"WebSite\",\"@id\":\"https:\/\/studio-imagin.fr\/accueil\/#website\",\"url\":\"https:\/\/studio-imagin.fr\/accueil\/\",\"name\":\"Atelier et studio photo imag&#039;in\",\"description\":\"Bonjour et Bienvenue sur le site de Imag&#039;in \u00e0 Cuinchy - Photographe Blat Pascal\",\"potentialAction\":[{\"@type\":\"SearchAction\",\"target\":{\"@type\":\"EntryPoint\",\"urlTemplate\":\"https:\/\/studio-imagin.fr\/accueil\/?s={search_term_string}\"},\"query-input\":\"required name=search_term_string\"}],\"inLanguage\":\"fr-FR\"}]}<\/script>\n<!-- \/ Yoast SEO plugin. -->","yoast_head_json":{"title":"Pr\u00e9sentation - Atelier et studio photo imag&#039;in","robots":{"index":"index","follow":"follow","max-snippet":"max-snippet:-1","max-image-preview":"max-image-preview:large","max-video-preview":"max-video-preview:-1"},"canonical":"https:\/\/studio-imagin.fr\/accueil\/a-propos-de\/","og_locale":"fr_FR","og_type":"article","og_title":"Pr\u00e9sentation - Atelier et studio photo imag&#039;in","og_description":"Imag&rsquo;in est une soci\u00e9t\u00e9 artisanale cr\u00e9\u00e9e en 1993. L&rsquo;entreprise est install\u00e9e depuis 2017 \u00e0 Cuinchy et a du \u00e9voluer depuis sa cr\u00e9ation en raison de l&rsquo;\u00e9volution des mentalit\u00e9s et de la technologie. A l&rsquo;origine, la photographie professionnelle \u00e9tait la seule source de revenus et la principale mission de l&rsquo;entreprise. Mariage, photographie scolaire, naissance, d\u00e9veloppement photo &hellip; Continuer la lecture de &laquo;&nbsp;Pr\u00e9sentation&nbsp;&raquo;","og_url":"https:\/\/studio-imagin.fr\/accueil\/a-propos-de\/","og_site_name":"Atelier et studio photo imag&#039;in","article_modified_time":"2020-08-16T16:44:27+00:00","twitter_card":"summary_large_image","twitter_misc":{"Dur\u00e9e de lecture estim\u00e9e":"1 minute"},"schema":{"@context":"https:\/\/schema.org","@graph":[{"@type":"WebPage","@id":"https:\/\/studio-imagin.fr\/accueil\/a-propos-de\/","url":"https:\/\/studio-imagin.fr\/accueil\/a-propos-de\/","name":"Pr\u00e9sentation - Atelier et studio photo imag&#039;in","isPartOf":{"@id":"https:\/\/studio-imagin.fr\/accueil\/#website"},"datePublished":"2020-08-16T08:47:59+00:00","dateModified":"2020-08-16T16:44:27+00:00","breadcrumb":{"@id":"https:\/\/studio-imagin.fr\/accueil\/a-propos-de\/#breadcrumb"},"inLanguage":"fr-FR","potentialAction":[{"@type":"ReadAction","target":["https:\/\/studio-imagin.fr\/accueil\/a-propos-de\/"]}]},{"@type":"BreadcrumbList","@id":"https:\/\/studio-imagin.fr\/accueil\/a-propos-de\/#breadcrumb","itemListElement":[{"@type":"ListItem","position":1,"name":"Accueil","item":"https:\/\/studio-imagin.fr\/accueil\/"},{"@type":"ListItem","position":2,"name":"Pr\u00e9sentation"}]},{"@type":"WebSite","@id":"https:\/\/studio-imagin.fr\/accueil\/#website","url":"https:\/\/studio-imagin.fr\/accueil\/","name":"Atelier et studio photo imag&#039;in","description":"Bonjour et Bienvenue sur le site de Imag&#039;in \u00e0 Cuinchy - Photographe Blat Pascal","potentialAction":[{"@type":"SearchAction","target":{"@type":"EntryPoint","urlTemplate":"https:\/\/studio-imagin.fr\/accueil\/?s={search_term_string}"},"query-input":"required name=search_term_string"}],"inLanguage":"fr-FR"}]}},"_links":{"self":[{"href":"https:\/\/studio-imagin.fr\/accueil\/wp-json\/wp\/v2\/pages\/14","targetHints":{"allow":["GET"]}}],"collection":[{"href":"https:\/\/studio-imagin.fr\/accueil\/wp-json\/wp\/v2\/pages"}],"about":[{"href":"https:\/\/studio-imagin.fr\/accueil\/wp-json\/wp\/v2\/types\/page"}],"author":[{"embeddable":true,"href":"https:\/\/studio-imagin.fr\/accueil\/wp-json\/wp\/v2\/users\/1"}],"replies":[{"embeddable":true,"href":"https:\/\/studio-imagin.fr\/accueil\/wp-json\/wp\/v2\/comments?post=14"}],"version-history":[{"count":2,"href":"https:\/\/studio-imagin.fr\/accueil\/wp-json\/wp\/v2\/pages\/14\/revisions"}],"predecessor-version":[{"id":111,"href":"https:\/\/studio-imagin.fr\/accueil\/wp-json\/wp\/v2\/pages\/14\/revisions\/111"}],"wp:attachment":[{"href":"https:\/\/studio-imagin.fr\/accueil\/wp-json\/wp\/v2\/media?parent=14"}],"curies":[{"name":"wp","href":"https:\/\/api.w.org\/{rel}","templated":true}]}}