{"id":175,"date":"2020-08-17T14:51:14","date_gmt":"2020-08-17T12:51:14","guid":{"rendered":"https:\/\/studio-imagin.fr\/accueil\/?page_id=175"},"modified":"2020-08-19T09:57:33","modified_gmt":"2020-08-19T07:57:33","slug":"le-cadeau-publicitaire","status":"publish","type":"page","link":"https:\/\/studio-imagin.fr\/accueil\/le-cadeau-publicitaire\/","title":{"rendered":"Le cadeau publicitaire"},"content":{"rendered":"\n<p>Vous avez besoin de remercier ou fid\u00e9liser votre client\u00e8le ? Vous disposez d&rsquo;un budget serr\u00e9 ou au contraire vous souhaitez vous donner les moyens ?<\/p>\n\n\n\n<p>Nous pouvons r\u00e9pondre \u00e0 toutes vos demandes car chez Imag&rsquo;in nous proposons le cadeau tout pr\u00eat ou la personnalisation d\u00e8s le 1er exemplaire. Nous proposons une gamme de produits en magasin mais aussi sur catalogue d\u00e8s lors que vous recherchez des articles bien pr\u00e9cis ou en grande quantit\u00e9.<\/p>\n\n\n\n<p>Du simple porte cl\u00e9 en passant par le stylo, la tasse, la maroquinerie ou les sacs \u00e0 personnaliser, ce sont des centaines de produits que vous avez \u00e0 disposition pour vos clients.<\/p>\n\n\n\n<p>Alors quelle est la diff\u00e9rence entre une commande sur internet et une commande directe chez  nous ? Non seulement vous avez la garantie de payer moins cher et tout au moins de ne pas payer plus cher mais vous aurez l&rsquo;avantage d&rsquo;avoir un atelier qui va se charger de votre cr\u00e9ation graphique si vous en avez le besoin.<\/p>\n\n\n\n<p>Vous trouverez \u00e9galement des conseils quant au choix de votre article.<\/p>\n\n\n\n<p>Pour les produits de consommation courante comme les mugs, tasses, tapis de souris etc&#8230; ils sont directement produits chez nous ce qui vous permettra de les avoir en main avant de proc\u00e9der \u00e0 une \u00e9ventuelle commande.<\/p>\n\n\n\n<p>Nous pouvons r\u00e9aliser des impressions 1 couleur ou en quadrichromie. Vous pouvez directement nous faire une <a href=\"https:\/\/studio-imagin.fr\/accueil\/contact\/\">demande de devis<\/a> que vous recevrez alors tr\u00e8s rapidement. Pour toute demande de devis, nous vous demandons d&rsquo;\u00eatre le plus pr\u00e9cis possible afin de pouvoir vous apporter une r\u00e9ponse correspondant \u00e0 vos attentes.<\/p>\n","protected":false},"excerpt":{"rendered":"<p>Vous avez besoin de remercier ou fid\u00e9liser votre client\u00e8le ? Vous disposez d&rsquo;un budget serr\u00e9 ou au contraire vous souhaitez vous donner les moyens ? Nous pouvons r\u00e9pondre \u00e0 toutes vos demandes car chez Imag&rsquo;in nous proposons le cadeau tout pr\u00eat ou la personnalisation d\u00e8s le 1er exemplaire. Nous proposons une gamme de produits en &hellip; <\/p>\n<p class=\"link-more\"><a href=\"https:\/\/studio-imagin.fr\/accueil\/le-cadeau-publicitaire\/\" class=\"more-link\">Continuer la lecture<span class=\"screen-reader-text\"> de &laquo;&nbsp;Le cadeau publicitaire&nbsp;&raquo;<\/span><\/a><\/p>\n","protected":false},"author":1,"featured_media":0,"parent":0,"menu_order":0,"comment_status":"closed","ping_status":"closed","template":"","meta":{"footnotes":""},"class_list":["post-175","page","type-page","status-publish","hentry"],"yoast_head":"<!-- This site is optimized with the Yoast SEO plugin v22.5 - https:\/\/yoast.com\/wordpress\/plugins\/seo\/ -->\n<title>Le cadeau publicitaire - Atelier et studio photo imag&#039;in<\/title>\n<meta name=\"robots\" content=\"index, follow, max-snippet:-1, max-image-preview:large, max-video-preview:-1\" \/>\n<link rel=\"canonical\" href=\"https:\/\/studio-imagin.fr\/accueil\/le-cadeau-publicitaire\/\" \/>\n<meta property=\"og:locale\" content=\"fr_FR\" \/>\n<meta property=\"og:type\" content=\"article\" \/>\n<meta property=\"og:title\" content=\"Le cadeau publicitaire - Atelier et studio photo imag&#039;in\" \/>\n<meta property=\"og:description\" content=\"Vous avez besoin de remercier ou fid\u00e9liser votre client\u00e8le ? Vous disposez d&rsquo;un budget serr\u00e9 ou au contraire vous souhaitez vous donner les moyens ? Nous pouvons r\u00e9pondre \u00e0 toutes vos demandes car chez Imag&rsquo;in nous proposons le cadeau tout pr\u00eat ou la personnalisation d\u00e8s le 1er exemplaire. Nous proposons une gamme de produits en &hellip; Continuer la lecture de &laquo;&nbsp;Le cadeau publicitaire&nbsp;&raquo;\" \/>\n<meta property=\"og:url\" content=\"https:\/\/studio-imagin.fr\/accueil\/le-cadeau-publicitaire\/\" \/>\n<meta property=\"og:site_name\" content=\"Atelier et studio photo imag&#039;in\" \/>\n<meta property=\"article:modified_time\" content=\"2020-08-19T07:57:33+00:00\" \/>\n<meta name=\"twitter:card\" content=\"summary_large_image\" \/>\n<meta name=\"twitter:label1\" content=\"Dur\u00e9e de lecture estim\u00e9e\" \/>\n\t<meta name=\"twitter:data1\" content=\"1 minute\" \/>\n<script type=\"application\/ld+json\" class=\"yoast-schema-graph\">{\"@context\":\"https:\/\/schema.org\",\"@graph\":[{\"@type\":\"WebPage\",\"@id\":\"https:\/\/studio-imagin.fr\/accueil\/le-cadeau-publicitaire\/\",\"url\":\"https:\/\/studio-imagin.fr\/accueil\/le-cadeau-publicitaire\/\",\"name\":\"Le cadeau publicitaire - Atelier et studio photo imag&#039;in\",\"isPartOf\":{\"@id\":\"https:\/\/studio-imagin.fr\/accueil\/#website\"},\"datePublished\":\"2020-08-17T12:51:14+00:00\",\"dateModified\":\"2020-08-19T07:57:33+00:00\",\"breadcrumb\":{\"@id\":\"https:\/\/studio-imagin.fr\/accueil\/le-cadeau-publicitaire\/#breadcrumb\"},\"inLanguage\":\"fr-FR\",\"potentialAction\":[{\"@type\":\"ReadAction\",\"target\":[\"https:\/\/studio-imagin.fr\/accueil\/le-cadeau-publicitaire\/\"]}]},{\"@type\":\"BreadcrumbList\",\"@id\":\"https:\/\/studio-imagin.fr\/accueil\/le-cadeau-publicitaire\/#breadcrumb\",\"itemListElement\":[{\"@type\":\"ListItem\",\"position\":1,\"name\":\"Accueil\",\"item\":\"https:\/\/studio-imagin.fr\/accueil\/\"},{\"@type\":\"ListItem\",\"position\":2,\"name\":\"Le cadeau publicitaire\"}]},{\"@type\":\"WebSite\",\"@id\":\"https:\/\/studio-imagin.fr\/accueil\/#website\",\"url\":\"https:\/\/studio-imagin.fr\/accueil\/\",\"name\":\"Atelier et studio photo imag&#039;in\",\"description\":\"Bonjour et Bienvenue sur le site de Imag&#039;in \u00e0 Cuinchy - Photographe Blat Pascal\",\"potentialAction\":[{\"@type\":\"SearchAction\",\"target\":{\"@type\":\"EntryPoint\",\"urlTemplate\":\"https:\/\/studio-imagin.fr\/accueil\/?s={search_term_string}\"},\"query-input\":\"required name=search_term_string\"}],\"inLanguage\":\"fr-FR\"}]}<\/script>\n<!-- \/ Yoast SEO plugin. -->","yoast_head_json":{"title":"Le cadeau publicitaire - Atelier et studio photo imag&#039;in","robots":{"index":"index","follow":"follow","max-snippet":"max-snippet:-1","max-image-preview":"max-image-preview:large","max-video-preview":"max-video-preview:-1"},"canonical":"https:\/\/studio-imagin.fr\/accueil\/le-cadeau-publicitaire\/","og_locale":"fr_FR","og_type":"article","og_title":"Le cadeau publicitaire - Atelier et studio photo imag&#039;in","og_description":"Vous avez besoin de remercier ou fid\u00e9liser votre client\u00e8le ? Vous disposez d&rsquo;un budget serr\u00e9 ou au contraire vous souhaitez vous donner les moyens ? Nous pouvons r\u00e9pondre \u00e0 toutes vos demandes car chez Imag&rsquo;in nous proposons le cadeau tout pr\u00eat ou la personnalisation d\u00e8s le 1er exemplaire. Nous proposons une gamme de produits en &hellip; Continuer la lecture de &laquo;&nbsp;Le cadeau publicitaire&nbsp;&raquo;","og_url":"https:\/\/studio-imagin.fr\/accueil\/le-cadeau-publicitaire\/","og_site_name":"Atelier et studio photo imag&#039;in","article_modified_time":"2020-08-19T07:57:33+00:00","twitter_card":"summary_large_image","twitter_misc":{"Dur\u00e9e de lecture estim\u00e9e":"1 minute"},"schema":{"@context":"https:\/\/schema.org","@graph":[{"@type":"WebPage","@id":"https:\/\/studio-imagin.fr\/accueil\/le-cadeau-publicitaire\/","url":"https:\/\/studio-imagin.fr\/accueil\/le-cadeau-publicitaire\/","name":"Le cadeau publicitaire - Atelier et studio photo imag&#039;in","isPartOf":{"@id":"https:\/\/studio-imagin.fr\/accueil\/#website"},"datePublished":"2020-08-17T12:51:14+00:00","dateModified":"2020-08-19T07:57:33+00:00","breadcrumb":{"@id":"https:\/\/studio-imagin.fr\/accueil\/le-cadeau-publicitaire\/#breadcrumb"},"inLanguage":"fr-FR","potentialAction":[{"@type":"ReadAction","target":["https:\/\/studio-imagin.fr\/accueil\/le-cadeau-publicitaire\/"]}]},{"@type":"BreadcrumbList","@id":"https:\/\/studio-imagin.fr\/accueil\/le-cadeau-publicitaire\/#breadcrumb","itemListElement":[{"@type":"ListItem","position":1,"name":"Accueil","item":"https:\/\/studio-imagin.fr\/accueil\/"},{"@type":"ListItem","position":2,"name":"Le cadeau publicitaire"}]},{"@type":"WebSite","@id":"https:\/\/studio-imagin.fr\/accueil\/#website","url":"https:\/\/studio-imagin.fr\/accueil\/","name":"Atelier et studio photo imag&#039;in","description":"Bonjour et Bienvenue sur le site de Imag&#039;in \u00e0 Cuinchy - Photographe Blat Pascal","potentialAction":[{"@type":"SearchAction","target":{"@type":"EntryPoint","urlTemplate":"https:\/\/studio-imagin.fr\/accueil\/?s={search_term_string}"},"query-input":"required name=search_term_string"}],"inLanguage":"fr-FR"}]}},"_links":{"self":[{"href":"https:\/\/studio-imagin.fr\/accueil\/wp-json\/wp\/v2\/pages\/175","targetHints":{"allow":["GET"]}}],"collection":[{"href":"https:\/\/studio-imagin.fr\/accueil\/wp-json\/wp\/v2\/pages"}],"about":[{"href":"https:\/\/studio-imagin.fr\/accueil\/wp-json\/wp\/v2\/types\/page"}],"author":[{"embeddable":true,"href":"https:\/\/studio-imagin.fr\/accueil\/wp-json\/wp\/v2\/users\/1"}],"replies":[{"embeddable":true,"href":"https:\/\/studio-imagin.fr\/accueil\/wp-json\/wp\/v2\/comments?post=175"}],"version-history":[{"count":2,"href":"https:\/\/studio-imagin.fr\/accueil\/wp-json\/wp\/v2\/pages\/175\/revisions"}],"predecessor-version":[{"id":245,"href":"https:\/\/studio-imagin.fr\/accueil\/wp-json\/wp\/v2\/pages\/175\/revisions\/245"}],"wp:attachment":[{"href":"https:\/\/studio-imagin.fr\/accueil\/wp-json\/wp\/v2\/media?parent=175"}],"curies":[{"name":"wp","href":"https:\/\/api.w.org\/{rel}","templated":true}]}}