{"id":179,"date":"2020-08-17T14:52:41","date_gmt":"2020-08-17T12:52:41","guid":{"rendered":"https:\/\/studio-imagin.fr\/accueil\/?page_id=179"},"modified":"2020-08-19T17:07:04","modified_gmt":"2020-08-19T15:07:04","slug":"des-objets-a-votre-logo","status":"publish","type":"page","link":"https:\/\/studio-imagin.fr\/accueil\/des-objets-a-votre-logo\/","title":{"rendered":"Des objets \u00e0 votre logo"},"content":{"rendered":"\t\t<div data-elementor-type=\"wp-page\" data-elementor-id=\"179\" class=\"elementor elementor-179\" data-elementor-post-type=\"page\">\n\t\t\t\t\t\t<section class=\"elementor-section elementor-top-section elementor-element elementor-element-62a6c8a2 elementor-section-boxed elementor-section-height-default elementor-section-height-default\" data-id=\"62a6c8a2\" data-element_type=\"section\">\n\t\t\t\t\t\t<div class=\"elementor-container elementor-column-gap-default\">\n\t\t\t\t\t<div class=\"elementor-column elementor-col-100 elementor-top-column elementor-element elementor-element-4035c3c2\" data-id=\"4035c3c2\" data-element_type=\"column\">\n\t\t\t<div class=\"elementor-widget-wrap elementor-element-populated\">\n\t\t\t\t\t\t<div class=\"elementor-element elementor-element-3d9029f6 elementor-widget elementor-widget-text-editor\" data-id=\"3d9029f6\" data-element_type=\"widget\" data-widget_type=\"text-editor.default\">\n\t\t\t\t<div class=\"elementor-widget-container\">\n\t\t\t\t\t\t\t<p><!-- wp:paragraph --><\/p>\n<p>Vous \u00eates au travail et vous avez le besoin ou l&rsquo;envie de boire votre caf\u00e9 \u00e0 l&rsquo;image de votre logo ? Imag&rsquo;in r\u00e9alise ce type d&rsquo;articles.<\/p>\n<p><!-- \/wp:paragraph --><!-- wp:paragraph --><\/p>\n<p>Une tasse \u00e0 caf\u00e9, une tasse \u00e0 th\u00e9 ou encore un mug ? Votre logo derri\u00e8re et devant le pr\u00e9nom de chaque employ\u00e9 ? C&rsquo;est cela que nous vous proposons avec une personnalisation haute en couleur pour un r\u00e9sultat tr\u00e8s professionnel.<\/p>\n<p><!-- \/wp:paragraph --><!-- wp:paragraph --><\/p>\n<p>Notre entreprise s&rsquo;adresse plut\u00f4t aux <strong>artisans<\/strong>, aux commer\u00e7ants et aux <strong>petites entreprises<\/strong>. D\u00e8s le 1er exemplaire command\u00e9, vous avez la possibilit\u00e9 d&rsquo;obtenir rapidement n&rsquo;importe quel objet pr\u00e9sent dans notre catalogue ou sur notre site internet.<\/p>\n<p><!-- \/wp:paragraph --><!-- wp:paragraph --><\/p>\n<p>Un vrai travail artisanal respectant \u00e0 la lettre votre demande. Un service professionnel tr\u00e8s loin de ce que vous pourriez trouver dans de grosses structures. Tandis que vous aurez une multitude d&rsquo;interlocuteurs dans certaines entreprise et bien chez nous, une seule et m\u00eame personne va traiter votre dossier.<\/p>\n<p><!-- \/wp:paragraph --><!-- wp:paragraph --><\/p>\n<p>\u00a0<\/p>\n<p><!-- \/wp:paragraph --><\/p>\t\t\t\t\t\t<\/div>\n\t\t\t\t<\/div>\n\t\t\t\t<div class=\"elementor-element elementor-element-02c88d4 elementor-headline--style-highlight elementor-widget elementor-widget-animated-headline\" data-id=\"02c88d4\" data-element_type=\"widget\" data-settings=\"{&quot;highlighted_text&quot;:&quot;l&#039;Artisanat&quot;,&quot;headline_style&quot;:&quot;highlight&quot;,&quot;marker&quot;:&quot;circle&quot;,&quot;loop&quot;:&quot;yes&quot;,&quot;highlight_animation_duration&quot;:1200,&quot;highlight_iteration_delay&quot;:8000}\" data-widget_type=\"animated-headline.default\">\n\t\t\t\t<div class=\"elementor-widget-container\">\n\t\t\t\t\t<h3 class=\"elementor-headline\">\n\t\t\t\t\t<span class=\"elementor-headline-plain-text elementor-headline-text-wrapper\">Vive<\/span>\n\t\t\t\t<span class=\"elementor-headline-dynamic-wrapper elementor-headline-text-wrapper\">\n\t\t\t\t\t<span class=\"elementor-headline-dynamic-text elementor-headline-text-active\">l'Artisanat<\/span>\n\t\t\t\t<\/span>\n\t\t\t\t<\/h3>\n\t\t\t\t<\/div>\n\t\t\t\t<\/div>\n\t\t\t\t\t<\/div>\n\t\t<\/div>\n\t\t\t\t\t<\/div>\n\t\t<\/section>\n\t\t\t\t<section class=\"elementor-section elementor-top-section elementor-element elementor-element-f6f584a elementor-section-boxed elementor-section-height-default elementor-section-height-default\" data-id=\"f6f584a\" data-element_type=\"section\">\n\t\t\t\t\t\t<div class=\"elementor-container elementor-column-gap-default\">\n\t\t\t\t\t<div class=\"elementor-column elementor-col-100 elementor-top-column elementor-element elementor-element-0cfae38\" data-id=\"0cfae38\" data-element_type=\"column\">\n\t\t\t<div class=\"elementor-widget-wrap elementor-element-populated\">\n\t\t\t\t\t\t<div class=\"elementor-element elementor-element-edbb582 elementor-widget elementor-widget-text-editor\" data-id=\"edbb582\" data-element_type=\"widget\" data-widget_type=\"text-editor.default\">\n\t\t\t\t<div class=\"elementor-widget-container\">\n\t\t\t\t\t\t\t<p>C&rsquo;est toute la diff\u00e9rence de faire appel \u00e0 un <strong>atelier artisanal<\/strong> !<\/p>\n<p>Et c\u00f4t\u00e9 tarif, l\u00e0 encore, pas d&rsquo;inqui\u00e9tude. Vous ne paierez pas plus cher votre produit chez nous. Pour toutes ces raisons, vous allez faire le bon choix.<\/p>\n<p><!-- \/wp:paragraph --><!-- wp:paragraph --> <!-- \/wp:paragraph --><!-- wp:paragraph --><\/p>\n<p>En nous accordant votre confiance, nous vous apporterons notre s\u00e9rieux, notre savoir faire et nos comp\u00e9tences.<\/p>\t\t\t\t\t\t<\/div>\n\t\t\t\t<\/div>\n\t\t\t\t\t<\/div>\n\t\t<\/div>\n\t\t\t\t\t<\/div>\n\t\t<\/section>\n\t\t\t\t<section class=\"elementor-section elementor-top-section elementor-element elementor-element-84d9c0c elementor-section-boxed elementor-section-height-default elementor-section-height-default\" data-id=\"84d9c0c\" data-element_type=\"section\">\n\t\t\t\t\t\t<div class=\"elementor-container elementor-column-gap-default\">\n\t\t\t\t\t<div class=\"elementor-column elementor-col-100 elementor-top-column elementor-element elementor-element-243b809\" data-id=\"243b809\" data-element_type=\"column\">\n\t\t\t<div class=\"elementor-widget-wrap\">\n\t\t\t\t\t\t\t<\/div>\n\t\t<\/div>\n\t\t\t\t\t<\/div>\n\t\t<\/section>\n\t\t\t\t<section class=\"elementor-section elementor-top-section elementor-element elementor-element-2613397 elementor-section-boxed elementor-section-height-default elementor-section-height-default\" data-id=\"2613397\" data-element_type=\"section\">\n\t\t\t\t\t\t<div class=\"elementor-container elementor-column-gap-default\">\n\t\t\t\t\t<div class=\"elementor-column elementor-col-100 elementor-top-column elementor-element elementor-element-823ac67\" data-id=\"823ac67\" data-element_type=\"column\">\n\t\t\t<div class=\"elementor-widget-wrap elementor-element-populated\">\n\t\t\t\t\t\t<div class=\"elementor-element elementor-element-527da1e elementor-cta--skin-classic elementor-animated-content elementor-bg-transform elementor-bg-transform-zoom-in elementor-widget elementor-widget-call-to-action\" data-id=\"527da1e\" data-element_type=\"widget\" data-widget_type=\"call-to-action.default\">\n\t\t\t\t<div class=\"elementor-widget-container\">\n\t\t\t\t\t<div class=\"elementor-cta\">\n\t\t\t\t\t<div class=\"elementor-cta__bg-wrapper\">\n\t\t\t\t<div class=\"elementor-cta__bg elementor-bg\" style=\"background-image: url(https:\/\/studio-imagin.fr\/wp-content\/uploads\/2020\/08\/tasse-expresso-pro-896x1024.jpg);\" role=\"img\" aria-label=\"tasse a cafe\"><\/div>\n\t\t\t\t<div class=\"elementor-cta__bg-overlay\"><\/div>\n\t\t\t<\/div>\n\t\t\t\t\t\t\t<div class=\"elementor-cta__content\">\n\t\t\t\t\n\t\t\t\t\t\t\t\t\t<h2 class=\"elementor-cta__title elementor-cta__content-item elementor-content-item\">\n\t\t\t\t\t\tVOTRE LOGO SUR UN OBJET\t\t\t\t\t<\/h2>\n\t\t\t\t\n\t\t\t\t\t\t\t\t\t<div class=\"elementor-cta__description elementor-cta__content-item elementor-content-item\">\n\t\t\t\t\t\tId\u00e9al pour communiquer. Ajoutez le pr\u00e9nom de vos salari\u00e9s\t\t\t\t\t<\/div>\n\t\t\t\t\n\t\t\t\t\t\t\t\t\t<div class=\"elementor-cta__button-wrapper elementor-cta__content-item elementor-content-item \">\n\t\t\t\t\t<a class=\"elementor-cta__button elementor-button elementor-size-\" href=\"https:\/\/laboutiquekdo.com\/100-communication-avec-objet\">\n\t\t\t\t\t\tAcc\u00e9dez au site\t\t\t\t\t<\/a>\n\t\t\t\t\t<\/div>\n\t\t\t\t\t\t\t<\/div>\n\t\t\t\t\t\t<\/div>\n\t\t\t\t<\/div>\n\t\t\t\t<\/div>\n\t\t\t\t\t<\/div>\n\t\t<\/div>\n\t\t\t\t\t<\/div>\n\t\t<\/section>\n\t\t\t\t<\/div>\n\t\t","protected":false},"excerpt":{"rendered":"<p>Vous \u00eates au travail et vous avez le besoin ou l&rsquo;envie de boire votre caf\u00e9 \u00e0 l&rsquo;image de votre logo ? Imag&rsquo;in r\u00e9alise ce type d&rsquo;articles. Une tasse \u00e0 caf\u00e9, une tasse \u00e0 th\u00e9 ou encore un mug ? Votre logo derri\u00e8re et devant le pr\u00e9nom de chaque employ\u00e9 ? C&rsquo;est cela que nous vous &hellip; <\/p>\n<p class=\"link-more\"><a href=\"https:\/\/studio-imagin.fr\/accueil\/des-objets-a-votre-logo\/\" class=\"more-link\">Continuer la lecture<span class=\"screen-reader-text\"> de &laquo;&nbsp;Des objets \u00e0 votre logo&nbsp;&raquo;<\/span><\/a><\/p>\n","protected":false},"author":1,"featured_media":0,"parent":0,"menu_order":0,"comment_status":"closed","ping_status":"closed","template":"","meta":{"footnotes":""},"class_list":["post-179","page","type-page","status-publish","hentry"],"yoast_head":"<!-- This site is optimized with the Yoast SEO plugin v22.5 - https:\/\/yoast.com\/wordpress\/plugins\/seo\/ -->\n<title>Des objets \u00e0 votre logo - Atelier et studio photo imag&#039;in<\/title>\n<meta name=\"robots\" content=\"index, follow, max-snippet:-1, max-image-preview:large, max-video-preview:-1\" \/>\n<link rel=\"canonical\" href=\"https:\/\/studio-imagin.fr\/accueil\/des-objets-a-votre-logo\/\" \/>\n<meta property=\"og:locale\" content=\"fr_FR\" \/>\n<meta property=\"og:type\" content=\"article\" \/>\n<meta property=\"og:title\" content=\"Des objets \u00e0 votre logo - Atelier et studio photo imag&#039;in\" \/>\n<meta property=\"og:description\" content=\"Vous \u00eates au travail et vous avez le besoin ou l&rsquo;envie de boire votre caf\u00e9 \u00e0 l&rsquo;image de votre logo ? Imag&rsquo;in r\u00e9alise ce type d&rsquo;articles. Une tasse \u00e0 caf\u00e9, une tasse \u00e0 th\u00e9 ou encore un mug ? Votre logo derri\u00e8re et devant le pr\u00e9nom de chaque employ\u00e9 ? C&rsquo;est cela que nous vous &hellip; Continuer la lecture de &laquo;&nbsp;Des objets \u00e0 votre logo&nbsp;&raquo;\" \/>\n<meta property=\"og:url\" content=\"https:\/\/studio-imagin.fr\/accueil\/des-objets-a-votre-logo\/\" \/>\n<meta property=\"og:site_name\" content=\"Atelier et studio photo imag&#039;in\" \/>\n<meta property=\"article:modified_time\" content=\"2020-08-19T15:07:04+00:00\" \/>\n<meta name=\"twitter:card\" content=\"summary_large_image\" \/>\n<meta name=\"twitter:label1\" content=\"Dur\u00e9e de lecture estim\u00e9e\" \/>\n\t<meta name=\"twitter:data1\" content=\"1 minute\" \/>\n<script type=\"application\/ld+json\" class=\"yoast-schema-graph\">{\"@context\":\"https:\/\/schema.org\",\"@graph\":[{\"@type\":\"WebPage\",\"@id\":\"https:\/\/studio-imagin.fr\/accueil\/des-objets-a-votre-logo\/\",\"url\":\"https:\/\/studio-imagin.fr\/accueil\/des-objets-a-votre-logo\/\",\"name\":\"Des objets \u00e0 votre logo - Atelier et studio photo imag&#039;in\",\"isPartOf\":{\"@id\":\"https:\/\/studio-imagin.fr\/accueil\/#website\"},\"datePublished\":\"2020-08-17T12:52:41+00:00\",\"dateModified\":\"2020-08-19T15:07:04+00:00\",\"breadcrumb\":{\"@id\":\"https:\/\/studio-imagin.fr\/accueil\/des-objets-a-votre-logo\/#breadcrumb\"},\"inLanguage\":\"fr-FR\",\"potentialAction\":[{\"@type\":\"ReadAction\",\"target\":[\"https:\/\/studio-imagin.fr\/accueil\/des-objets-a-votre-logo\/\"]}]},{\"@type\":\"BreadcrumbList\",\"@id\":\"https:\/\/studio-imagin.fr\/accueil\/des-objets-a-votre-logo\/#breadcrumb\",\"itemListElement\":[{\"@type\":\"ListItem\",\"position\":1,\"name\":\"Accueil\",\"item\":\"https:\/\/studio-imagin.fr\/accueil\/\"},{\"@type\":\"ListItem\",\"position\":2,\"name\":\"Des objets \u00e0 votre logo\"}]},{\"@type\":\"WebSite\",\"@id\":\"https:\/\/studio-imagin.fr\/accueil\/#website\",\"url\":\"https:\/\/studio-imagin.fr\/accueil\/\",\"name\":\"Atelier et studio photo imag&#039;in\",\"description\":\"Bonjour et Bienvenue sur le site de Imag&#039;in \u00e0 Cuinchy - Photographe Blat Pascal\",\"potentialAction\":[{\"@type\":\"SearchAction\",\"target\":{\"@type\":\"EntryPoint\",\"urlTemplate\":\"https:\/\/studio-imagin.fr\/accueil\/?s={search_term_string}\"},\"query-input\":\"required name=search_term_string\"}],\"inLanguage\":\"fr-FR\"}]}<\/script>\n<!-- \/ Yoast SEO plugin. -->","yoast_head_json":{"title":"Des objets \u00e0 votre logo - Atelier et studio photo imag&#039;in","robots":{"index":"index","follow":"follow","max-snippet":"max-snippet:-1","max-image-preview":"max-image-preview:large","max-video-preview":"max-video-preview:-1"},"canonical":"https:\/\/studio-imagin.fr\/accueil\/des-objets-a-votre-logo\/","og_locale":"fr_FR","og_type":"article","og_title":"Des objets \u00e0 votre logo - Atelier et studio photo imag&#039;in","og_description":"Vous \u00eates au travail et vous avez le besoin ou l&rsquo;envie de boire votre caf\u00e9 \u00e0 l&rsquo;image de votre logo ? Imag&rsquo;in r\u00e9alise ce type d&rsquo;articles. Une tasse \u00e0 caf\u00e9, une tasse \u00e0 th\u00e9 ou encore un mug ? Votre logo derri\u00e8re et devant le pr\u00e9nom de chaque employ\u00e9 ? C&rsquo;est cela que nous vous &hellip; Continuer la lecture de &laquo;&nbsp;Des objets \u00e0 votre logo&nbsp;&raquo;","og_url":"https:\/\/studio-imagin.fr\/accueil\/des-objets-a-votre-logo\/","og_site_name":"Atelier et studio photo imag&#039;in","article_modified_time":"2020-08-19T15:07:04+00:00","twitter_card":"summary_large_image","twitter_misc":{"Dur\u00e9e de lecture estim\u00e9e":"1 minute"},"schema":{"@context":"https:\/\/schema.org","@graph":[{"@type":"WebPage","@id":"https:\/\/studio-imagin.fr\/accueil\/des-objets-a-votre-logo\/","url":"https:\/\/studio-imagin.fr\/accueil\/des-objets-a-votre-logo\/","name":"Des objets \u00e0 votre logo - Atelier et studio photo imag&#039;in","isPartOf":{"@id":"https:\/\/studio-imagin.fr\/accueil\/#website"},"datePublished":"2020-08-17T12:52:41+00:00","dateModified":"2020-08-19T15:07:04+00:00","breadcrumb":{"@id":"https:\/\/studio-imagin.fr\/accueil\/des-objets-a-votre-logo\/#breadcrumb"},"inLanguage":"fr-FR","potentialAction":[{"@type":"ReadAction","target":["https:\/\/studio-imagin.fr\/accueil\/des-objets-a-votre-logo\/"]}]},{"@type":"BreadcrumbList","@id":"https:\/\/studio-imagin.fr\/accueil\/des-objets-a-votre-logo\/#breadcrumb","itemListElement":[{"@type":"ListItem","position":1,"name":"Accueil","item":"https:\/\/studio-imagin.fr\/accueil\/"},{"@type":"ListItem","position":2,"name":"Des objets \u00e0 votre logo"}]},{"@type":"WebSite","@id":"https:\/\/studio-imagin.fr\/accueil\/#website","url":"https:\/\/studio-imagin.fr\/accueil\/","name":"Atelier et studio photo imag&#039;in","description":"Bonjour et Bienvenue sur le site de Imag&#039;in \u00e0 Cuinchy - Photographe Blat Pascal","potentialAction":[{"@type":"SearchAction","target":{"@type":"EntryPoint","urlTemplate":"https:\/\/studio-imagin.fr\/accueil\/?s={search_term_string}"},"query-input":"required name=search_term_string"}],"inLanguage":"fr-FR"}]}},"_links":{"self":[{"href":"https:\/\/studio-imagin.fr\/accueil\/wp-json\/wp\/v2\/pages\/179","targetHints":{"allow":["GET"]}}],"collection":[{"href":"https:\/\/studio-imagin.fr\/accueil\/wp-json\/wp\/v2\/pages"}],"about":[{"href":"https:\/\/studio-imagin.fr\/accueil\/wp-json\/wp\/v2\/types\/page"}],"author":[{"embeddable":true,"href":"https:\/\/studio-imagin.fr\/accueil\/wp-json\/wp\/v2\/users\/1"}],"replies":[{"embeddable":true,"href":"https:\/\/studio-imagin.fr\/accueil\/wp-json\/wp\/v2\/comments?post=179"}],"version-history":[{"count":5,"href":"https:\/\/studio-imagin.fr\/accueil\/wp-json\/wp\/v2\/pages\/179\/revisions"}],"predecessor-version":[{"id":264,"href":"https:\/\/studio-imagin.fr\/accueil\/wp-json\/wp\/v2\/pages\/179\/revisions\/264"}],"wp:attachment":[{"href":"https:\/\/studio-imagin.fr\/accueil\/wp-json\/wp\/v2\/media?parent=179"}],"curies":[{"name":"wp","href":"https:\/\/api.w.org\/{rel}","templated":true}]}}