{"id":221,"date":"2020-08-18T12:02:53","date_gmt":"2020-08-18T10:02:53","guid":{"rendered":"https:\/\/studio-imagin.fr\/accueil\/?page_id=221"},"modified":"2022-02-20T17:32:48","modified_gmt":"2022-02-20T16:32:48","slug":"photos-didentite","status":"publish","type":"page","link":"https:\/\/studio-imagin.fr\/accueil\/photos-didentite\/","title":{"rendered":"Photos d&rsquo;identit\u00e9"},"content":{"rendered":"\t\t<div data-elementor-type=\"wp-page\" data-elementor-id=\"221\" class=\"elementor elementor-221\" data-elementor-post-type=\"page\">\n\t\t\t\t\t\t<section class=\"elementor-section elementor-top-section elementor-element elementor-element-15121268 elementor-section-boxed elementor-section-height-default elementor-section-height-default\" data-id=\"15121268\" data-element_type=\"section\">\n\t\t\t\t\t\t<div class=\"elementor-container elementor-column-gap-default\">\n\t\t\t\t\t<div class=\"elementor-column elementor-col-100 elementor-top-column elementor-element elementor-element-424321ce\" data-id=\"424321ce\" data-element_type=\"column\">\n\t\t\t<div class=\"elementor-widget-wrap elementor-element-populated\">\n\t\t\t\t\t\t<div class=\"elementor-element elementor-element-2a071e01 elementor-widget elementor-widget-text-editor\" data-id=\"2a071e01\" data-element_type=\"widget\" data-widget_type=\"text-editor.default\">\n\t\t\t\t<div class=\"elementor-widget-container\">\n\t\t\t\t\t\t\t<!-- wp:paragraph -->\n<p>La photo d&rsquo;identit\u00e9 reste obligatoire pour un grand nombre de documents administratifs et avec le d\u00e9veloppement de la photographie num\u00e9rique et la disparition des photographes, il devient parfois difficile de se faire photographier.<\/p>\n<!-- \/wp:paragraph -->\n\n<!-- wp:paragraph -->\n<p>A votre disposition il reste<\/p>\n<!-- \/wp:paragraph -->\n\n<!-- wp:list -->\n<ul><li>quelques photographes install\u00e9s<\/li><li>des machines automatiques<\/li><\/ul>\n<!-- \/wp:list -->\n\n<!-- wp:paragraph -->\n<p>Imag&rsquo;in vous propose la photographie d&rsquo;identit\u00e9 pour :<\/p>\n<!-- \/wp:paragraph -->\n\n<!-- wp:list -->\n<ul><li>carte d&rsquo;identit\u00e9<\/li><li>curriculum vitae<\/li><li>carte de sport<\/li><li>carte vitale<\/li><\/ul>\n<!-- \/wp:list -->\n\n<!-- wp:paragraph -->\n<p>Cependant, nous ne proposons pas la photo pour le permis de conduire car une nouvelle r\u00e9glementation a vu le jour et ce type de photo est soumis \u00e0 un enregistrement num\u00e9rique avec les services administratifs quelque peu contraignant.<\/p>\n<!-- \/wp:paragraph -->\n\n<!-- wp:paragraph -->\n<p>Nous disposons d&rsquo;un studio \u00e9quip\u00e9 pour r\u00e9aliser les photos d&rsquo;identit\u00e9 et nous appliquons totalement les r\u00e8gles administratives : cadrage, lunette, expression etc&#8230;<\/p>\n<!-- \/wp:paragraph -->\n\n<!-- wp:paragraph -->\n<p>Nous r\u00e9alisons l&rsquo;impression sur papier \u00e0 partir d&rsquo;une imprimante jet d&rsquo;encre ou \u00e0 partir de notre <a href=\"http:\/\/laboratoire\">laboratoire argentique<\/a> si bien s\u00fbr ce dernier est en place car nous sommes maintenant dans l&rsquo;obligation de couper r\u00e9guli\u00e8rement ce labo.<\/p>\n<!-- \/wp:paragraph -->\n\n<!-- wp:paragraph -->\n<p>Vous pouvez vous faire photographier quelque soit votre \u00e2ge. Si vous n&rsquo;\u00eates pas en mesure de monter \u00e0 l&rsquo;\u00e9tage, nous pouvons r\u00e9aliser la photo au rez de chauss\u00e9e avec un mat\u00e9riel d&rsquo;appoint.<\/p>\n<!-- \/wp:paragraph -->\n\n<!-- wp:paragraph -->\n<p>Les tarifs sont les suivants.<\/p>\n<!-- \/wp:paragraph -->\t\t\t\t\t\t<\/div>\n\t\t\t\t<\/div>\n\t\t\t\t\t<\/div>\n\t\t<\/div>\n\t\t\t\t\t<\/div>\n\t\t<\/section>\n\t\t\t\t<section class=\"elementor-section elementor-top-section elementor-element elementor-element-4bd408e elementor-section-boxed elementor-section-height-default elementor-section-height-default\" data-id=\"4bd408e\" data-element_type=\"section\">\n\t\t\t\t\t\t<div class=\"elementor-container elementor-column-gap-default\">\n\t\t\t\t\t<div class=\"elementor-column elementor-col-100 elementor-top-column elementor-element elementor-element-2cb6ac7\" data-id=\"2cb6ac7\" data-element_type=\"column\">\n\t\t\t<div class=\"elementor-widget-wrap elementor-element-populated\">\n\t\t\t\t\t\t<div class=\"elementor-element elementor-element-bbc4a7b elementor-widget elementor-widget-price-table\" data-id=\"bbc4a7b\" data-element_type=\"widget\" data-widget_type=\"price-table.default\">\n\t\t\t\t<div class=\"elementor-widget-container\">\n\t\t\t\n\t\t<div class=\"elementor-price-table\">\n\t\t\t\t\t\t\t<div class=\"elementor-price-table__header\">\n\t\t\t\t\t\t\t\t\t\t\t<h3 class=\"elementor-price-table__heading\">\n\t\t\t\t\t\tPhoto d'identit\u00e9 lot de 6\t\t\t\t\t\t<\/h3>\n\t\t\t\t\t\n\t\t\t\t\t\t\t\t\t\t\t<span class=\"elementor-price-table__subheading\">\n\t\t\t\t\t\t\tDe pr\u00e9f\u00e9rence sur rendez vous\t\t\t\t\t\t<\/span>\n\t\t\t\t\t\t\t\t\t<\/div>\n\t\t\t\n\t\t\t<div class=\"elementor-price-table__price\">\n\t\t\t\t\t\t\t\t<span class=\"elementor-price-table__currency\">&#128;<\/span>\t\t\t\t\t\t\t\t\t<span class=\"elementor-price-table__integer-part\">\n\t\t\t\t\t\t10\t\t\t\t\t<\/span>\n\t\t\t\t\n\t\t\t\t\n\t\t\t\t\n\t\t\t\t\t\t\t\t\t<span class=\"elementor-price-table__period elementor-typo-excluded\">Sur Rendez vous - 12 euros pour une identit\u00e9 b\u00e9b\u00e9 (jusque 12 mois)<\/span>\t\t\t\t\t\t\t<\/div>\n\n\t\t\t\t\t\t\t<ul class=\"elementor-price-table__features-list\">\n\t\t\t\t\t\t\t\t\t\t\t<li class=\"elementor-repeater-item-53cb9ba\">\n\t\t\t\t\t\t\t<div class=\"elementor-price-table__feature-inner\">\n\t\t\t\t\t\t\t\t<i aria-hidden=\"true\" class=\"far fa-check-circle\"><\/i>\t\t\t\t\t\t\t\t\t\t\t\t\t\t\t\t\t<span >\n\t\t\t\t\t\t\t\t\t\tEn 10 minutes\t\t\t\t\t\t\t\t\t<\/span>\n\t\t\t\t\t\t\t\t\t\t\t\t\t\t\t\t<\/div>\n\t\t\t\t\t\t<\/li>\n\t\t\t\t\t\t\t\t\t<\/ul>\n\t\t\t\n\t\t\t\t\t<\/div>\n\n\t\t\t\t\t<div class=\"elementor-price-table__ribbon\">\n\t\t\t\t<div class=\"elementor-price-table__ribbon-inner\">\n\t\t\t\t\tPROFESSIONNEL\t\t\t\t<\/div>\n\t\t\t<\/div>\n\t\t\t\t\t<\/div>\n\t\t\t\t<\/div>\n\t\t\t\t\t<\/div>\n\t\t<\/div>\n\t\t\t\t\t<\/div>\n\t\t<\/section>\n\t\t\t\t<section class=\"elementor-section elementor-top-section elementor-element elementor-element-8156bdc elementor-section-boxed elementor-section-height-default elementor-section-height-default\" data-id=\"8156bdc\" data-element_type=\"section\">\n\t\t\t\t\t\t<div class=\"elementor-container elementor-column-gap-default\">\n\t\t\t\t\t<div class=\"elementor-column elementor-col-100 elementor-top-column elementor-element elementor-element-2965570\" data-id=\"2965570\" data-element_type=\"column\">\n\t\t\t<div class=\"elementor-widget-wrap elementor-element-populated\">\n\t\t\t\t\t\t<div class=\"elementor-element elementor-element-ab6e9e0 elementor-widget elementor-widget-image\" data-id=\"ab6e9e0\" data-element_type=\"widget\" data-widget_type=\"image.default\">\n\t\t\t\t<div class=\"elementor-widget-container\">\n\t\t\t\t\t\t\t\t\t\t\t\t\t\t<a href=\"https:\/\/www.service-public.fr\/particuliers\/vosdroits\/F10619\" target=\"_blank\">\n\t\t\t\t\t\t\t<img fetchpriority=\"high\" decoding=\"async\" width=\"433\" height=\"1024\" src=\"https:\/\/studio-imagin.fr\/wp-content\/uploads\/2020\/08\/photo-didentit-les-normes-franaises-1-1024-433x1024.jpg\" class=\"attachment-large size-large wp-image-228\" alt=\"photo d&#039;identit\u00e9\" srcset=\"https:\/\/studio-imagin.fr\/wp-content\/uploads\/2020\/08\/photo-didentit-les-normes-franaises-1-1024-433x1024.jpg 433w, https:\/\/studio-imagin.fr\/wp-content\/uploads\/2020\/08\/photo-didentit-les-normes-franaises-1-1024-350x828.jpg 350w, https:\/\/studio-imagin.fr\/wp-content\/uploads\/2020\/08\/photo-didentit-les-normes-franaises-1-1024-127x300.jpg 127w, https:\/\/studio-imagin.fr\/wp-content\/uploads\/2020\/08\/photo-didentit-les-normes-franaises-1-1024-768x1817.jpg 768w, https:\/\/studio-imagin.fr\/wp-content\/uploads\/2020\/08\/photo-didentit-les-normes-franaises-1-1024-649x1536.jpg 649w, https:\/\/studio-imagin.fr\/wp-content\/uploads\/2020\/08\/photo-didentit-les-normes-franaises-1-1024-866x2048.jpg 866w, https:\/\/studio-imagin.fr\/wp-content\/uploads\/2020\/08\/photo-didentit-les-normes-franaises-1-1024-500x1183.jpg 500w, https:\/\/studio-imagin.fr\/wp-content\/uploads\/2020\/08\/photo-didentit-les-normes-franaises-1-1024-800x1892.jpg 800w, https:\/\/studio-imagin.fr\/wp-content\/uploads\/2020\/08\/photo-didentit-les-normes-franaises-1-1024.jpg 1024w\" sizes=\"100vw\" \/>\t\t\t\t\t\t\t\t<\/a>\n\t\t\t\t\t\t\t\t\t\t\t\t\t<\/div>\n\t\t\t\t<\/div>\n\t\t\t\t\t<\/div>\n\t\t<\/div>\n\t\t\t\t\t<\/div>\n\t\t<\/section>\n\t\t\t\t<\/div>\n\t\t","protected":false},"excerpt":{"rendered":"<p>La photo d&rsquo;identit\u00e9 reste obligatoire pour un grand nombre de documents administratifs et avec le d\u00e9veloppement de la photographie num\u00e9rique et la disparition des photographes, il devient parfois difficile de se faire photographier. A votre disposition il reste quelques photographes install\u00e9s des machines automatiques Imag&rsquo;in vous propose la photographie d&rsquo;identit\u00e9 pour : carte d&rsquo;identit\u00e9 curriculum &hellip; <\/p>\n<p class=\"link-more\"><a href=\"https:\/\/studio-imagin.fr\/accueil\/photos-didentite\/\" class=\"more-link\">Continuer la lecture<span class=\"screen-reader-text\"> de &laquo;&nbsp;Photos d&rsquo;identit\u00e9&nbsp;&raquo;<\/span><\/a><\/p>\n","protected":false},"author":1,"featured_media":0,"parent":0,"menu_order":0,"comment_status":"closed","ping_status":"closed","template":"elementor_header_footer","meta":{"footnotes":""},"class_list":["post-221","page","type-page","status-publish","hentry"],"yoast_head":"<!-- This site is optimized with the Yoast SEO plugin v22.5 - https:\/\/yoast.com\/wordpress\/plugins\/seo\/ -->\n<title>Photos d&#039;identit\u00e9 - Atelier et studio photo imag&#039;in<\/title>\n<meta name=\"robots\" content=\"index, follow, max-snippet:-1, max-image-preview:large, max-video-preview:-1\" \/>\n<link rel=\"canonical\" href=\"https:\/\/studio-imagin.fr\/accueil\/photos-didentite\/\" \/>\n<meta property=\"og:locale\" content=\"fr_FR\" \/>\n<meta property=\"og:type\" content=\"article\" \/>\n<meta property=\"og:title\" content=\"Photos d&#039;identit\u00e9 - Atelier et studio photo imag&#039;in\" \/>\n<meta property=\"og:description\" content=\"La photo d&rsquo;identit\u00e9 reste obligatoire pour un grand nombre de documents administratifs et avec le d\u00e9veloppement de la photographie num\u00e9rique et la disparition des photographes, il devient parfois difficile de se faire photographier. A votre disposition il reste quelques photographes install\u00e9s des machines automatiques Imag&rsquo;in vous propose la photographie d&rsquo;identit\u00e9 pour : carte d&rsquo;identit\u00e9 curriculum &hellip; Continuer la lecture de &laquo;&nbsp;Photos d&rsquo;identit\u00e9&nbsp;&raquo;\" \/>\n<meta property=\"og:url\" content=\"https:\/\/studio-imagin.fr\/accueil\/photos-didentite\/\" \/>\n<meta property=\"og:site_name\" content=\"Atelier et studio photo imag&#039;in\" \/>\n<meta property=\"article:modified_time\" content=\"2022-02-20T16:32:48+00:00\" \/>\n<meta property=\"og:image\" content=\"https:\/\/studio-imagin.fr\/wp-content\/uploads\/2020\/08\/photo-didentit-les-normes-franaises-1-1024-433x1024.jpg\" \/>\n<meta name=\"twitter:card\" content=\"summary_large_image\" \/>\n<meta name=\"twitter:label1\" content=\"Dur\u00e9e de lecture estim\u00e9e\" \/>\n\t<meta name=\"twitter:data1\" content=\"2 minutes\" \/>\n<script type=\"application\/ld+json\" class=\"yoast-schema-graph\">{\"@context\":\"https:\/\/schema.org\",\"@graph\":[{\"@type\":\"WebPage\",\"@id\":\"https:\/\/studio-imagin.fr\/accueil\/photos-didentite\/\",\"url\":\"https:\/\/studio-imagin.fr\/accueil\/photos-didentite\/\",\"name\":\"Photos d'identit\u00e9 - Atelier et studio photo imag&#039;in\",\"isPartOf\":{\"@id\":\"https:\/\/studio-imagin.fr\/accueil\/#website\"},\"primaryImageOfPage\":{\"@id\":\"https:\/\/studio-imagin.fr\/accueil\/photos-didentite\/#primaryimage\"},\"image\":{\"@id\":\"https:\/\/studio-imagin.fr\/accueil\/photos-didentite\/#primaryimage\"},\"thumbnailUrl\":\"https:\/\/studio-imagin.fr\/wp-content\/uploads\/2020\/08\/photo-didentit-les-normes-franaises-1-1024-433x1024.jpg\",\"datePublished\":\"2020-08-18T10:02:53+00:00\",\"dateModified\":\"2022-02-20T16:32:48+00:00\",\"breadcrumb\":{\"@id\":\"https:\/\/studio-imagin.fr\/accueil\/photos-didentite\/#breadcrumb\"},\"inLanguage\":\"fr-FR\",\"potentialAction\":[{\"@type\":\"ReadAction\",\"target\":[\"https:\/\/studio-imagin.fr\/accueil\/photos-didentite\/\"]}]},{\"@type\":\"ImageObject\",\"inLanguage\":\"fr-FR\",\"@id\":\"https:\/\/studio-imagin.fr\/accueil\/photos-didentite\/#primaryimage\",\"url\":\"https:\/\/studio-imagin.fr\/wp-content\/uploads\/2020\/08\/photo-didentit-les-normes-franaises-1-1024-433x1024.jpg\",\"contentUrl\":\"https:\/\/studio-imagin.fr\/wp-content\/uploads\/2020\/08\/photo-didentit-les-normes-franaises-1-1024-433x1024.jpg\"},{\"@type\":\"BreadcrumbList\",\"@id\":\"https:\/\/studio-imagin.fr\/accueil\/photos-didentite\/#breadcrumb\",\"itemListElement\":[{\"@type\":\"ListItem\",\"position\":1,\"name\":\"Accueil\",\"item\":\"https:\/\/studio-imagin.fr\/accueil\/\"},{\"@type\":\"ListItem\",\"position\":2,\"name\":\"Photos d&rsquo;identit\u00e9\"}]},{\"@type\":\"WebSite\",\"@id\":\"https:\/\/studio-imagin.fr\/accueil\/#website\",\"url\":\"https:\/\/studio-imagin.fr\/accueil\/\",\"name\":\"Atelier et studio photo imag&#039;in\",\"description\":\"Bonjour et Bienvenue sur le site de Imag&#039;in \u00e0 Cuinchy - Photographe Blat Pascal\",\"potentialAction\":[{\"@type\":\"SearchAction\",\"target\":{\"@type\":\"EntryPoint\",\"urlTemplate\":\"https:\/\/studio-imagin.fr\/accueil\/?s={search_term_string}\"},\"query-input\":\"required name=search_term_string\"}],\"inLanguage\":\"fr-FR\"}]}<\/script>\n<!-- \/ Yoast SEO plugin. -->","yoast_head_json":{"title":"Photos d'identit\u00e9 - Atelier et studio photo imag&#039;in","robots":{"index":"index","follow":"follow","max-snippet":"max-snippet:-1","max-image-preview":"max-image-preview:large","max-video-preview":"max-video-preview:-1"},"canonical":"https:\/\/studio-imagin.fr\/accueil\/photos-didentite\/","og_locale":"fr_FR","og_type":"article","og_title":"Photos d'identit\u00e9 - Atelier et studio photo imag&#039;in","og_description":"La photo d&rsquo;identit\u00e9 reste obligatoire pour un grand nombre de documents administratifs et avec le d\u00e9veloppement de la photographie num\u00e9rique et la disparition des photographes, il devient parfois difficile de se faire photographier. A votre disposition il reste quelques photographes install\u00e9s des machines automatiques Imag&rsquo;in vous propose la photographie d&rsquo;identit\u00e9 pour : carte d&rsquo;identit\u00e9 curriculum &hellip; Continuer la lecture de &laquo;&nbsp;Photos d&rsquo;identit\u00e9&nbsp;&raquo;","og_url":"https:\/\/studio-imagin.fr\/accueil\/photos-didentite\/","og_site_name":"Atelier et studio photo imag&#039;in","article_modified_time":"2022-02-20T16:32:48+00:00","og_image":[{"url":"https:\/\/studio-imagin.fr\/wp-content\/uploads\/2020\/08\/photo-didentit-les-normes-franaises-1-1024-433x1024.jpg"}],"twitter_card":"summary_large_image","twitter_misc":{"Dur\u00e9e de lecture estim\u00e9e":"2 minutes"},"schema":{"@context":"https:\/\/schema.org","@graph":[{"@type":"WebPage","@id":"https:\/\/studio-imagin.fr\/accueil\/photos-didentite\/","url":"https:\/\/studio-imagin.fr\/accueil\/photos-didentite\/","name":"Photos d'identit\u00e9 - Atelier et studio photo imag&#039;in","isPartOf":{"@id":"https:\/\/studio-imagin.fr\/accueil\/#website"},"primaryImageOfPage":{"@id":"https:\/\/studio-imagin.fr\/accueil\/photos-didentite\/#primaryimage"},"image":{"@id":"https:\/\/studio-imagin.fr\/accueil\/photos-didentite\/#primaryimage"},"thumbnailUrl":"https:\/\/studio-imagin.fr\/wp-content\/uploads\/2020\/08\/photo-didentit-les-normes-franaises-1-1024-433x1024.jpg","datePublished":"2020-08-18T10:02:53+00:00","dateModified":"2022-02-20T16:32:48+00:00","breadcrumb":{"@id":"https:\/\/studio-imagin.fr\/accueil\/photos-didentite\/#breadcrumb"},"inLanguage":"fr-FR","potentialAction":[{"@type":"ReadAction","target":["https:\/\/studio-imagin.fr\/accueil\/photos-didentite\/"]}]},{"@type":"ImageObject","inLanguage":"fr-FR","@id":"https:\/\/studio-imagin.fr\/accueil\/photos-didentite\/#primaryimage","url":"https:\/\/studio-imagin.fr\/wp-content\/uploads\/2020\/08\/photo-didentit-les-normes-franaises-1-1024-433x1024.jpg","contentUrl":"https:\/\/studio-imagin.fr\/wp-content\/uploads\/2020\/08\/photo-didentit-les-normes-franaises-1-1024-433x1024.jpg"},{"@type":"BreadcrumbList","@id":"https:\/\/studio-imagin.fr\/accueil\/photos-didentite\/#breadcrumb","itemListElement":[{"@type":"ListItem","position":1,"name":"Accueil","item":"https:\/\/studio-imagin.fr\/accueil\/"},{"@type":"ListItem","position":2,"name":"Photos d&rsquo;identit\u00e9"}]},{"@type":"WebSite","@id":"https:\/\/studio-imagin.fr\/accueil\/#website","url":"https:\/\/studio-imagin.fr\/accueil\/","name":"Atelier et studio photo imag&#039;in","description":"Bonjour et Bienvenue sur le site de Imag&#039;in \u00e0 Cuinchy - Photographe Blat Pascal","potentialAction":[{"@type":"SearchAction","target":{"@type":"EntryPoint","urlTemplate":"https:\/\/studio-imagin.fr\/accueil\/?s={search_term_string}"},"query-input":"required name=search_term_string"}],"inLanguage":"fr-FR"}]}},"_links":{"self":[{"href":"https:\/\/studio-imagin.fr\/accueil\/wp-json\/wp\/v2\/pages\/221","targetHints":{"allow":["GET"]}}],"collection":[{"href":"https:\/\/studio-imagin.fr\/accueil\/wp-json\/wp\/v2\/pages"}],"about":[{"href":"https:\/\/studio-imagin.fr\/accueil\/wp-json\/wp\/v2\/types\/page"}],"author":[{"embeddable":true,"href":"https:\/\/studio-imagin.fr\/accueil\/wp-json\/wp\/v2\/users\/1"}],"replies":[{"embeddable":true,"href":"https:\/\/studio-imagin.fr\/accueil\/wp-json\/wp\/v2\/comments?post=221"}],"version-history":[{"count":11,"href":"https:\/\/studio-imagin.fr\/accueil\/wp-json\/wp\/v2\/pages\/221\/revisions"}],"predecessor-version":[{"id":371,"href":"https:\/\/studio-imagin.fr\/accueil\/wp-json\/wp\/v2\/pages\/221\/revisions\/371"}],"wp:attachment":[{"href":"https:\/\/studio-imagin.fr\/accueil\/wp-json\/wp\/v2\/media?parent=221"}],"curies":[{"name":"wp","href":"https:\/\/api.w.org\/{rel}","templated":true}]}}