{"id":302,"date":"2020-08-21T10:10:05","date_gmt":"2020-08-21T08:10:05","guid":{"rendered":"https:\/\/studio-imagin.fr\/accueil\/?page_id=302"},"modified":"2022-02-20T20:17:52","modified_gmt":"2022-02-20T19:17:52","slug":"studio-de-prises-de-vues","status":"publish","type":"page","link":"https:\/\/studio-imagin.fr\/accueil\/studio-de-prises-de-vues\/","title":{"rendered":"Studio de prises de vues"},"content":{"rendered":"\t\t<div data-elementor-type=\"wp-page\" data-elementor-id=\"302\" class=\"elementor elementor-302\" data-elementor-post-type=\"page\">\n\t\t\t\t\t\t<section class=\"elementor-section elementor-top-section elementor-element elementor-element-21515c0c elementor-section-boxed elementor-section-height-default elementor-section-height-default\" data-id=\"21515c0c\" data-element_type=\"section\">\n\t\t\t\t\t\t<div class=\"elementor-container elementor-column-gap-default\">\n\t\t\t\t\t<div class=\"elementor-column elementor-col-100 elementor-top-column elementor-element elementor-element-2876041f\" data-id=\"2876041f\" data-element_type=\"column\">\n\t\t\t<div class=\"elementor-widget-wrap elementor-element-populated\">\n\t\t\t\t\t\t<div class=\"elementor-element elementor-element-25e911d elementor-invisible elementor-widget elementor-widget-gallery\" data-id=\"25e911d\" data-element_type=\"widget\" data-settings=\"{&quot;gap&quot;:{&quot;unit&quot;:&quot;px&quot;,&quot;size&quot;:12,&quot;sizes&quot;:[]},&quot;_animation&quot;:&quot;zoomIn&quot;,&quot;lazyload&quot;:&quot;yes&quot;,&quot;gallery_layout&quot;:&quot;grid&quot;,&quot;columns&quot;:4,&quot;columns_tablet&quot;:2,&quot;columns_mobile&quot;:1,&quot;gap_tablet&quot;:{&quot;unit&quot;:&quot;px&quot;,&quot;size&quot;:10,&quot;sizes&quot;:[]},&quot;gap_mobile&quot;:{&quot;unit&quot;:&quot;px&quot;,&quot;size&quot;:10,&quot;sizes&quot;:[]},&quot;link_to&quot;:&quot;file&quot;,&quot;aspect_ratio&quot;:&quot;3:2&quot;,&quot;overlay_background&quot;:&quot;yes&quot;,&quot;content_hover_animation&quot;:&quot;fade-in&quot;}\" data-widget_type=\"gallery.default\">\n\t\t\t\t<div class=\"elementor-widget-container\">\n\t\t\t\t\t<div class=\"elementor-gallery__container\">\n\t\t\t\t\t\t\t<a class=\"e-gallery-item elementor-gallery-item elementor-animated-content\" href=\"https:\/\/studio-imagin.fr\/wp-content\/uploads\/2020\/08\/MONSEIGNEUR2-scaled.jpg\" data-elementor-open-lightbox=\"yes\" data-elementor-lightbox-slideshow=\"25e911d\" data-elementor-lightbox-title=\"MONSEIGNEUR2\" data-e-action-hash=\"#elementor-action%3Aaction%3Dlightbox%26settings%3DeyJpZCI6MzA4LCJ1cmwiOiJodHRwczpcL1wvc3R1ZGlvLWltYWdpbi5mclwvd3AtY29udGVudFwvdXBsb2Fkc1wvMjAyMFwvMDhcL01PTlNFSUdORVVSMi1zY2FsZWQuanBnIiwic2xpZGVzaG93IjoiMjVlOTExZCJ9\">\n\t\t\t\t\t<div class=\"e-gallery-image elementor-gallery-item__image\" data-thumbnail=\"https:\/\/studio-imagin.fr\/wp-content\/uploads\/2020\/08\/MONSEIGNEUR2-291x300.jpg\" data-width=\"291\" data-height=\"300\" aria-label=\"\" role=\"img\" ><\/div>\n\t\t\t\t\t\t\t\t\t\t\t<div class=\"elementor-gallery-item__overlay\"><\/div>\n\t\t\t\t\t\t\t\t\t\t\t\t\t\t<\/a>\n\t\t\t\t\t\t\t<a class=\"e-gallery-item elementor-gallery-item elementor-animated-content\" href=\"https:\/\/studio-imagin.fr\/wp-content\/uploads\/2020\/08\/BLA_0120.jpg\" data-elementor-open-lightbox=\"yes\" data-elementor-lightbox-slideshow=\"25e911d\" data-elementor-lightbox-title=\"Photo a\u00e9rienne\" data-elementor-lightbox-description=\"Photo vue du ciel pour montrer le cours photo a\u00e9rien\" data-e-action-hash=\"#elementor-action%3Aaction%3Dlightbox%26settings%3DeyJpZCI6MjkzLCJ1cmwiOiJodHRwczpcL1wvc3R1ZGlvLWltYWdpbi5mclwvd3AtY29udGVudFwvdXBsb2Fkc1wvMjAyMFwvMDhcL0JMQV8wMTIwLmpwZyIsInNsaWRlc2hvdyI6IjI1ZTkxMWQifQ%3D%3D\">\n\t\t\t\t\t<div class=\"e-gallery-image elementor-gallery-item__image\" data-thumbnail=\"https:\/\/studio-imagin.fr\/wp-content\/uploads\/2020\/08\/BLA_0120-300x200.jpg\" data-width=\"300\" data-height=\"200\" aria-label=\"photo aerienne hauts de france\" role=\"img\" ><\/div>\n\t\t\t\t\t\t\t\t\t\t\t<div class=\"elementor-gallery-item__overlay\"><\/div>\n\t\t\t\t\t\t\t\t\t\t\t\t\t\t<\/a>\n\t\t\t\t\t\t\t<a class=\"e-gallery-item elementor-gallery-item elementor-animated-content\" href=\"https:\/\/studio-imagin.fr\/wp-content\/uploads\/2020\/08\/DSC0544.jpg\" data-elementor-open-lightbox=\"yes\" data-elementor-lightbox-slideshow=\"25e911d\" data-elementor-lightbox-title=\"photo paysage islande\" data-elementor-lightbox-description=\"photo d&#039;un cratere en islande en photo de paysage\" data-e-action-hash=\"#elementor-action%3Aaction%3Dlightbox%26settings%3DeyJpZCI6MjkyLCJ1cmwiOiJodHRwczpcL1wvc3R1ZGlvLWltYWdpbi5mclwvd3AtY29udGVudFwvdXBsb2Fkc1wvMjAyMFwvMDhcL0RTQzA1NDQuanBnIiwic2xpZGVzaG93IjoiMjVlOTExZCJ9\">\n\t\t\t\t\t<div class=\"e-gallery-image elementor-gallery-item__image\" data-thumbnail=\"https:\/\/studio-imagin.fr\/wp-content\/uploads\/2020\/08\/DSC0544-300x152.jpg\" data-width=\"300\" data-height=\"152\" aria-label=\"photo de paysage\" role=\"img\" ><\/div>\n\t\t\t\t\t\t\t\t\t\t\t<div class=\"elementor-gallery-item__overlay\"><\/div>\n\t\t\t\t\t\t\t\t\t\t\t\t\t\t<\/a>\n\t\t\t\t\t\t\t<a class=\"e-gallery-item elementor-gallery-item elementor-animated-content\" href=\"https:\/\/studio-imagin.fr\/wp-content\/uploads\/2020\/08\/DSC0503.jpg\" data-elementor-open-lightbox=\"yes\" data-elementor-lightbox-slideshow=\"25e911d\" data-elementor-lightbox-title=\"grand paysage en photo\" data-elementor-lightbox-description=\"photo d&#039;un paysage en islande par temps couvert\" data-e-action-hash=\"#elementor-action%3Aaction%3Dlightbox%26settings%3DeyJpZCI6MjkxLCJ1cmwiOiJodHRwczpcL1wvc3R1ZGlvLWltYWdpbi5mclwvd3AtY29udGVudFwvdXBsb2Fkc1wvMjAyMFwvMDhcL0RTQzA1MDMuanBnIiwic2xpZGVzaG93IjoiMjVlOTExZCJ9\">\n\t\t\t\t\t<div class=\"e-gallery-image elementor-gallery-item__image\" data-thumbnail=\"https:\/\/studio-imagin.fr\/wp-content\/uploads\/2020\/08\/DSC0503-300x133.jpg\" data-width=\"300\" data-height=\"133\" aria-label=\"grands paysages\" role=\"img\" ><\/div>\n\t\t\t\t\t\t\t\t\t\t\t<div class=\"elementor-gallery-item__overlay\"><\/div>\n\t\t\t\t\t\t\t\t\t\t\t\t\t\t<\/a>\n\t\t\t\t\t<\/div>\n\t\t\t<\/div>\n\t\t\t\t<\/div>\n\t\t\t\t<div class=\"elementor-element elementor-element-1d0f55af animated-slow elementor-invisible elementor-widget elementor-widget-text-editor\" data-id=\"1d0f55af\" data-element_type=\"widget\" data-settings=\"{&quot;_animation&quot;:&quot;zoomIn&quot;,&quot;_animation_delay&quot;:400}\" data-widget_type=\"text-editor.default\">\n\t\t\t\t<div class=\"elementor-widget-container\">\n\t\t\t\t\t\t\t<p><!-- wp:paragraph --><\/p>\n<p>Depuis sa cr\u00e9ation en 1993, Imag&rsquo;in a toujours poss\u00e9d\u00e9 et utilis\u00e9 un <strong>studio<\/strong> de prises de vues. La soci\u00e9t\u00e9, Arlequin, a du s&rsquo;adapter au bouleversement de la photographie en g\u00e9n\u00e9ral.<\/p>\n<p><!-- \/wp:paragraph --><!-- wp:paragraph --><\/p>\n<p>Lorsqu&rsquo;en 2017 nous d\u00e9cidons d&rsquo;ouvrir un magasin, nous lui avons donn\u00e9 le nom de Imag&rsquo;in mais notre entreprise est connue sous ce nom de Arlequin.<\/p>\n<p><!-- \/wp:paragraph --><!-- wp:paragraph --><\/p>\n<p>Photo de mariage, photographie scolaire, portrait en studio, \u00e9v\u00e9nementiel, la <strong>photographie professionnelle<\/strong> a toujours \u00e9t\u00e9 au centre du studio.<\/p>\n<p><!-- \/wp:paragraph --><!-- wp:paragraph --><\/p>\n<p>Pascal Blat, fondateur et g\u00e9rant mais \u00e9galement <a href=\"https:\/\/www.cours-photo-lille.fr\/21-stage-photo-portrait-enfant\">photographe professionnel<\/a>, a \u00e9t\u00e9 form\u00e9 par un grand nom de la photographie dans la r\u00e9gion : Pierre Cheuva.<\/p>\n<p><!-- \/wp:paragraph --><!-- wp:paragraph --><\/p>\n<p>\u00ab\u00a0je lui dois tout ce que je sais et surtout l&rsquo;exigence de ce grand photographe est aujourd&rsquo;hui la mienne\u00a0\u00bb<\/p>\n<p><!-- \/wp:paragraph --><!-- wp:image {\"id\":308,\"sizeSlug\":\"large\"} --><\/p>\n<figure class=\"wp-block-image size-large\"><\/figure>\n<p><!-- \/wp:image --><!-- wp:paragraph --><\/p>\n<p>\u00a0<\/p>\n<p><!-- \/wp:image --><\/p>\t\t\t\t\t\t<\/div>\n\t\t\t\t<\/div>\n\t\t\t\t\t<\/div>\n\t\t<\/div>\n\t\t\t\t\t<\/div>\n\t\t<\/section>\n\t\t\t\t<section class=\"elementor-section elementor-top-section elementor-element elementor-element-5d1f0a6 elementor-section-boxed elementor-section-height-default elementor-section-height-default\" data-id=\"5d1f0a6\" data-element_type=\"section\">\n\t\t\t\t\t\t<div class=\"elementor-container elementor-column-gap-default\">\n\t\t\t\t\t<div class=\"elementor-column elementor-col-100 elementor-top-column elementor-element elementor-element-eb075c7\" data-id=\"eb075c7\" data-element_type=\"column\">\n\t\t\t<div class=\"elementor-widget-wrap elementor-element-populated\">\n\t\t\t\t\t\t<div class=\"elementor-element elementor-element-d377fec elementor-widget elementor-widget-text-editor\" data-id=\"d377fec\" data-element_type=\"widget\" data-widget_type=\"text-editor.default\">\n\t\t\t\t<div class=\"elementor-widget-container\">\n\t\t\t\t\t\t\t<p>Sur Cuinchy, le studio vous propose donc sur rendez vous la possibilit\u00e9 de vous faire photographier pour :<\/p>\n<ul>\n<li>un portrait d&rsquo;enfant<\/li>\n<li>une photo de famille<\/li>\n<li>un portrait de votre animal de compagnie<\/li>\n<li>un book photo<\/li>\n<li>des photos de charme<\/li>\n<li>un reportage pour un \u00e9v\u00e9nement familial<\/li>\n<li>un reportage pour un \u00e9v\u00e9nement professionnel<\/li>\n<li>une photo d&rsquo;<a href=\"https:\/\/studio-imagin.fr\/accueil\/photos-didentite\/\">identit\u00e9<\/a><\/li>\n<li>des photos d&rsquo;<a href=\"https:\/\/studio-imagin.fr\/accueil\/le-cadeau-publicitaire\/\">objets pour la communication<\/a><\/li>\n<\/ul>\n<p>Le studio est \u00e9quip\u00e9 pour assurer l&rsquo;ensemble de ces prestations.<img fetchpriority=\"high\" decoding=\"async\" class=\"alignnone wp-image-380 size-full\" src=\"https:\/\/studio-imagin.fr\/wp-content\/uploads\/2022\/02\/photo-mariage-lille.jpg\" alt=\"\" width=\"1900\" height=\"1232\" srcset=\"https:\/\/studio-imagin.fr\/wp-content\/uploads\/2022\/02\/photo-mariage-lille.jpg 1900w, https:\/\/studio-imagin.fr\/wp-content\/uploads\/2022\/02\/photo-mariage-lille-300x195.jpg 300w, https:\/\/studio-imagin.fr\/wp-content\/uploads\/2022\/02\/photo-mariage-lille-1024x664.jpg 1024w, https:\/\/studio-imagin.fr\/wp-content\/uploads\/2022\/02\/photo-mariage-lille-768x498.jpg 768w, https:\/\/studio-imagin.fr\/wp-content\/uploads\/2022\/02\/photo-mariage-lille-1536x996.jpg 1536w, https:\/\/studio-imagin.fr\/wp-content\/uploads\/2022\/02\/photo-mariage-lille-500x324.jpg 500w, https:\/\/studio-imagin.fr\/wp-content\/uploads\/2022\/02\/photo-mariage-lille-800x519.jpg 800w, https:\/\/studio-imagin.fr\/wp-content\/uploads\/2022\/02\/photo-mariage-lille-1280x830.jpg 1280w, https:\/\/studio-imagin.fr\/wp-content\/uploads\/2022\/02\/photo-mariage-lille-350x227.jpg 350w\" sizes=\"(max-width: 767px) 89vw, (max-width: 1000px) 54vw, (max-width: 1071px) 543px, 580px\" \/><\/p>\n<p>Une qualit\u00e9 professionnelle, un service \u00e0 la hauteur de vos attentes, c&rsquo;est ce que vous propose Imag&rsquo;in.<\/p>\n<figure class=\"wp-block-image size-large\"><img decoding=\"async\" class=\"aligncenter wp-image-357\" src=\"https:\/\/studio-imagin.fr\/wp-content\/uploads\/2022\/02\/BLA_07432.jpg\" alt=\"\" width=\"463\" height=\"630\" srcset=\"https:\/\/studio-imagin.fr\/wp-content\/uploads\/2022\/02\/BLA_07432.jpg 463w, https:\/\/studio-imagin.fr\/wp-content\/uploads\/2022\/02\/BLA_07432-220x300.jpg 220w, https:\/\/studio-imagin.fr\/wp-content\/uploads\/2022\/02\/BLA_07432-350x476.jpg 350w\" sizes=\"(max-width: 463px) 100vw, 463px\" \/><\/figure>\t\t\t\t\t\t<\/div>\n\t\t\t\t<\/div>\n\t\t\t\t<div class=\"elementor-element elementor-element-b48e84f animated-slow elementor-invisible elementor-widget elementor-widget-image\" data-id=\"b48e84f\" data-element_type=\"widget\" data-settings=\"{&quot;motion_fx_motion_fx_scrolling&quot;:&quot;yes&quot;,&quot;motion_fx_scale_effect&quot;:&quot;yes&quot;,&quot;_animation&quot;:&quot;zoomIn&quot;,&quot;motion_fx_scale_direction&quot;:&quot;out-in&quot;,&quot;motion_fx_scale_speed&quot;:{&quot;unit&quot;:&quot;px&quot;,&quot;size&quot;:4,&quot;sizes&quot;:[]},&quot;motion_fx_scale_range&quot;:{&quot;unit&quot;:&quot;%&quot;,&quot;size&quot;:&quot;&quot;,&quot;sizes&quot;:{&quot;start&quot;:20,&quot;end&quot;:80}},&quot;motion_fx_devices&quot;:[&quot;desktop&quot;,&quot;tablet&quot;,&quot;mobile&quot;]}\" data-widget_type=\"image.default\">\n\t\t\t\t<div class=\"elementor-widget-container\">\n\t\t\t\t\t\t\t\t\t\t\t\t\t<img decoding=\"async\" width=\"525\" height=\"349\" src=\"https:\/\/studio-imagin.fr\/wp-content\/uploads\/2022\/02\/92c3523de61d06eebdc515f2babb64b9_XL-1024x681.jpg\" class=\"attachment-large size-large wp-image-375\" alt=\"\" srcset=\"https:\/\/studio-imagin.fr\/wp-content\/uploads\/2022\/02\/92c3523de61d06eebdc515f2babb64b9_XL-1024x681.jpg 1024w, https:\/\/studio-imagin.fr\/wp-content\/uploads\/2022\/02\/92c3523de61d06eebdc515f2babb64b9_XL-300x200.jpg 300w, https:\/\/studio-imagin.fr\/wp-content\/uploads\/2022\/02\/92c3523de61d06eebdc515f2babb64b9_XL-768x511.jpg 768w, https:\/\/studio-imagin.fr\/wp-content\/uploads\/2022\/02\/92c3523de61d06eebdc515f2babb64b9_XL-1536x1021.jpg 1536w, https:\/\/studio-imagin.fr\/wp-content\/uploads\/2022\/02\/92c3523de61d06eebdc515f2babb64b9_XL-500x333.jpg 500w, https:\/\/studio-imagin.fr\/wp-content\/uploads\/2022\/02\/92c3523de61d06eebdc515f2babb64b9_XL-800x532.jpg 800w, https:\/\/studio-imagin.fr\/wp-content\/uploads\/2022\/02\/92c3523de61d06eebdc515f2babb64b9_XL-1280x851.jpg 1280w, https:\/\/studio-imagin.fr\/wp-content\/uploads\/2022\/02\/92c3523de61d06eebdc515f2babb64b9_XL-350x233.jpg 350w, https:\/\/studio-imagin.fr\/wp-content\/uploads\/2022\/02\/92c3523de61d06eebdc515f2babb64b9_XL.jpg 1600w\" sizes=\"100vw\" \/>\t\t\t\t\t\t\t\t\t\t\t\t\t<\/div>\n\t\t\t\t<\/div>\n\t\t\t\t\t<\/div>\n\t\t<\/div>\n\t\t\t\t\t<\/div>\n\t\t<\/section>\n\t\t\t\t<section class=\"elementor-section elementor-top-section elementor-element elementor-element-351f6b5 elementor-section-boxed elementor-section-height-default elementor-section-height-default\" data-id=\"351f6b5\" data-element_type=\"section\">\n\t\t\t\t\t\t<div class=\"elementor-container elementor-column-gap-default\">\n\t\t\t\t\t<div class=\"elementor-column elementor-col-100 elementor-top-column elementor-element elementor-element-fd83182\" data-id=\"fd83182\" data-element_type=\"column\">\n\t\t\t<div class=\"elementor-widget-wrap\">\n\t\t\t\t\t\t\t<\/div>\n\t\t<\/div>\n\t\t\t\t\t<\/div>\n\t\t<\/section>\n\t\t\t\t<\/div>\n\t\t","protected":false},"excerpt":{"rendered":"<p>Depuis sa cr\u00e9ation en 1993, Imag&rsquo;in a toujours poss\u00e9d\u00e9 et utilis\u00e9 un studio de prises de vues. La soci\u00e9t\u00e9, Arlequin, a du s&rsquo;adapter au bouleversement de la photographie en g\u00e9n\u00e9ral. Lorsqu&rsquo;en 2017 nous d\u00e9cidons d&rsquo;ouvrir un magasin, nous lui avons donn\u00e9 le nom de Imag&rsquo;in mais notre entreprise est connue sous ce nom de Arlequin. &hellip; <\/p>\n<p class=\"link-more\"><a href=\"https:\/\/studio-imagin.fr\/accueil\/studio-de-prises-de-vues\/\" class=\"more-link\">Continuer la lecture<span class=\"screen-reader-text\"> de &laquo;&nbsp;Studio de prises de vues&nbsp;&raquo;<\/span><\/a><\/p>\n","protected":false},"author":1,"featured_media":0,"parent":0,"menu_order":0,"comment_status":"closed","ping_status":"closed","template":"elementor_header_footer","meta":{"footnotes":""},"class_list":["post-302","page","type-page","status-publish","hentry"],"yoast_head":"<!-- This site is optimized with the Yoast SEO plugin v22.5 - https:\/\/yoast.com\/wordpress\/plugins\/seo\/ -->\n<title>Studio de prises de vues - Atelier et studio photo imag&#039;in photographie<\/title>\n<meta name=\"description\" content=\"Le studio photo professionnel Imagin \u00e0 Cuinchy vous propose tous types de prises de vue pour la famille, les enfants ou le professionnel.\" \/>\n<meta name=\"robots\" content=\"index, follow, max-snippet:-1, max-image-preview:large, max-video-preview:-1\" \/>\n<link rel=\"canonical\" href=\"https:\/\/studio-imagin.fr\/accueil\/studio-de-prises-de-vues\/\" \/>\n<meta property=\"og:locale\" content=\"fr_FR\" \/>\n<meta property=\"og:type\" content=\"article\" \/>\n<meta property=\"og:title\" content=\"Studio de prises de vues - Atelier et studio photo imag&#039;in photographie\" \/>\n<meta property=\"og:description\" content=\"Le studio photo professionnel Imagin \u00e0 Cuinchy vous propose tous types de prises de vue pour la famille, les enfants ou le professionnel.\" \/>\n<meta property=\"og:url\" content=\"https:\/\/studio-imagin.fr\/accueil\/studio-de-prises-de-vues\/\" \/>\n<meta property=\"og:site_name\" content=\"Atelier et studio photo imag&#039;in\" \/>\n<meta property=\"article:modified_time\" content=\"2022-02-20T19:17:52+00:00\" \/>\n<meta property=\"og:image\" content=\"https:\/\/studio-imagin.fr\/wp-content\/uploads\/2022\/02\/photo-mariage-lille.jpg\" \/>\n<meta name=\"twitter:card\" content=\"summary_large_image\" \/>\n<meta name=\"twitter:label1\" content=\"Dur\u00e9e de lecture estim\u00e9e\" \/>\n\t<meta name=\"twitter:data1\" content=\"2 minutes\" \/>\n<script type=\"application\/ld+json\" class=\"yoast-schema-graph\">{\"@context\":\"https:\/\/schema.org\",\"@graph\":[{\"@type\":\"WebPage\",\"@id\":\"https:\/\/studio-imagin.fr\/accueil\/studio-de-prises-de-vues\/\",\"url\":\"https:\/\/studio-imagin.fr\/accueil\/studio-de-prises-de-vues\/\",\"name\":\"Studio de prises de vues - Atelier et studio photo imag&#039;in photographie\",\"isPartOf\":{\"@id\":\"https:\/\/studio-imagin.fr\/accueil\/#website\"},\"primaryImageOfPage\":{\"@id\":\"https:\/\/studio-imagin.fr\/accueil\/studio-de-prises-de-vues\/#primaryimage\"},\"image\":{\"@id\":\"https:\/\/studio-imagin.fr\/accueil\/studio-de-prises-de-vues\/#primaryimage\"},\"thumbnailUrl\":\"https:\/\/studio-imagin.fr\/wp-content\/uploads\/2022\/02\/photo-mariage-lille.jpg\",\"datePublished\":\"2020-08-21T08:10:05+00:00\",\"dateModified\":\"2022-02-20T19:17:52+00:00\",\"description\":\"Le studio photo professionnel Imagin \u00e0 Cuinchy vous propose tous types de prises de vue pour la famille, les enfants ou le professionnel.\",\"breadcrumb\":{\"@id\":\"https:\/\/studio-imagin.fr\/accueil\/studio-de-prises-de-vues\/#breadcrumb\"},\"inLanguage\":\"fr-FR\",\"potentialAction\":[{\"@type\":\"ReadAction\",\"target\":[\"https:\/\/studio-imagin.fr\/accueil\/studio-de-prises-de-vues\/\"]}]},{\"@type\":\"ImageObject\",\"inLanguage\":\"fr-FR\",\"@id\":\"https:\/\/studio-imagin.fr\/accueil\/studio-de-prises-de-vues\/#primaryimage\",\"url\":\"https:\/\/studio-imagin.fr\/wp-content\/uploads\/2022\/02\/photo-mariage-lille.jpg\",\"contentUrl\":\"https:\/\/studio-imagin.fr\/wp-content\/uploads\/2022\/02\/photo-mariage-lille.jpg\"},{\"@type\":\"BreadcrumbList\",\"@id\":\"https:\/\/studio-imagin.fr\/accueil\/studio-de-prises-de-vues\/#breadcrumb\",\"itemListElement\":[{\"@type\":\"ListItem\",\"position\":1,\"name\":\"Accueil\",\"item\":\"https:\/\/studio-imagin.fr\/accueil\/\"},{\"@type\":\"ListItem\",\"position\":2,\"name\":\"Studio de prises de vues\"}]},{\"@type\":\"WebSite\",\"@id\":\"https:\/\/studio-imagin.fr\/accueil\/#website\",\"url\":\"https:\/\/studio-imagin.fr\/accueil\/\",\"name\":\"Atelier et studio photo imag&#039;in\",\"description\":\"Bonjour et Bienvenue sur le site de Imag&#039;in \u00e0 Cuinchy - Photographe Blat Pascal\",\"potentialAction\":[{\"@type\":\"SearchAction\",\"target\":{\"@type\":\"EntryPoint\",\"urlTemplate\":\"https:\/\/studio-imagin.fr\/accueil\/?s={search_term_string}\"},\"query-input\":\"required name=search_term_string\"}],\"inLanguage\":\"fr-FR\"}]}<\/script>\n<!-- \/ Yoast SEO plugin. -->","yoast_head_json":{"title":"Studio de prises de vues - Atelier et studio photo imag&#039;in photographie","description":"Le studio photo professionnel Imagin \u00e0 Cuinchy vous propose tous types de prises de vue pour la famille, les enfants ou le professionnel.","robots":{"index":"index","follow":"follow","max-snippet":"max-snippet:-1","max-image-preview":"max-image-preview:large","max-video-preview":"max-video-preview:-1"},"canonical":"https:\/\/studio-imagin.fr\/accueil\/studio-de-prises-de-vues\/","og_locale":"fr_FR","og_type":"article","og_title":"Studio de prises de vues - Atelier et studio photo imag&#039;in photographie","og_description":"Le studio photo professionnel Imagin \u00e0 Cuinchy vous propose tous types de prises de vue pour la famille, les enfants ou le professionnel.","og_url":"https:\/\/studio-imagin.fr\/accueil\/studio-de-prises-de-vues\/","og_site_name":"Atelier et studio photo imag&#039;in","article_modified_time":"2022-02-20T19:17:52+00:00","og_image":[{"url":"https:\/\/studio-imagin.fr\/wp-content\/uploads\/2022\/02\/photo-mariage-lille.jpg"}],"twitter_card":"summary_large_image","twitter_misc":{"Dur\u00e9e de lecture estim\u00e9e":"2 minutes"},"schema":{"@context":"https:\/\/schema.org","@graph":[{"@type":"WebPage","@id":"https:\/\/studio-imagin.fr\/accueil\/studio-de-prises-de-vues\/","url":"https:\/\/studio-imagin.fr\/accueil\/studio-de-prises-de-vues\/","name":"Studio de prises de vues - Atelier et studio photo imag&#039;in photographie","isPartOf":{"@id":"https:\/\/studio-imagin.fr\/accueil\/#website"},"primaryImageOfPage":{"@id":"https:\/\/studio-imagin.fr\/accueil\/studio-de-prises-de-vues\/#primaryimage"},"image":{"@id":"https:\/\/studio-imagin.fr\/accueil\/studio-de-prises-de-vues\/#primaryimage"},"thumbnailUrl":"https:\/\/studio-imagin.fr\/wp-content\/uploads\/2022\/02\/photo-mariage-lille.jpg","datePublished":"2020-08-21T08:10:05+00:00","dateModified":"2022-02-20T19:17:52+00:00","description":"Le studio photo professionnel Imagin \u00e0 Cuinchy vous propose tous types de prises de vue pour la famille, les enfants ou le professionnel.","breadcrumb":{"@id":"https:\/\/studio-imagin.fr\/accueil\/studio-de-prises-de-vues\/#breadcrumb"},"inLanguage":"fr-FR","potentialAction":[{"@type":"ReadAction","target":["https:\/\/studio-imagin.fr\/accueil\/studio-de-prises-de-vues\/"]}]},{"@type":"ImageObject","inLanguage":"fr-FR","@id":"https:\/\/studio-imagin.fr\/accueil\/studio-de-prises-de-vues\/#primaryimage","url":"https:\/\/studio-imagin.fr\/wp-content\/uploads\/2022\/02\/photo-mariage-lille.jpg","contentUrl":"https:\/\/studio-imagin.fr\/wp-content\/uploads\/2022\/02\/photo-mariage-lille.jpg"},{"@type":"BreadcrumbList","@id":"https:\/\/studio-imagin.fr\/accueil\/studio-de-prises-de-vues\/#breadcrumb","itemListElement":[{"@type":"ListItem","position":1,"name":"Accueil","item":"https:\/\/studio-imagin.fr\/accueil\/"},{"@type":"ListItem","position":2,"name":"Studio de prises de vues"}]},{"@type":"WebSite","@id":"https:\/\/studio-imagin.fr\/accueil\/#website","url":"https:\/\/studio-imagin.fr\/accueil\/","name":"Atelier et studio photo imag&#039;in","description":"Bonjour et Bienvenue sur le site de Imag&#039;in \u00e0 Cuinchy - Photographe Blat Pascal","potentialAction":[{"@type":"SearchAction","target":{"@type":"EntryPoint","urlTemplate":"https:\/\/studio-imagin.fr\/accueil\/?s={search_term_string}"},"query-input":"required name=search_term_string"}],"inLanguage":"fr-FR"}]}},"_links":{"self":[{"href":"https:\/\/studio-imagin.fr\/accueil\/wp-json\/wp\/v2\/pages\/302","targetHints":{"allow":["GET"]}}],"collection":[{"href":"https:\/\/studio-imagin.fr\/accueil\/wp-json\/wp\/v2\/pages"}],"about":[{"href":"https:\/\/studio-imagin.fr\/accueil\/wp-json\/wp\/v2\/types\/page"}],"author":[{"embeddable":true,"href":"https:\/\/studio-imagin.fr\/accueil\/wp-json\/wp\/v2\/users\/1"}],"replies":[{"embeddable":true,"href":"https:\/\/studio-imagin.fr\/accueil\/wp-json\/wp\/v2\/comments?post=302"}],"version-history":[{"count":30,"href":"https:\/\/studio-imagin.fr\/accueil\/wp-json\/wp\/v2\/pages\/302\/revisions"}],"predecessor-version":[{"id":429,"href":"https:\/\/studio-imagin.fr\/accueil\/wp-json\/wp\/v2\/pages\/302\/revisions\/429"}],"wp:attachment":[{"href":"https:\/\/studio-imagin.fr\/accueil\/wp-json\/wp\/v2\/media?parent=302"}],"curies":[{"name":"wp","href":"https:\/\/api.w.org\/{rel}","templated":true}]}}