{"id":476,"date":"2024-04-28T16:21:37","date_gmt":"2024-04-28T14:21:37","guid":{"rendered":"https:\/\/studio-imagin.fr\/accueil\/?page_id=476"},"modified":"2024-04-28T16:58:47","modified_gmt":"2024-04-28T14:58:47","slug":"photographie-scolaire-hauts-de-france","status":"publish","type":"page","link":"https:\/\/studio-imagin.fr\/accueil\/photographie-scolaire-hauts-de-france\/","title":{"rendered":"Photographie scolaire Hauts de France"},"content":{"rendered":"\t\t<div data-elementor-type=\"wp-page\" data-elementor-id=\"476\" class=\"elementor elementor-476\" data-elementor-post-type=\"page\">\n\t\t\t\t\t\t<section class=\"elementor-section elementor-top-section elementor-element elementor-element-36308056 elementor-section-boxed elementor-section-height-default elementor-section-height-default\" data-id=\"36308056\" data-element_type=\"section\">\n\t\t\t\t\t\t<div class=\"elementor-container elementor-column-gap-default\">\n\t\t\t\t\t<div class=\"elementor-column elementor-col-100 elementor-top-column elementor-element elementor-element-756b3bde\" data-id=\"756b3bde\" data-element_type=\"column\">\n\t\t\t<div class=\"elementor-widget-wrap elementor-element-populated\">\n\t\t\t\t\t\t<div class=\"elementor-element elementor-element-38711ac elementor-widget elementor-widget-text-editor\" data-id=\"38711ac\" data-element_type=\"widget\" data-widget_type=\"text-editor.default\">\n\t\t\t\t<div class=\"elementor-widget-container\">\n\t\t\t\t\t\t\t<!-- wp:paragraph -->\n<p>Imagin photographie r\u00e9alise des photos d&rsquo;\u00e9cole dans toute la r\u00e9gion des Hauts de France. D\u00e9partement du Nord et du Pas de calais, Pascal Blat, photographe, intervient en milieu scolaire depuis plus de 20 ans. Avec un style tr\u00e8s personnel et surtout des images cr\u00e9atives, il r\u00e9pond totalement aux demandes des <strong>\u00e9tablissements scolaires<\/strong> afin de r\u00e9aliser de magnifiques photos des enfants, de la maternelle jusqu&rsquo;au CM2 sans oublier les coll\u00e9giens.<\/p>\n<!-- \/wp:paragraph -->\n\n<!-- wp:paragraph -->\n<p>Si vous recherchez un photographe \u00e0 l&rsquo;\u00e9coute, une qualit\u00e9 constante, un tarif concurrentiel et de l&rsquo;originalit\u00e9, Pascal saura r\u00e9pondre \u00e0 toutes vos demandes. Une accroche id\u00e9ale avec les enfants comme avec les adultes o\u00f9 une petite touche d&rsquo;humour ne fait jamais de mal. Prendre le temps de photographier les enfants avec un grand sourire tout en respectant votre organisation, c&rsquo;est l&rsquo;engagement qu&rsquo;Imagin prend avec chaque \u00e9cole.<\/p>\n<!-- \/wp:paragraph -->\n\n<!-- wp:paragraph -->\n<p><\/p>\n<!-- \/wp:paragraph -->\t\t\t\t\t\t<\/div>\n\t\t\t\t<\/div>\n\t\t\t\t\t<\/div>\n\t\t<\/div>\n\t\t\t\t\t<\/div>\n\t\t<\/section>\n\t\t\t\t<section class=\"elementor-section elementor-top-section elementor-element elementor-element-7d219b2 elementor-section-boxed elementor-section-height-default elementor-section-height-default\" data-id=\"7d219b2\" data-element_type=\"section\">\n\t\t\t\t\t\t<div class=\"elementor-container elementor-column-gap-default\">\n\t\t\t\t\t<div class=\"elementor-column elementor-col-100 elementor-top-column elementor-element elementor-element-ea51f95\" data-id=\"ea51f95\" data-element_type=\"column\">\n\t\t\t<div class=\"elementor-widget-wrap elementor-element-populated\">\n\t\t\t\t\t\t<div class=\"elementor-element elementor-element-769bffc elementor-widget elementor-widget-heading\" data-id=\"769bffc\" data-element_type=\"widget\" data-widget_type=\"heading.default\">\n\t\t\t\t<div class=\"elementor-widget-container\">\n\t\t\t<h2 class=\"elementor-heading-title elementor-size-default\">La patience et le sourire avec les enfants<\/h2>\t\t<\/div>\n\t\t\t\t<\/div>\n\t\t\t\t\t<\/div>\n\t\t<\/div>\n\t\t\t\t\t<\/div>\n\t\t<\/section>\n\t\t\t\t<section class=\"elementor-section elementor-top-section elementor-element elementor-element-1a28e85 elementor-section-boxed elementor-section-height-default elementor-section-height-default\" data-id=\"1a28e85\" data-element_type=\"section\">\n\t\t\t\t\t\t<div class=\"elementor-container elementor-column-gap-default\">\n\t\t\t\t\t<div class=\"elementor-column elementor-col-100 elementor-top-column elementor-element elementor-element-6e33066\" data-id=\"6e33066\" data-element_type=\"column\">\n\t\t\t<div class=\"elementor-widget-wrap elementor-element-populated\">\n\t\t\t\t\t\t<div class=\"elementor-element elementor-element-128e32c elementor-widget elementor-widget-text-editor\" data-id=\"128e32c\" data-element_type=\"widget\" data-widget_type=\"text-editor.default\">\n\t\t\t\t<div class=\"elementor-widget-container\">\n\t\t\t\t\t\t\t<p>Savoir \u00eatre patient avec les enfants que le photographe prend en photo, c&rsquo;est un \u00e9l\u00e9ment primordial pour r\u00e9ussir ses photos. Ne pas angoisser les \u00e9l\u00e8ves, ne pas crier et surtout prendre le temps n\u00e9cessaire pour une parfaite \u00e9coute et un r\u00e9sultat parfait quant au sourire des enfants qui seront photographi\u00e9s durant la s\u00e9ance de photographie scolaire. Ce sont autant de qualit\u00e9s que je sais mettre en avant.<\/p>\t\t\t\t\t\t<\/div>\n\t\t\t\t<\/div>\n\t\t\t\t\t<\/div>\n\t\t<\/div>\n\t\t\t\t\t<\/div>\n\t\t<\/section>\n\t\t\t\t<section class=\"elementor-section elementor-top-section elementor-element elementor-element-37f321a elementor-section-boxed elementor-section-height-default elementor-section-height-default\" data-id=\"37f321a\" data-element_type=\"section\">\n\t\t\t\t\t\t<div class=\"elementor-container elementor-column-gap-default\">\n\t\t\t\t\t<div class=\"elementor-column elementor-col-100 elementor-top-column elementor-element elementor-element-2adc1bd\" data-id=\"2adc1bd\" data-element_type=\"column\">\n\t\t\t<div class=\"elementor-widget-wrap elementor-element-populated\">\n\t\t\t\t\t\t<div class=\"elementor-element elementor-element-abd7b76 elementor-widget elementor-widget-heading\" data-id=\"abd7b76\" data-element_type=\"widget\" data-widget_type=\"heading.default\">\n\t\t\t\t<div class=\"elementor-widget-container\">\n\t\t\t<h2 class=\"elementor-heading-title elementor-size-default\">Lille, Valenciennes, Douai ou Dunkerque, faites moi confiance<\/h2>\t\t<\/div>\n\t\t\t\t<\/div>\n\t\t\t\t\t<\/div>\n\t\t<\/div>\n\t\t\t\t\t<\/div>\n\t\t<\/section>\n\t\t\t\t<section class=\"elementor-section elementor-top-section elementor-element elementor-element-8031de6 elementor-section-boxed elementor-section-height-default elementor-section-height-default\" data-id=\"8031de6\" data-element_type=\"section\">\n\t\t\t\t\t\t<div class=\"elementor-container elementor-column-gap-default\">\n\t\t\t\t\t<div class=\"elementor-column elementor-col-100 elementor-top-column elementor-element elementor-element-168a43e\" data-id=\"168a43e\" data-element_type=\"column\">\n\t\t\t<div class=\"elementor-widget-wrap elementor-element-populated\">\n\t\t\t\t\t\t<div class=\"elementor-element elementor-element-5e77299 elementor-widget elementor-widget-text-editor\" data-id=\"5e77299\" data-element_type=\"widget\" data-widget_type=\"text-editor.default\">\n\t\t\t\t<div class=\"elementor-widget-container\">\n\t\t\t\t\t\t\t<p>En tant que photographe professionnel, j&rsquo;interviens dans toutes les villes et villages de la R\u00e9gion Hauts de France. Que ce soit une \u00e9cole de village \u00e0 proximit\u00e9 de Lille ou Arras, que ce soit une ville avec une \u00e9cole primaire de plusieurs classes, je peux r\u00e9aliser toutes les demandes de photographie scolaire \u00e0 partir de 1 classe jusque plusieurs centaines d&rsquo;\u00e9l\u00e8ves lorsqu&rsquo;il s&rsquo;agit d&rsquo;un coll\u00e8ge. Si vous recherchez un <b>prestataire de confiance<\/b>, vous pouvez avoir la garantie que s\u00e9lectionner Imag&rsquo;in pour vos prochaines photos d&rsquo;\u00e9cole sera un gage de qualit\u00e9 et de s\u00e9rieux tant pour l&rsquo;\u00e9cole que pour les parents d&rsquo;\u00e9l\u00e8ves.<\/p>\t\t\t\t\t\t<\/div>\n\t\t\t\t<\/div>\n\t\t\t\t\t<\/div>\n\t\t<\/div>\n\t\t\t\t\t<\/div>\n\t\t<\/section>\n\t\t\t\t<section class=\"elementor-section elementor-top-section elementor-element elementor-element-8640bd2 elementor-section-boxed elementor-section-height-default elementor-section-height-default\" data-id=\"8640bd2\" data-element_type=\"section\">\n\t\t\t\t\t\t<div class=\"elementor-container elementor-column-gap-default\">\n\t\t\t\t\t<div class=\"elementor-column elementor-col-100 elementor-top-column elementor-element elementor-element-68c3f3e\" data-id=\"68c3f3e\" data-element_type=\"column\">\n\t\t\t<div class=\"elementor-widget-wrap elementor-element-populated\">\n\t\t\t\t\t\t<div class=\"elementor-element elementor-element-d2d25e7 elementor-widget elementor-widget-image\" data-id=\"d2d25e7\" data-element_type=\"widget\" data-widget_type=\"image.default\">\n\t\t\t\t<div class=\"elementor-widget-container\">\n\t\t\t\t\t\t\t\t\t\t\t\t\t<img fetchpriority=\"high\" decoding=\"async\" width=\"525\" height=\"356\" src=\"https:\/\/studio-imagin.fr\/wp-content\/uploads\/2024\/04\/CARTONNAGE-1024x694.jpg\" class=\"attachment-large size-large wp-image-485\" alt=\"\" srcset=\"https:\/\/studio-imagin.fr\/wp-content\/uploads\/2024\/04\/CARTONNAGE-1024x694.jpg 1024w, https:\/\/studio-imagin.fr\/wp-content\/uploads\/2024\/04\/CARTONNAGE-300x203.jpg 300w, https:\/\/studio-imagin.fr\/wp-content\/uploads\/2024\/04\/CARTONNAGE-768x521.jpg 768w, https:\/\/studio-imagin.fr\/wp-content\/uploads\/2024\/04\/CARTONNAGE-500x339.jpg 500w, https:\/\/studio-imagin.fr\/wp-content\/uploads\/2024\/04\/CARTONNAGE-800x542.jpg 800w, https:\/\/studio-imagin.fr\/wp-content\/uploads\/2024\/04\/CARTONNAGE-350x237.jpg 350w, https:\/\/studio-imagin.fr\/wp-content\/uploads\/2024\/04\/CARTONNAGE.jpg 1276w\" sizes=\"100vw\" \/>\t\t\t\t\t\t\t\t\t\t\t\t\t<\/div>\n\t\t\t\t<\/div>\n\t\t\t\t\t<\/div>\n\t\t<\/div>\n\t\t\t\t\t<\/div>\n\t\t<\/section>\n\t\t\t\t<\/div>\n\t\t","protected":false},"excerpt":{"rendered":"<p>Imagin photographie r\u00e9alise des photos d&rsquo;\u00e9cole dans toute la r\u00e9gion des Hauts de France. D\u00e9partement du Nord et du Pas de calais, Pascal Blat, photographe, intervient en milieu scolaire depuis plus de 20 ans. Avec un style tr\u00e8s personnel et surtout des images cr\u00e9atives, il r\u00e9pond totalement aux demandes des \u00e9tablissements scolaires afin de r\u00e9aliser &hellip; <\/p>\n<p class=\"link-more\"><a href=\"https:\/\/studio-imagin.fr\/accueil\/photographie-scolaire-hauts-de-france\/\" class=\"more-link\">Continuer la lecture<span class=\"screen-reader-text\"> de &laquo;&nbsp;Photographie scolaire Hauts de France&nbsp;&raquo;<\/span><\/a><\/p>\n","protected":false},"author":1,"featured_media":0,"parent":0,"menu_order":0,"comment_status":"closed","ping_status":"closed","template":"","meta":{"footnotes":""},"class_list":["post-476","page","type-page","status-publish","hentry"],"yoast_head":"<!-- This site is optimized with the Yoast SEO plugin v22.5 - https:\/\/yoast.com\/wordpress\/plugins\/seo\/ -->\n<title>Photographe scolaire hauts de France - Le meilleur de la photo en \u00e9cole<\/title>\n<meta name=\"description\" content=\"Imagin r\u00e9alise des photos d&#039;enfants dans les \u00e9coles des hauts de france, maternelle et \u00e9l\u00e9mentaire dans toute la r\u00e9gion, tarif comp\u00e9titif\" \/>\n<meta name=\"robots\" content=\"index, follow, max-snippet:-1, max-image-preview:large, max-video-preview:-1\" \/>\n<link rel=\"canonical\" href=\"https:\/\/studio-imagin.fr\/accueil\/photographie-scolaire-hauts-de-france\/\" \/>\n<meta property=\"og:locale\" content=\"fr_FR\" \/>\n<meta property=\"og:type\" content=\"article\" \/>\n<meta property=\"og:title\" content=\"Photographe scolaire hauts de France - Le meilleur de la photo en \u00e9cole\" \/>\n<meta property=\"og:description\" content=\"Imagin r\u00e9alise des photos d&#039;enfants dans les \u00e9coles des hauts de france, maternelle et \u00e9l\u00e9mentaire dans toute la r\u00e9gion, tarif comp\u00e9titif\" \/>\n<meta property=\"og:url\" content=\"https:\/\/studio-imagin.fr\/accueil\/photographie-scolaire-hauts-de-france\/\" \/>\n<meta property=\"og:site_name\" content=\"Atelier et studio photo imag&#039;in\" \/>\n<meta property=\"article:modified_time\" content=\"2024-04-28T14:58:47+00:00\" \/>\n<meta property=\"og:image\" content=\"https:\/\/studio-imagin.fr\/wp-content\/uploads\/2024\/04\/CARTONNAGE-1024x694.jpg\" \/>\n<meta name=\"twitter:card\" content=\"summary_large_image\" \/>\n<meta name=\"twitter:label1\" content=\"Dur\u00e9e de lecture estim\u00e9e\" \/>\n\t<meta name=\"twitter:data1\" content=\"2 minutes\" \/>\n<script type=\"application\/ld+json\" class=\"yoast-schema-graph\">{\"@context\":\"https:\/\/schema.org\",\"@graph\":[{\"@type\":\"WebPage\",\"@id\":\"https:\/\/studio-imagin.fr\/accueil\/photographie-scolaire-hauts-de-france\/\",\"url\":\"https:\/\/studio-imagin.fr\/accueil\/photographie-scolaire-hauts-de-france\/\",\"name\":\"Photographe scolaire hauts de France - Le meilleur de la photo en \u00e9cole\",\"isPartOf\":{\"@id\":\"https:\/\/studio-imagin.fr\/accueil\/#website\"},\"primaryImageOfPage\":{\"@id\":\"https:\/\/studio-imagin.fr\/accueil\/photographie-scolaire-hauts-de-france\/#primaryimage\"},\"image\":{\"@id\":\"https:\/\/studio-imagin.fr\/accueil\/photographie-scolaire-hauts-de-france\/#primaryimage\"},\"thumbnailUrl\":\"https:\/\/studio-imagin.fr\/wp-content\/uploads\/2024\/04\/CARTONNAGE-1024x694.jpg\",\"datePublished\":\"2024-04-28T14:21:37+00:00\",\"dateModified\":\"2024-04-28T14:58:47+00:00\",\"description\":\"Imagin r\u00e9alise des photos d'enfants dans les \u00e9coles des hauts de france, maternelle et \u00e9l\u00e9mentaire dans toute la r\u00e9gion, tarif comp\u00e9titif\",\"breadcrumb\":{\"@id\":\"https:\/\/studio-imagin.fr\/accueil\/photographie-scolaire-hauts-de-france\/#breadcrumb\"},\"inLanguage\":\"fr-FR\",\"potentialAction\":[{\"@type\":\"ReadAction\",\"target\":[\"https:\/\/studio-imagin.fr\/accueil\/photographie-scolaire-hauts-de-france\/\"]}]},{\"@type\":\"ImageObject\",\"inLanguage\":\"fr-FR\",\"@id\":\"https:\/\/studio-imagin.fr\/accueil\/photographie-scolaire-hauts-de-france\/#primaryimage\",\"url\":\"https:\/\/studio-imagin.fr\/wp-content\/uploads\/2024\/04\/CARTONNAGE-1024x694.jpg\",\"contentUrl\":\"https:\/\/studio-imagin.fr\/wp-content\/uploads\/2024\/04\/CARTONNAGE-1024x694.jpg\"},{\"@type\":\"BreadcrumbList\",\"@id\":\"https:\/\/studio-imagin.fr\/accueil\/photographie-scolaire-hauts-de-france\/#breadcrumb\",\"itemListElement\":[{\"@type\":\"ListItem\",\"position\":1,\"name\":\"Accueil\",\"item\":\"https:\/\/studio-imagin.fr\/accueil\/\"},{\"@type\":\"ListItem\",\"position\":2,\"name\":\"Photographie scolaire Hauts de France\"}]},{\"@type\":\"WebSite\",\"@id\":\"https:\/\/studio-imagin.fr\/accueil\/#website\",\"url\":\"https:\/\/studio-imagin.fr\/accueil\/\",\"name\":\"Atelier et studio photo imag&#039;in\",\"description\":\"Bonjour et Bienvenue sur le site de Imag&#039;in \u00e0 Cuinchy - Photographe Blat Pascal\",\"potentialAction\":[{\"@type\":\"SearchAction\",\"target\":{\"@type\":\"EntryPoint\",\"urlTemplate\":\"https:\/\/studio-imagin.fr\/accueil\/?s={search_term_string}\"},\"query-input\":\"required name=search_term_string\"}],\"inLanguage\":\"fr-FR\"}]}<\/script>\n<!-- \/ Yoast SEO plugin. -->","yoast_head_json":{"title":"Photographe scolaire hauts de France - Le meilleur de la photo en \u00e9cole","description":"Imagin r\u00e9alise des photos d'enfants dans les \u00e9coles des hauts de france, maternelle et \u00e9l\u00e9mentaire dans toute la r\u00e9gion, tarif comp\u00e9titif","robots":{"index":"index","follow":"follow","max-snippet":"max-snippet:-1","max-image-preview":"max-image-preview:large","max-video-preview":"max-video-preview:-1"},"canonical":"https:\/\/studio-imagin.fr\/accueil\/photographie-scolaire-hauts-de-france\/","og_locale":"fr_FR","og_type":"article","og_title":"Photographe scolaire hauts de France - Le meilleur de la photo en \u00e9cole","og_description":"Imagin r\u00e9alise des photos d'enfants dans les \u00e9coles des hauts de france, maternelle et \u00e9l\u00e9mentaire dans toute la r\u00e9gion, tarif comp\u00e9titif","og_url":"https:\/\/studio-imagin.fr\/accueil\/photographie-scolaire-hauts-de-france\/","og_site_name":"Atelier et studio photo imag&#039;in","article_modified_time":"2024-04-28T14:58:47+00:00","og_image":[{"url":"https:\/\/studio-imagin.fr\/wp-content\/uploads\/2024\/04\/CARTONNAGE-1024x694.jpg"}],"twitter_card":"summary_large_image","twitter_misc":{"Dur\u00e9e de lecture estim\u00e9e":"2 minutes"},"schema":{"@context":"https:\/\/schema.org","@graph":[{"@type":"WebPage","@id":"https:\/\/studio-imagin.fr\/accueil\/photographie-scolaire-hauts-de-france\/","url":"https:\/\/studio-imagin.fr\/accueil\/photographie-scolaire-hauts-de-france\/","name":"Photographe scolaire hauts de France - Le meilleur de la photo en \u00e9cole","isPartOf":{"@id":"https:\/\/studio-imagin.fr\/accueil\/#website"},"primaryImageOfPage":{"@id":"https:\/\/studio-imagin.fr\/accueil\/photographie-scolaire-hauts-de-france\/#primaryimage"},"image":{"@id":"https:\/\/studio-imagin.fr\/accueil\/photographie-scolaire-hauts-de-france\/#primaryimage"},"thumbnailUrl":"https:\/\/studio-imagin.fr\/wp-content\/uploads\/2024\/04\/CARTONNAGE-1024x694.jpg","datePublished":"2024-04-28T14:21:37+00:00","dateModified":"2024-04-28T14:58:47+00:00","description":"Imagin r\u00e9alise des photos d'enfants dans les \u00e9coles des hauts de france, maternelle et \u00e9l\u00e9mentaire dans toute la r\u00e9gion, tarif comp\u00e9titif","breadcrumb":{"@id":"https:\/\/studio-imagin.fr\/accueil\/photographie-scolaire-hauts-de-france\/#breadcrumb"},"inLanguage":"fr-FR","potentialAction":[{"@type":"ReadAction","target":["https:\/\/studio-imagin.fr\/accueil\/photographie-scolaire-hauts-de-france\/"]}]},{"@type":"ImageObject","inLanguage":"fr-FR","@id":"https:\/\/studio-imagin.fr\/accueil\/photographie-scolaire-hauts-de-france\/#primaryimage","url":"https:\/\/studio-imagin.fr\/wp-content\/uploads\/2024\/04\/CARTONNAGE-1024x694.jpg","contentUrl":"https:\/\/studio-imagin.fr\/wp-content\/uploads\/2024\/04\/CARTONNAGE-1024x694.jpg"},{"@type":"BreadcrumbList","@id":"https:\/\/studio-imagin.fr\/accueil\/photographie-scolaire-hauts-de-france\/#breadcrumb","itemListElement":[{"@type":"ListItem","position":1,"name":"Accueil","item":"https:\/\/studio-imagin.fr\/accueil\/"},{"@type":"ListItem","position":2,"name":"Photographie scolaire Hauts de France"}]},{"@type":"WebSite","@id":"https:\/\/studio-imagin.fr\/accueil\/#website","url":"https:\/\/studio-imagin.fr\/accueil\/","name":"Atelier et studio photo imag&#039;in","description":"Bonjour et Bienvenue sur le site de Imag&#039;in \u00e0 Cuinchy - Photographe Blat Pascal","potentialAction":[{"@type":"SearchAction","target":{"@type":"EntryPoint","urlTemplate":"https:\/\/studio-imagin.fr\/accueil\/?s={search_term_string}"},"query-input":"required name=search_term_string"}],"inLanguage":"fr-FR"}]}},"_links":{"self":[{"href":"https:\/\/studio-imagin.fr\/accueil\/wp-json\/wp\/v2\/pages\/476","targetHints":{"allow":["GET"]}}],"collection":[{"href":"https:\/\/studio-imagin.fr\/accueil\/wp-json\/wp\/v2\/pages"}],"about":[{"href":"https:\/\/studio-imagin.fr\/accueil\/wp-json\/wp\/v2\/types\/page"}],"author":[{"embeddable":true,"href":"https:\/\/studio-imagin.fr\/accueil\/wp-json\/wp\/v2\/users\/1"}],"replies":[{"embeddable":true,"href":"https:\/\/studio-imagin.fr\/accueil\/wp-json\/wp\/v2\/comments?post=476"}],"version-history":[{"count":7,"href":"https:\/\/studio-imagin.fr\/accueil\/wp-json\/wp\/v2\/pages\/476\/revisions"}],"predecessor-version":[{"id":488,"href":"https:\/\/studio-imagin.fr\/accueil\/wp-json\/wp\/v2\/pages\/476\/revisions\/488"}],"wp:attachment":[{"href":"https:\/\/studio-imagin.fr\/accueil\/wp-json\/wp\/v2\/media?parent=476"}],"curies":[{"name":"wp","href":"https:\/\/api.w.org\/{rel}","templated":true}]}}