{"id":491,"date":"2024-04-28T18:16:44","date_gmt":"2024-04-28T16:16:44","guid":{"rendered":"https:\/\/studio-imagin.fr\/accueil\/?page_id=491"},"modified":"2024-04-28T18:16:45","modified_gmt":"2024-04-28T16:16:45","slug":"photographe-ecole-maternelle","status":"publish","type":"page","link":"https:\/\/studio-imagin.fr\/accueil\/photographe-ecole-maternelle\/","title":{"rendered":"Votre photographe professionnel pour votre \u00e9cole maternelle"},"content":{"rendered":"\n<p>Vous \u00eates \u00e0 la t\u00eate d&rsquo;une \u00e9cole maternelle du d\u00e9partement du Nord, du Pas de Calais ou de la Somme. Vous \u00eates une association de parents d&rsquo;\u00e9l\u00e8ves. Vous recherchez un photographe qualifi\u00e9 et tr\u00e8s professionnel pour r\u00e9aliser les photos des enfants dans votre \u00e9cole.<\/p>\n\n\n\n<p>De la toute petite section <strong>maternelle<\/strong> jusqu&rsquo;\u00e0 la grande section sans oublier les fratries et les enfants non scolaris\u00e9s si vous le souhaitez, j&rsquo;interviens personnellement dans votre \u00e9cole afin de r\u00e9aliser de magnifiques photos des enfants.<\/p>\n\n\n\n<p><strong>Photo individuelle de chaque \u00e9l\u00e8ve<\/strong>, photo fratrie et bien s\u00fbr photo de classe, vous allez pouvoir choisir la formule qui vous convient le mieux afin d&rsquo;obtenir des photos professionnelles pleines de vie et \u00e9clatantes.<\/p>\n\n\n\n<p>Depuis plus de 20 ans, Pascal Blat, g\u00e9rant de la SARL Arlequin, r\u00e9alise des photos originales ou classiques dans toutes les \u00e9coles de la r\u00e9gion Hauts de France.<\/p>\n\n\n\n<p>Que votre \u00e9cole soit de petite taille ou plus importante, qu&rsquo;elle soit situ\u00e9e en village dans une petite ville, je vais pouvoir r\u00e9pondre \u00e0 toutes vos attentes et vos demandes.<\/p>\n\n\n\n<p>Une prise de vue pleine d&rsquo;humour, une organisation irr\u00e9prochable et surtout une qualit\u00e9 optimale vous garantissant des sourires et expressions dynamiques pour les enfants de l&rsquo;\u00e9cole.<\/p>\n\n\n\n<p>Je propose \u00e9galement diff\u00e9rents objets sans obligation que vous pouvez proposer \u00e0 tous les parents d&rsquo;\u00e9l\u00e8ves.<\/p>\n\n\n\n<p>Je travaille sur fond vert ou sur fond traditionnel y compris pour les photos de classes si vous d\u00e9sirez des images en situation avec un th\u00e8me bien particulier.<\/p>\n","protected":false},"excerpt":{"rendered":"<p>Vous \u00eates \u00e0 la t\u00eate d&rsquo;une \u00e9cole maternelle du d\u00e9partement du Nord, du Pas de Calais ou de la Somme. Vous \u00eates une association de parents d&rsquo;\u00e9l\u00e8ves. Vous recherchez un photographe qualifi\u00e9 et tr\u00e8s professionnel pour r\u00e9aliser les photos des enfants dans votre \u00e9cole. De la toute petite section maternelle jusqu&rsquo;\u00e0 la grande section sans &hellip; <\/p>\n<p class=\"link-more\"><a href=\"https:\/\/studio-imagin.fr\/accueil\/photographe-ecole-maternelle\/\" class=\"more-link\">Continuer la lecture<span class=\"screen-reader-text\"> de &laquo;&nbsp;Votre photographe professionnel pour votre \u00e9cole maternelle&nbsp;&raquo;<\/span><\/a><\/p>\n","protected":false},"author":1,"featured_media":0,"parent":0,"menu_order":0,"comment_status":"closed","ping_status":"closed","template":"","meta":{"footnotes":""},"class_list":["post-491","page","type-page","status-publish","hentry"],"yoast_head":"<!-- This site is optimized with the Yoast SEO plugin v22.5 - https:\/\/yoast.com\/wordpress\/plugins\/seo\/ -->\n<title>Photographe en \u00e9cole maternelle, le meilleur de la photo<\/title>\n<meta name=\"description\" content=\"Photographe professionnel intervient pour la photo de vos \u00e9l\u00e8ves dans les \u00e9coles maternelles de la r\u00e9gion Hauts de France\" \/>\n<meta name=\"robots\" content=\"index, follow, max-snippet:-1, max-image-preview:large, max-video-preview:-1\" \/>\n<link rel=\"canonical\" href=\"https:\/\/studio-imagin.fr\/accueil\/photographe-ecole-maternelle\/\" \/>\n<meta property=\"og:locale\" content=\"fr_FR\" \/>\n<meta property=\"og:type\" content=\"article\" \/>\n<meta property=\"og:title\" content=\"Photographe en \u00e9cole maternelle, le meilleur de la photo\" \/>\n<meta property=\"og:description\" content=\"Photographe professionnel intervient pour la photo de vos \u00e9l\u00e8ves dans les \u00e9coles maternelles de la r\u00e9gion Hauts de France\" \/>\n<meta property=\"og:url\" content=\"https:\/\/studio-imagin.fr\/accueil\/photographe-ecole-maternelle\/\" \/>\n<meta property=\"og:site_name\" content=\"Atelier et studio photo imag&#039;in\" \/>\n<meta property=\"article:modified_time\" content=\"2024-04-28T16:16:45+00:00\" \/>\n<meta name=\"twitter:card\" content=\"summary_large_image\" \/>\n<meta name=\"twitter:label1\" content=\"Dur\u00e9e de lecture estim\u00e9e\" \/>\n\t<meta name=\"twitter:data1\" content=\"2 minutes\" \/>\n<script type=\"application\/ld+json\" class=\"yoast-schema-graph\">{\"@context\":\"https:\/\/schema.org\",\"@graph\":[{\"@type\":\"WebPage\",\"@id\":\"https:\/\/studio-imagin.fr\/accueil\/photographe-ecole-maternelle\/\",\"url\":\"https:\/\/studio-imagin.fr\/accueil\/photographe-ecole-maternelle\/\",\"name\":\"Photographe en \u00e9cole maternelle, le meilleur de la photo\",\"isPartOf\":{\"@id\":\"https:\/\/studio-imagin.fr\/accueil\/#website\"},\"datePublished\":\"2024-04-28T16:16:44+00:00\",\"dateModified\":\"2024-04-28T16:16:45+00:00\",\"description\":\"Photographe professionnel intervient pour la photo de vos \u00e9l\u00e8ves dans les \u00e9coles maternelles de la r\u00e9gion Hauts de France\",\"breadcrumb\":{\"@id\":\"https:\/\/studio-imagin.fr\/accueil\/photographe-ecole-maternelle\/#breadcrumb\"},\"inLanguage\":\"fr-FR\",\"potentialAction\":[{\"@type\":\"ReadAction\",\"target\":[\"https:\/\/studio-imagin.fr\/accueil\/photographe-ecole-maternelle\/\"]}]},{\"@type\":\"BreadcrumbList\",\"@id\":\"https:\/\/studio-imagin.fr\/accueil\/photographe-ecole-maternelle\/#breadcrumb\",\"itemListElement\":[{\"@type\":\"ListItem\",\"position\":1,\"name\":\"Accueil\",\"item\":\"https:\/\/studio-imagin.fr\/accueil\/\"},{\"@type\":\"ListItem\",\"position\":2,\"name\":\"Votre photographe professionnel pour votre \u00e9cole maternelle\"}]},{\"@type\":\"WebSite\",\"@id\":\"https:\/\/studio-imagin.fr\/accueil\/#website\",\"url\":\"https:\/\/studio-imagin.fr\/accueil\/\",\"name\":\"Atelier et studio photo imag&#039;in\",\"description\":\"Bonjour et Bienvenue sur le site de Imag&#039;in \u00e0 Cuinchy - Photographe Blat Pascal\",\"potentialAction\":[{\"@type\":\"SearchAction\",\"target\":{\"@type\":\"EntryPoint\",\"urlTemplate\":\"https:\/\/studio-imagin.fr\/accueil\/?s={search_term_string}\"},\"query-input\":\"required name=search_term_string\"}],\"inLanguage\":\"fr-FR\"}]}<\/script>\n<!-- \/ Yoast SEO plugin. -->","yoast_head_json":{"title":"Photographe en \u00e9cole maternelle, le meilleur de la photo","description":"Photographe professionnel intervient pour la photo de vos \u00e9l\u00e8ves dans les \u00e9coles maternelles de la r\u00e9gion Hauts de France","robots":{"index":"index","follow":"follow","max-snippet":"max-snippet:-1","max-image-preview":"max-image-preview:large","max-video-preview":"max-video-preview:-1"},"canonical":"https:\/\/studio-imagin.fr\/accueil\/photographe-ecole-maternelle\/","og_locale":"fr_FR","og_type":"article","og_title":"Photographe en \u00e9cole maternelle, le meilleur de la photo","og_description":"Photographe professionnel intervient pour la photo de vos \u00e9l\u00e8ves dans les \u00e9coles maternelles de la r\u00e9gion Hauts de France","og_url":"https:\/\/studio-imagin.fr\/accueil\/photographe-ecole-maternelle\/","og_site_name":"Atelier et studio photo imag&#039;in","article_modified_time":"2024-04-28T16:16:45+00:00","twitter_card":"summary_large_image","twitter_misc":{"Dur\u00e9e de lecture estim\u00e9e":"2 minutes"},"schema":{"@context":"https:\/\/schema.org","@graph":[{"@type":"WebPage","@id":"https:\/\/studio-imagin.fr\/accueil\/photographe-ecole-maternelle\/","url":"https:\/\/studio-imagin.fr\/accueil\/photographe-ecole-maternelle\/","name":"Photographe en \u00e9cole maternelle, le meilleur de la photo","isPartOf":{"@id":"https:\/\/studio-imagin.fr\/accueil\/#website"},"datePublished":"2024-04-28T16:16:44+00:00","dateModified":"2024-04-28T16:16:45+00:00","description":"Photographe professionnel intervient pour la photo de vos \u00e9l\u00e8ves dans les \u00e9coles maternelles de la r\u00e9gion Hauts de France","breadcrumb":{"@id":"https:\/\/studio-imagin.fr\/accueil\/photographe-ecole-maternelle\/#breadcrumb"},"inLanguage":"fr-FR","potentialAction":[{"@type":"ReadAction","target":["https:\/\/studio-imagin.fr\/accueil\/photographe-ecole-maternelle\/"]}]},{"@type":"BreadcrumbList","@id":"https:\/\/studio-imagin.fr\/accueil\/photographe-ecole-maternelle\/#breadcrumb","itemListElement":[{"@type":"ListItem","position":1,"name":"Accueil","item":"https:\/\/studio-imagin.fr\/accueil\/"},{"@type":"ListItem","position":2,"name":"Votre photographe professionnel pour votre \u00e9cole maternelle"}]},{"@type":"WebSite","@id":"https:\/\/studio-imagin.fr\/accueil\/#website","url":"https:\/\/studio-imagin.fr\/accueil\/","name":"Atelier et studio photo imag&#039;in","description":"Bonjour et Bienvenue sur le site de Imag&#039;in \u00e0 Cuinchy - Photographe Blat Pascal","potentialAction":[{"@type":"SearchAction","target":{"@type":"EntryPoint","urlTemplate":"https:\/\/studio-imagin.fr\/accueil\/?s={search_term_string}"},"query-input":"required name=search_term_string"}],"inLanguage":"fr-FR"}]}},"_links":{"self":[{"href":"https:\/\/studio-imagin.fr\/accueil\/wp-json\/wp\/v2\/pages\/491","targetHints":{"allow":["GET"]}}],"collection":[{"href":"https:\/\/studio-imagin.fr\/accueil\/wp-json\/wp\/v2\/pages"}],"about":[{"href":"https:\/\/studio-imagin.fr\/accueil\/wp-json\/wp\/v2\/types\/page"}],"author":[{"embeddable":true,"href":"https:\/\/studio-imagin.fr\/accueil\/wp-json\/wp\/v2\/users\/1"}],"replies":[{"embeddable":true,"href":"https:\/\/studio-imagin.fr\/accueil\/wp-json\/wp\/v2\/comments?post=491"}],"version-history":[{"count":1,"href":"https:\/\/studio-imagin.fr\/accueil\/wp-json\/wp\/v2\/pages\/491\/revisions"}],"predecessor-version":[{"id":492,"href":"https:\/\/studio-imagin.fr\/accueil\/wp-json\/wp\/v2\/pages\/491\/revisions\/492"}],"wp:attachment":[{"href":"https:\/\/studio-imagin.fr\/accueil\/wp-json\/wp\/v2\/media?parent=491"}],"curies":[{"name":"wp","href":"https:\/\/api.w.org\/{rel}","templated":true}]}}