{"id":499,"date":"2025-08-13T13:49:56","date_gmt":"2025-08-13T11:49:56","guid":{"rendered":"https:\/\/studio-imagin.fr\/accueil\/?page_id=499"},"modified":"2025-08-13T13:56:22","modified_gmt":"2025-08-13T11:56:22","slug":"cadeau-personnalise-a-partir-de-vos-photos","status":"publish","type":"page","link":"https:\/\/studio-imagin.fr\/accueil\/cadeau-personnalise-a-partir-de-vos-photos\/","title":{"rendered":"Cadeau personnalis\u00e9 \u00e0 partir de vos photos"},"content":{"rendered":"\n<p>Vous pouvez commander tous vos cadeaux personnalis\u00e9s \u00e0 partir de vos photos et vos textes en vous rendant directement sur notre site internet. Depuis<a href=\"http:\/\/www.laboutiquekdo.com\"> laboutiquekdo.com<\/a>, vous pourrez r\u00e9aliser vos propres cr\u00e9ations. Livraison \u00e0 l&rsquo;atelier ou envoi \u00e0 domicile, c&rsquo;est \u00e0 vous de choisir ce qui vous convient le mieux.<\/p>\n\n\n\n<p>Ce ne sont pas moins de 2000 r\u00e9f\u00e9rences que vous trouverez sur le site. Des objets photos pour tous les budgets et tous les go\u00fbts. Quelque soit le cadeau que vous d\u00e9sirez offrir, laboutiquekdo vous propose le meilleur de la personnalisation.<\/p>\n\n\n\n<p>Acc\u00e8s direct au monde de la personnalisation \u00e0 partir de votre t\u00e9l\u00e9phone ou PC :<\/p>\n\n\n\n<figure class=\"wp-block-image size-large\"><a href=\"https:\/\/www.laboutiquekdo.com\" target=\"_blank\" rel=\"noopener\"><img fetchpriority=\"high\" decoding=\"async\" width=\"1024\" height=\"121\" src=\"https:\/\/studio-imagin.fr\/wp-content\/uploads\/2025\/08\/capture-1024x121.jpg\" alt=\"acces au site laboutiquekdo.com\" class=\"wp-image-503\" srcset=\"https:\/\/studio-imagin.fr\/wp-content\/uploads\/2025\/08\/capture-1024x121.jpg 1024w, https:\/\/studio-imagin.fr\/wp-content\/uploads\/2025\/08\/capture-300x36.jpg 300w, https:\/\/studio-imagin.fr\/wp-content\/uploads\/2025\/08\/capture-768x91.jpg 768w, https:\/\/studio-imagin.fr\/wp-content\/uploads\/2025\/08\/capture-1536x182.jpg 1536w, https:\/\/studio-imagin.fr\/wp-content\/uploads\/2025\/08\/capture-500x59.jpg 500w, https:\/\/studio-imagin.fr\/wp-content\/uploads\/2025\/08\/capture-800x95.jpg 800w, https:\/\/studio-imagin.fr\/wp-content\/uploads\/2025\/08\/capture-1280x152.jpg 1280w, https:\/\/studio-imagin.fr\/wp-content\/uploads\/2025\/08\/capture.jpg 1696w\" sizes=\"(max-width: 767px) 89vw, (max-width: 1000px) 54vw, (max-width: 1071px) 543px, 580px\" \/><\/a><\/figure>\n\n\n\n<p><\/p>\n","protected":false},"excerpt":{"rendered":"<p>Vous pouvez commander tous vos cadeaux personnalis\u00e9s \u00e0 partir de vos photos et vos textes en vous rendant directement sur notre site internet. Depuis laboutiquekdo.com, vous pourrez r\u00e9aliser vos propres cr\u00e9ations. Livraison \u00e0 l&rsquo;atelier ou envoi \u00e0 domicile, c&rsquo;est \u00e0 vous de choisir ce qui vous convient le mieux. Ce ne sont pas moins de &hellip; <\/p>\n<p class=\"link-more\"><a href=\"https:\/\/studio-imagin.fr\/accueil\/cadeau-personnalise-a-partir-de-vos-photos\/\" class=\"more-link\">Continuer la lecture<span class=\"screen-reader-text\"> de &laquo;&nbsp;Cadeau personnalis\u00e9 \u00e0 partir de vos photos&nbsp;&raquo;<\/span><\/a><\/p>\n","protected":false},"author":1,"featured_media":0,"parent":0,"menu_order":0,"comment_status":"closed","ping_status":"closed","template":"","meta":{"footnotes":""},"class_list":["post-499","page","type-page","status-publish","hentry"],"yoast_head":"<!-- This site is optimized with the Yoast SEO plugin v22.5 - https:\/\/yoast.com\/wordpress\/plugins\/seo\/ -->\n<title>Cadeau personnalis\u00e9 \u00e0 partir de vos photos - Atelier et studio photo imag&#039;in<\/title>\n<meta name=\"robots\" content=\"index, follow, max-snippet:-1, max-image-preview:large, max-video-preview:-1\" \/>\n<link rel=\"canonical\" href=\"https:\/\/studio-imagin.fr\/accueil\/cadeau-personnalise-a-partir-de-vos-photos\/\" \/>\n<meta property=\"og:locale\" content=\"fr_FR\" \/>\n<meta property=\"og:type\" content=\"article\" \/>\n<meta property=\"og:title\" content=\"Cadeau personnalis\u00e9 \u00e0 partir de vos photos - Atelier et studio photo imag&#039;in\" \/>\n<meta property=\"og:description\" content=\"Vous pouvez commander tous vos cadeaux personnalis\u00e9s \u00e0 partir de vos photos et vos textes en vous rendant directement sur notre site internet. Depuis laboutiquekdo.com, vous pourrez r\u00e9aliser vos propres cr\u00e9ations. Livraison \u00e0 l&rsquo;atelier ou envoi \u00e0 domicile, c&rsquo;est \u00e0 vous de choisir ce qui vous convient le mieux. Ce ne sont pas moins de &hellip; Continuer la lecture de &laquo;&nbsp;Cadeau personnalis\u00e9 \u00e0 partir de vos photos&nbsp;&raquo;\" \/>\n<meta property=\"og:url\" content=\"https:\/\/studio-imagin.fr\/accueil\/cadeau-personnalise-a-partir-de-vos-photos\/\" \/>\n<meta property=\"og:site_name\" content=\"Atelier et studio photo imag&#039;in\" \/>\n<meta property=\"article:modified_time\" content=\"2025-08-13T11:56:22+00:00\" \/>\n<meta property=\"og:image\" content=\"https:\/\/studio-imagin.fr\/wp-content\/uploads\/2025\/08\/capture-1024x121.jpg\" \/>\n<meta name=\"twitter:card\" content=\"summary_large_image\" \/>\n<meta name=\"twitter:label1\" content=\"Dur\u00e9e de lecture estim\u00e9e\" \/>\n\t<meta name=\"twitter:data1\" content=\"1 minute\" \/>\n<script type=\"application\/ld+json\" class=\"yoast-schema-graph\">{\"@context\":\"https:\/\/schema.org\",\"@graph\":[{\"@type\":\"WebPage\",\"@id\":\"https:\/\/studio-imagin.fr\/accueil\/cadeau-personnalise-a-partir-de-vos-photos\/\",\"url\":\"https:\/\/studio-imagin.fr\/accueil\/cadeau-personnalise-a-partir-de-vos-photos\/\",\"name\":\"Cadeau personnalis\u00e9 \u00e0 partir de vos photos - Atelier et studio photo imag&#039;in\",\"isPartOf\":{\"@id\":\"https:\/\/studio-imagin.fr\/accueil\/#website\"},\"primaryImageOfPage\":{\"@id\":\"https:\/\/studio-imagin.fr\/accueil\/cadeau-personnalise-a-partir-de-vos-photos\/#primaryimage\"},\"image\":{\"@id\":\"https:\/\/studio-imagin.fr\/accueil\/cadeau-personnalise-a-partir-de-vos-photos\/#primaryimage\"},\"thumbnailUrl\":\"https:\/\/studio-imagin.fr\/wp-content\/uploads\/2025\/08\/capture-1024x121.jpg\",\"datePublished\":\"2025-08-13T11:49:56+00:00\",\"dateModified\":\"2025-08-13T11:56:22+00:00\",\"breadcrumb\":{\"@id\":\"https:\/\/studio-imagin.fr\/accueil\/cadeau-personnalise-a-partir-de-vos-photos\/#breadcrumb\"},\"inLanguage\":\"fr-FR\",\"potentialAction\":[{\"@type\":\"ReadAction\",\"target\":[\"https:\/\/studio-imagin.fr\/accueil\/cadeau-personnalise-a-partir-de-vos-photos\/\"]}]},{\"@type\":\"ImageObject\",\"inLanguage\":\"fr-FR\",\"@id\":\"https:\/\/studio-imagin.fr\/accueil\/cadeau-personnalise-a-partir-de-vos-photos\/#primaryimage\",\"url\":\"https:\/\/studio-imagin.fr\/wp-content\/uploads\/2025\/08\/capture-1024x121.jpg\",\"contentUrl\":\"https:\/\/studio-imagin.fr\/wp-content\/uploads\/2025\/08\/capture-1024x121.jpg\"},{\"@type\":\"BreadcrumbList\",\"@id\":\"https:\/\/studio-imagin.fr\/accueil\/cadeau-personnalise-a-partir-de-vos-photos\/#breadcrumb\",\"itemListElement\":[{\"@type\":\"ListItem\",\"position\":1,\"name\":\"Accueil\",\"item\":\"https:\/\/studio-imagin.fr\/accueil\/\"},{\"@type\":\"ListItem\",\"position\":2,\"name\":\"Cadeau personnalis\u00e9 \u00e0 partir de vos photos\"}]},{\"@type\":\"WebSite\",\"@id\":\"https:\/\/studio-imagin.fr\/accueil\/#website\",\"url\":\"https:\/\/studio-imagin.fr\/accueil\/\",\"name\":\"Atelier et studio photo imag&#039;in\",\"description\":\"Bonjour et Bienvenue sur le site de Imag&#039;in \u00e0 Cuinchy - Photographe Blat Pascal\",\"potentialAction\":[{\"@type\":\"SearchAction\",\"target\":{\"@type\":\"EntryPoint\",\"urlTemplate\":\"https:\/\/studio-imagin.fr\/accueil\/?s={search_term_string}\"},\"query-input\":\"required name=search_term_string\"}],\"inLanguage\":\"fr-FR\"}]}<\/script>\n<!-- \/ Yoast SEO plugin. -->","yoast_head_json":{"title":"Cadeau personnalis\u00e9 \u00e0 partir de vos photos - Atelier et studio photo imag&#039;in","robots":{"index":"index","follow":"follow","max-snippet":"max-snippet:-1","max-image-preview":"max-image-preview:large","max-video-preview":"max-video-preview:-1"},"canonical":"https:\/\/studio-imagin.fr\/accueil\/cadeau-personnalise-a-partir-de-vos-photos\/","og_locale":"fr_FR","og_type":"article","og_title":"Cadeau personnalis\u00e9 \u00e0 partir de vos photos - Atelier et studio photo imag&#039;in","og_description":"Vous pouvez commander tous vos cadeaux personnalis\u00e9s \u00e0 partir de vos photos et vos textes en vous rendant directement sur notre site internet. Depuis laboutiquekdo.com, vous pourrez r\u00e9aliser vos propres cr\u00e9ations. Livraison \u00e0 l&rsquo;atelier ou envoi \u00e0 domicile, c&rsquo;est \u00e0 vous de choisir ce qui vous convient le mieux. Ce ne sont pas moins de &hellip; Continuer la lecture de &laquo;&nbsp;Cadeau personnalis\u00e9 \u00e0 partir de vos photos&nbsp;&raquo;","og_url":"https:\/\/studio-imagin.fr\/accueil\/cadeau-personnalise-a-partir-de-vos-photos\/","og_site_name":"Atelier et studio photo imag&#039;in","article_modified_time":"2025-08-13T11:56:22+00:00","og_image":[{"url":"https:\/\/studio-imagin.fr\/wp-content\/uploads\/2025\/08\/capture-1024x121.jpg"}],"twitter_card":"summary_large_image","twitter_misc":{"Dur\u00e9e de lecture estim\u00e9e":"1 minute"},"schema":{"@context":"https:\/\/schema.org","@graph":[{"@type":"WebPage","@id":"https:\/\/studio-imagin.fr\/accueil\/cadeau-personnalise-a-partir-de-vos-photos\/","url":"https:\/\/studio-imagin.fr\/accueil\/cadeau-personnalise-a-partir-de-vos-photos\/","name":"Cadeau personnalis\u00e9 \u00e0 partir de vos photos - Atelier et studio photo imag&#039;in","isPartOf":{"@id":"https:\/\/studio-imagin.fr\/accueil\/#website"},"primaryImageOfPage":{"@id":"https:\/\/studio-imagin.fr\/accueil\/cadeau-personnalise-a-partir-de-vos-photos\/#primaryimage"},"image":{"@id":"https:\/\/studio-imagin.fr\/accueil\/cadeau-personnalise-a-partir-de-vos-photos\/#primaryimage"},"thumbnailUrl":"https:\/\/studio-imagin.fr\/wp-content\/uploads\/2025\/08\/capture-1024x121.jpg","datePublished":"2025-08-13T11:49:56+00:00","dateModified":"2025-08-13T11:56:22+00:00","breadcrumb":{"@id":"https:\/\/studio-imagin.fr\/accueil\/cadeau-personnalise-a-partir-de-vos-photos\/#breadcrumb"},"inLanguage":"fr-FR","potentialAction":[{"@type":"ReadAction","target":["https:\/\/studio-imagin.fr\/accueil\/cadeau-personnalise-a-partir-de-vos-photos\/"]}]},{"@type":"ImageObject","inLanguage":"fr-FR","@id":"https:\/\/studio-imagin.fr\/accueil\/cadeau-personnalise-a-partir-de-vos-photos\/#primaryimage","url":"https:\/\/studio-imagin.fr\/wp-content\/uploads\/2025\/08\/capture-1024x121.jpg","contentUrl":"https:\/\/studio-imagin.fr\/wp-content\/uploads\/2025\/08\/capture-1024x121.jpg"},{"@type":"BreadcrumbList","@id":"https:\/\/studio-imagin.fr\/accueil\/cadeau-personnalise-a-partir-de-vos-photos\/#breadcrumb","itemListElement":[{"@type":"ListItem","position":1,"name":"Accueil","item":"https:\/\/studio-imagin.fr\/accueil\/"},{"@type":"ListItem","position":2,"name":"Cadeau personnalis\u00e9 \u00e0 partir de vos photos"}]},{"@type":"WebSite","@id":"https:\/\/studio-imagin.fr\/accueil\/#website","url":"https:\/\/studio-imagin.fr\/accueil\/","name":"Atelier et studio photo imag&#039;in","description":"Bonjour et Bienvenue sur le site de Imag&#039;in \u00e0 Cuinchy - Photographe Blat Pascal","potentialAction":[{"@type":"SearchAction","target":{"@type":"EntryPoint","urlTemplate":"https:\/\/studio-imagin.fr\/accueil\/?s={search_term_string}"},"query-input":"required name=search_term_string"}],"inLanguage":"fr-FR"}]}},"_links":{"self":[{"href":"https:\/\/studio-imagin.fr\/accueil\/wp-json\/wp\/v2\/pages\/499","targetHints":{"allow":["GET"]}}],"collection":[{"href":"https:\/\/studio-imagin.fr\/accueil\/wp-json\/wp\/v2\/pages"}],"about":[{"href":"https:\/\/studio-imagin.fr\/accueil\/wp-json\/wp\/v2\/types\/page"}],"author":[{"embeddable":true,"href":"https:\/\/studio-imagin.fr\/accueil\/wp-json\/wp\/v2\/users\/1"}],"replies":[{"embeddable":true,"href":"https:\/\/studio-imagin.fr\/accueil\/wp-json\/wp\/v2\/comments?post=499"}],"version-history":[{"count":4,"href":"https:\/\/studio-imagin.fr\/accueil\/wp-json\/wp\/v2\/pages\/499\/revisions"}],"predecessor-version":[{"id":508,"href":"https:\/\/studio-imagin.fr\/accueil\/wp-json\/wp\/v2\/pages\/499\/revisions\/508"}],"wp:attachment":[{"href":"https:\/\/studio-imagin.fr\/accueil\/wp-json\/wp\/v2\/media?parent=499"}],"curies":[{"name":"wp","href":"https:\/\/api.w.org\/{rel}","templated":true}]}}