{"id":93,"date":"2020-08-16T14:52:50","date_gmt":"2020-08-16T12:52:50","guid":{"rendered":"https:\/\/studio-imagin.fr\/accueil\/?page_id=93"},"modified":"2021-02-03T15:06:21","modified_gmt":"2021-02-03T14:06:21","slug":"broderie","status":"publish","type":"page","link":"https:\/\/studio-imagin.fr\/accueil\/broderie\/","title":{"rendered":"Broderie"},"content":{"rendered":"\n<p>Imag&rsquo;in, c&rsquo;est \u00e9galement un atelier de broderie artisanale. Nous disposons de notre propre machine. Depuis maintenant plusieurs ann\u00e9es, nous r\u00e9alisons des broderies sur \u00e9ponge comme des serviettes et des draps de bain.<\/p>\n\n\n\n<p>Mais notre travail ne s&rsquo;arr\u00eate pas l\u00e0 car nous proposons \u00e9galement la personnalisation de peluches, de capes de bains, de doudous. Nous sommes aussi en mesure de r\u00e9aliser un travail sur diff\u00e9rents textiles.<\/p>\n\n\n\n<p>Le secret d&rsquo;une belle broderie, c&rsquo;est avant tout la cr\u00e9ation d&rsquo;un fichier num\u00e9rique sp\u00e9cifique permettant d&rsquo;indiquer \u00e0 la machine certains param\u00e8tres. Si ce fichier n&rsquo;est pas r\u00e9alis\u00e9 de mani\u00e8re professionnel, il ne peut pas y avoir de travail r\u00e9ussi. <\/p>\n\n\n\n<p>Imag&rsquo;in ma\u00eetrise parfaitement ce travail informatique mais c&rsquo;est aussi la raison pour laquelle nous ne pouvons pas broder \u00e0 partir d&rsquo;un simple fichier image ou reproduction de texte.<\/p>\n\n\n\n<figure class=\"wp-block-image size-large\"><img fetchpriority=\"high\" decoding=\"async\" width=\"1000\" height=\"667\" src=\"https:\/\/studio-imagin.fr\/wp-content\/uploads\/2020\/08\/138.jpg\" alt=\"\" class=\"wp-image-139\" srcset=\"https:\/\/studio-imagin.fr\/wp-content\/uploads\/2020\/08\/138.jpg 1000w, https:\/\/studio-imagin.fr\/wp-content\/uploads\/2020\/08\/138-350x233.jpg 350w, https:\/\/studio-imagin.fr\/wp-content\/uploads\/2020\/08\/138-300x200.jpg 300w, https:\/\/studio-imagin.fr\/wp-content\/uploads\/2020\/08\/138-768x512.jpg 768w, https:\/\/studio-imagin.fr\/wp-content\/uploads\/2020\/08\/138-500x334.jpg 500w, https:\/\/studio-imagin.fr\/wp-content\/uploads\/2020\/08\/138-800x534.jpg 800w\" sizes=\"(max-width: 767px) 89vw, (max-width: 1000px) 54vw, (max-width: 1071px) 543px, 580px\" \/><figcaption>Broderie r\u00e9alis\u00e9e sur machine<\/figcaption><\/figure>\n\n\n\n<p>Ensuite, le choix des fils mais surtout des produits est essentiel. Comment faire un travail de qualit\u00e9 si le grammage du produit est trop faible. Vous le constatez donc mais broder n&rsquo;est pas aussi simple que cela para\u00eet et surtout ce travail n&rsquo;est pas \u00e0 la port\u00e9e de toutes les mains.<\/p>\n\n\n\n<p>La broderie, c&rsquo;est la garantie d&rsquo;obtenir un tr\u00e8s joli cadeau. Pour une naissance, un anniversaire, un anniversaire de mariage ou juste pour la d\u00e9coration de la maison, il existe une multitude de possibilit\u00e9s.<\/p>\n\n\n\n<p>Comme il n&rsquo;est pas forc\u00e9ment \u00e9vident de pouvoir communiquer facilement au travers d&rsquo;un site internet, nous vous conseillons de venir nous rendre visite \u00e0 notre show room de Cuinchy.<\/p>\n\n\n\n<p>Vous pouvez \u00e9galement utiliser le site internet vous permettant de personnaliser en ligne votre projet. Sur notre site lepetitmondedecamille.com vous trouverez un grand nombre de nos r\u00e9f\u00e9rences comme par exemple nos magnifiques <a href=\"https:\/\/www.lepetitmondedecamille.com\">peluches <\/a>d&rsquo;animaux brod\u00e9s.<\/p>\n","protected":false},"excerpt":{"rendered":"<p>Imag&rsquo;in, c&rsquo;est \u00e9galement un atelier de broderie artisanale. Nous disposons de notre propre machine. Depuis maintenant plusieurs ann\u00e9es, nous r\u00e9alisons des broderies sur \u00e9ponge comme des serviettes et des draps de bain. Mais notre travail ne s&rsquo;arr\u00eate pas l\u00e0 car nous proposons \u00e9galement la personnalisation de peluches, de capes de bains, de doudous. Nous sommes &hellip; <\/p>\n<p class=\"link-more\"><a href=\"https:\/\/studio-imagin.fr\/accueil\/broderie\/\" class=\"more-link\">Continuer la lecture<span class=\"screen-reader-text\"> de &laquo;&nbsp;Broderie&nbsp;&raquo;<\/span><\/a><\/p>\n","protected":false},"author":1,"featured_media":0,"parent":0,"menu_order":0,"comment_status":"closed","ping_status":"closed","template":"","meta":{"footnotes":""},"class_list":["post-93","page","type-page","status-publish","hentry"],"yoast_head":"<!-- This site is optimized with the Yoast SEO plugin v22.5 - https:\/\/yoast.com\/wordpress\/plugins\/seo\/ -->\n<title>Broderie - Atelier et studio photo imag&#039;in<\/title>\n<meta name=\"robots\" content=\"index, follow, max-snippet:-1, max-image-preview:large, max-video-preview:-1\" \/>\n<link rel=\"canonical\" href=\"https:\/\/studio-imagin.fr\/accueil\/broderie\/\" \/>\n<meta property=\"og:locale\" content=\"fr_FR\" \/>\n<meta property=\"og:type\" content=\"article\" \/>\n<meta property=\"og:title\" content=\"Broderie - Atelier et studio photo imag&#039;in\" \/>\n<meta property=\"og:description\" content=\"Imag&rsquo;in, c&rsquo;est \u00e9galement un atelier de broderie artisanale. Nous disposons de notre propre machine. Depuis maintenant plusieurs ann\u00e9es, nous r\u00e9alisons des broderies sur \u00e9ponge comme des serviettes et des draps de bain. Mais notre travail ne s&rsquo;arr\u00eate pas l\u00e0 car nous proposons \u00e9galement la personnalisation de peluches, de capes de bains, de doudous. Nous sommes &hellip; Continuer la lecture de &laquo;&nbsp;Broderie&nbsp;&raquo;\" \/>\n<meta property=\"og:url\" content=\"https:\/\/studio-imagin.fr\/accueil\/broderie\/\" \/>\n<meta property=\"og:site_name\" content=\"Atelier et studio photo imag&#039;in\" \/>\n<meta property=\"article:modified_time\" content=\"2021-02-03T14:06:21+00:00\" \/>\n<meta property=\"og:image\" content=\"https:\/\/studio-imagin.fr\/wp-content\/uploads\/2020\/08\/138.jpg\" \/>\n<meta name=\"twitter:card\" content=\"summary_large_image\" \/>\n<meta name=\"twitter:label1\" content=\"Dur\u00e9e de lecture estim\u00e9e\" \/>\n\t<meta name=\"twitter:data1\" content=\"2 minutes\" \/>\n<script type=\"application\/ld+json\" class=\"yoast-schema-graph\">{\"@context\":\"https:\/\/schema.org\",\"@graph\":[{\"@type\":\"WebPage\",\"@id\":\"https:\/\/studio-imagin.fr\/accueil\/broderie\/\",\"url\":\"https:\/\/studio-imagin.fr\/accueil\/broderie\/\",\"name\":\"Broderie - Atelier et studio photo imag&#039;in\",\"isPartOf\":{\"@id\":\"https:\/\/studio-imagin.fr\/accueil\/#website\"},\"primaryImageOfPage\":{\"@id\":\"https:\/\/studio-imagin.fr\/accueil\/broderie\/#primaryimage\"},\"image\":{\"@id\":\"https:\/\/studio-imagin.fr\/accueil\/broderie\/#primaryimage\"},\"thumbnailUrl\":\"https:\/\/studio-imagin.fr\/wp-content\/uploads\/2020\/08\/138.jpg\",\"datePublished\":\"2020-08-16T12:52:50+00:00\",\"dateModified\":\"2021-02-03T14:06:21+00:00\",\"breadcrumb\":{\"@id\":\"https:\/\/studio-imagin.fr\/accueil\/broderie\/#breadcrumb\"},\"inLanguage\":\"fr-FR\",\"potentialAction\":[{\"@type\":\"ReadAction\",\"target\":[\"https:\/\/studio-imagin.fr\/accueil\/broderie\/\"]}]},{\"@type\":\"ImageObject\",\"inLanguage\":\"fr-FR\",\"@id\":\"https:\/\/studio-imagin.fr\/accueil\/broderie\/#primaryimage\",\"url\":\"https:\/\/studio-imagin.fr\/wp-content\/uploads\/2020\/08\/138.jpg\",\"contentUrl\":\"https:\/\/studio-imagin.fr\/wp-content\/uploads\/2020\/08\/138.jpg\"},{\"@type\":\"BreadcrumbList\",\"@id\":\"https:\/\/studio-imagin.fr\/accueil\/broderie\/#breadcrumb\",\"itemListElement\":[{\"@type\":\"ListItem\",\"position\":1,\"name\":\"Accueil\",\"item\":\"https:\/\/studio-imagin.fr\/accueil\/\"},{\"@type\":\"ListItem\",\"position\":2,\"name\":\"Broderie\"}]},{\"@type\":\"WebSite\",\"@id\":\"https:\/\/studio-imagin.fr\/accueil\/#website\",\"url\":\"https:\/\/studio-imagin.fr\/accueil\/\",\"name\":\"Atelier et studio photo imag&#039;in\",\"description\":\"Bonjour et Bienvenue sur le site de Imag&#039;in \u00e0 Cuinchy - Photographe Blat Pascal\",\"potentialAction\":[{\"@type\":\"SearchAction\",\"target\":{\"@type\":\"EntryPoint\",\"urlTemplate\":\"https:\/\/studio-imagin.fr\/accueil\/?s={search_term_string}\"},\"query-input\":\"required name=search_term_string\"}],\"inLanguage\":\"fr-FR\"}]}<\/script>\n<!-- \/ Yoast SEO plugin. -->","yoast_head_json":{"title":"Broderie - Atelier et studio photo imag&#039;in","robots":{"index":"index","follow":"follow","max-snippet":"max-snippet:-1","max-image-preview":"max-image-preview:large","max-video-preview":"max-video-preview:-1"},"canonical":"https:\/\/studio-imagin.fr\/accueil\/broderie\/","og_locale":"fr_FR","og_type":"article","og_title":"Broderie - Atelier et studio photo imag&#039;in","og_description":"Imag&rsquo;in, c&rsquo;est \u00e9galement un atelier de broderie artisanale. Nous disposons de notre propre machine. Depuis maintenant plusieurs ann\u00e9es, nous r\u00e9alisons des broderies sur \u00e9ponge comme des serviettes et des draps de bain. Mais notre travail ne s&rsquo;arr\u00eate pas l\u00e0 car nous proposons \u00e9galement la personnalisation de peluches, de capes de bains, de doudous. Nous sommes &hellip; Continuer la lecture de &laquo;&nbsp;Broderie&nbsp;&raquo;","og_url":"https:\/\/studio-imagin.fr\/accueil\/broderie\/","og_site_name":"Atelier et studio photo imag&#039;in","article_modified_time":"2021-02-03T14:06:21+00:00","og_image":[{"url":"https:\/\/studio-imagin.fr\/wp-content\/uploads\/2020\/08\/138.jpg"}],"twitter_card":"summary_large_image","twitter_misc":{"Dur\u00e9e de lecture estim\u00e9e":"2 minutes"},"schema":{"@context":"https:\/\/schema.org","@graph":[{"@type":"WebPage","@id":"https:\/\/studio-imagin.fr\/accueil\/broderie\/","url":"https:\/\/studio-imagin.fr\/accueil\/broderie\/","name":"Broderie - Atelier et studio photo imag&#039;in","isPartOf":{"@id":"https:\/\/studio-imagin.fr\/accueil\/#website"},"primaryImageOfPage":{"@id":"https:\/\/studio-imagin.fr\/accueil\/broderie\/#primaryimage"},"image":{"@id":"https:\/\/studio-imagin.fr\/accueil\/broderie\/#primaryimage"},"thumbnailUrl":"https:\/\/studio-imagin.fr\/wp-content\/uploads\/2020\/08\/138.jpg","datePublished":"2020-08-16T12:52:50+00:00","dateModified":"2021-02-03T14:06:21+00:00","breadcrumb":{"@id":"https:\/\/studio-imagin.fr\/accueil\/broderie\/#breadcrumb"},"inLanguage":"fr-FR","potentialAction":[{"@type":"ReadAction","target":["https:\/\/studio-imagin.fr\/accueil\/broderie\/"]}]},{"@type":"ImageObject","inLanguage":"fr-FR","@id":"https:\/\/studio-imagin.fr\/accueil\/broderie\/#primaryimage","url":"https:\/\/studio-imagin.fr\/wp-content\/uploads\/2020\/08\/138.jpg","contentUrl":"https:\/\/studio-imagin.fr\/wp-content\/uploads\/2020\/08\/138.jpg"},{"@type":"BreadcrumbList","@id":"https:\/\/studio-imagin.fr\/accueil\/broderie\/#breadcrumb","itemListElement":[{"@type":"ListItem","position":1,"name":"Accueil","item":"https:\/\/studio-imagin.fr\/accueil\/"},{"@type":"ListItem","position":2,"name":"Broderie"}]},{"@type":"WebSite","@id":"https:\/\/studio-imagin.fr\/accueil\/#website","url":"https:\/\/studio-imagin.fr\/accueil\/","name":"Atelier et studio photo imag&#039;in","description":"Bonjour et Bienvenue sur le site de Imag&#039;in \u00e0 Cuinchy - Photographe Blat Pascal","potentialAction":[{"@type":"SearchAction","target":{"@type":"EntryPoint","urlTemplate":"https:\/\/studio-imagin.fr\/accueil\/?s={search_term_string}"},"query-input":"required name=search_term_string"}],"inLanguage":"fr-FR"}]}},"_links":{"self":[{"href":"https:\/\/studio-imagin.fr\/accueil\/wp-json\/wp\/v2\/pages\/93","targetHints":{"allow":["GET"]}}],"collection":[{"href":"https:\/\/studio-imagin.fr\/accueil\/wp-json\/wp\/v2\/pages"}],"about":[{"href":"https:\/\/studio-imagin.fr\/accueil\/wp-json\/wp\/v2\/types\/page"}],"author":[{"embeddable":true,"href":"https:\/\/studio-imagin.fr\/accueil\/wp-json\/wp\/v2\/users\/1"}],"replies":[{"embeddable":true,"href":"https:\/\/studio-imagin.fr\/accueil\/wp-json\/wp\/v2\/comments?post=93"}],"version-history":[{"count":5,"href":"https:\/\/studio-imagin.fr\/accueil\/wp-json\/wp\/v2\/pages\/93\/revisions"}],"predecessor-version":[{"id":215,"href":"https:\/\/studio-imagin.fr\/accueil\/wp-json\/wp\/v2\/pages\/93\/revisions\/215"}],"wp:attachment":[{"href":"https:\/\/studio-imagin.fr\/accueil\/wp-json\/wp\/v2\/media?parent=93"}],"curies":[{"name":"wp","href":"https:\/\/api.w.org\/{rel}","templated":true}]}}