{"id":95,"date":"2020-08-16T14:53:04","date_gmt":"2020-08-16T12:53:04","guid":{"rendered":"https:\/\/studio-imagin.fr\/accueil\/?page_id=95"},"modified":"2020-08-18T13:24:19","modified_gmt":"2020-08-18T11:24:19","slug":"decoupe-laser","status":"publish","type":"page","link":"https:\/\/studio-imagin.fr\/accueil\/decoupe-laser\/","title":{"rendered":"D\u00e9coupe laser"},"content":{"rendered":"\n<p>Qui aurait pu imaginer il y a quelques ann\u00e9es que la d\u00e9coupe laser serait mise \u00e0 disposition des artisans et petites entreprises ? En tout les cas chez Imag&rsquo;in, nous ne pouvions pas penser \u00e0 cela il y a encore 10 ans.<\/p>\n\n\n\n<p>Nous avons fait confiance \u00e0 la soci\u00e9t\u00e9 <a href=\"https:\/\/www.troteclaser.com\/fr\/\">Trotec<\/a>, sp\u00e9cialiste europ\u00e9en du laser pour d\u00e9velopper notre propre gamme de produits ainsi que nos objets d\u00e9coup\u00e9s au laser.<\/p>\n\n\n\n<p>Nous proposons au grand public mais \u00e9galement aux professionnels :<\/p>\n\n\n\n<p>. la statuette photo<\/p>\n\n\n\n<p>. la d\u00e9coupe de porte cl\u00e9<\/p>\n\n\n\n<p>. les troph\u00e9es pour les clubs sportifs<\/p>\n\n\n\n<p>. les troph\u00e9es pour les r\u00e9compenses en entreprise<\/p>\n\n\n\n<p>. les horloges<\/p>\n\n\n\n<p>. diff\u00e9rents objets \u00e0 d\u00e9couvrir en magasin et bien s\u00fbr le sur mesure<\/p>\n\n\n\n<p>Nous d\u00e9coupons principalement le plexiglas mais \u00e9galement le bois et le papier. Avec le laser, nous pouvons \u00e9galement d\u00e9couper certains vinyls pour la r\u00e9alisation de magnifiques flocages sur tee shirt faisant ainsi de superbes <a href=\"https:\/\/studio-imagin.fr\/accueil\/cadeau-personnalise\/\">cadeaux personnalis\u00e9s<\/a>.<\/p>\n\n\n\n<p>Gros avantage du vinyl, c&rsquo;est qu&rsquo;il <\/p>\n","protected":false},"excerpt":{"rendered":"<p>Qui aurait pu imaginer il y a quelques ann\u00e9es que la d\u00e9coupe laser serait mise \u00e0 disposition des artisans et petites entreprises ? En tout les cas chez Imag&rsquo;in, nous ne pouvions pas penser \u00e0 cela il y a encore 10 ans. Nous avons fait confiance \u00e0 la soci\u00e9t\u00e9 Trotec, sp\u00e9cialiste europ\u00e9en du laser pour &hellip; <\/p>\n<p class=\"link-more\"><a href=\"https:\/\/studio-imagin.fr\/accueil\/decoupe-laser\/\" class=\"more-link\">Continuer la lecture<span class=\"screen-reader-text\"> de &laquo;&nbsp;D\u00e9coupe laser&nbsp;&raquo;<\/span><\/a><\/p>\n","protected":false},"author":1,"featured_media":0,"parent":0,"menu_order":0,"comment_status":"closed","ping_status":"closed","template":"","meta":{"footnotes":""},"class_list":["post-95","page","type-page","status-publish","hentry"],"yoast_head":"<!-- This site is optimized with the Yoast SEO plugin v22.5 - https:\/\/yoast.com\/wordpress\/plugins\/seo\/ -->\n<title>D\u00e9coupe laser - Atelier et studio photo imag&#039;in<\/title>\n<meta name=\"robots\" content=\"index, follow, max-snippet:-1, max-image-preview:large, max-video-preview:-1\" \/>\n<link rel=\"canonical\" href=\"https:\/\/studio-imagin.fr\/accueil\/decoupe-laser\/\" \/>\n<meta property=\"og:locale\" content=\"fr_FR\" \/>\n<meta property=\"og:type\" content=\"article\" \/>\n<meta property=\"og:title\" content=\"D\u00e9coupe laser - Atelier et studio photo imag&#039;in\" \/>\n<meta property=\"og:description\" content=\"Qui aurait pu imaginer il y a quelques ann\u00e9es que la d\u00e9coupe laser serait mise \u00e0 disposition des artisans et petites entreprises ? En tout les cas chez Imag&rsquo;in, nous ne pouvions pas penser \u00e0 cela il y a encore 10 ans. Nous avons fait confiance \u00e0 la soci\u00e9t\u00e9 Trotec, sp\u00e9cialiste europ\u00e9en du laser pour &hellip; Continuer la lecture de &laquo;&nbsp;D\u00e9coupe laser&nbsp;&raquo;\" \/>\n<meta property=\"og:url\" content=\"https:\/\/studio-imagin.fr\/accueil\/decoupe-laser\/\" \/>\n<meta property=\"og:site_name\" content=\"Atelier et studio photo imag&#039;in\" \/>\n<meta property=\"article:modified_time\" content=\"2020-08-18T11:24:19+00:00\" \/>\n<meta name=\"twitter:card\" content=\"summary_large_image\" \/>\n<meta name=\"twitter:label1\" content=\"Dur\u00e9e de lecture estim\u00e9e\" \/>\n\t<meta name=\"twitter:data1\" content=\"1 minute\" \/>\n<script type=\"application\/ld+json\" class=\"yoast-schema-graph\">{\"@context\":\"https:\/\/schema.org\",\"@graph\":[{\"@type\":\"WebPage\",\"@id\":\"https:\/\/studio-imagin.fr\/accueil\/decoupe-laser\/\",\"url\":\"https:\/\/studio-imagin.fr\/accueil\/decoupe-laser\/\",\"name\":\"D\u00e9coupe laser - Atelier et studio photo imag&#039;in\",\"isPartOf\":{\"@id\":\"https:\/\/studio-imagin.fr\/accueil\/#website\"},\"datePublished\":\"2020-08-16T12:53:04+00:00\",\"dateModified\":\"2020-08-18T11:24:19+00:00\",\"breadcrumb\":{\"@id\":\"https:\/\/studio-imagin.fr\/accueil\/decoupe-laser\/#breadcrumb\"},\"inLanguage\":\"fr-FR\",\"potentialAction\":[{\"@type\":\"ReadAction\",\"target\":[\"https:\/\/studio-imagin.fr\/accueil\/decoupe-laser\/\"]}]},{\"@type\":\"BreadcrumbList\",\"@id\":\"https:\/\/studio-imagin.fr\/accueil\/decoupe-laser\/#breadcrumb\",\"itemListElement\":[{\"@type\":\"ListItem\",\"position\":1,\"name\":\"Accueil\",\"item\":\"https:\/\/studio-imagin.fr\/accueil\/\"},{\"@type\":\"ListItem\",\"position\":2,\"name\":\"D\u00e9coupe laser\"}]},{\"@type\":\"WebSite\",\"@id\":\"https:\/\/studio-imagin.fr\/accueil\/#website\",\"url\":\"https:\/\/studio-imagin.fr\/accueil\/\",\"name\":\"Atelier et studio photo imag&#039;in\",\"description\":\"Bonjour et Bienvenue sur le site de Imag&#039;in \u00e0 Cuinchy - Photographe Blat Pascal\",\"potentialAction\":[{\"@type\":\"SearchAction\",\"target\":{\"@type\":\"EntryPoint\",\"urlTemplate\":\"https:\/\/studio-imagin.fr\/accueil\/?s={search_term_string}\"},\"query-input\":\"required name=search_term_string\"}],\"inLanguage\":\"fr-FR\"}]}<\/script>\n<!-- \/ Yoast SEO plugin. -->","yoast_head_json":{"title":"D\u00e9coupe laser - Atelier et studio photo imag&#039;in","robots":{"index":"index","follow":"follow","max-snippet":"max-snippet:-1","max-image-preview":"max-image-preview:large","max-video-preview":"max-video-preview:-1"},"canonical":"https:\/\/studio-imagin.fr\/accueil\/decoupe-laser\/","og_locale":"fr_FR","og_type":"article","og_title":"D\u00e9coupe laser - Atelier et studio photo imag&#039;in","og_description":"Qui aurait pu imaginer il y a quelques ann\u00e9es que la d\u00e9coupe laser serait mise \u00e0 disposition des artisans et petites entreprises ? En tout les cas chez Imag&rsquo;in, nous ne pouvions pas penser \u00e0 cela il y a encore 10 ans. Nous avons fait confiance \u00e0 la soci\u00e9t\u00e9 Trotec, sp\u00e9cialiste europ\u00e9en du laser pour &hellip; Continuer la lecture de &laquo;&nbsp;D\u00e9coupe laser&nbsp;&raquo;","og_url":"https:\/\/studio-imagin.fr\/accueil\/decoupe-laser\/","og_site_name":"Atelier et studio photo imag&#039;in","article_modified_time":"2020-08-18T11:24:19+00:00","twitter_card":"summary_large_image","twitter_misc":{"Dur\u00e9e de lecture estim\u00e9e":"1 minute"},"schema":{"@context":"https:\/\/schema.org","@graph":[{"@type":"WebPage","@id":"https:\/\/studio-imagin.fr\/accueil\/decoupe-laser\/","url":"https:\/\/studio-imagin.fr\/accueil\/decoupe-laser\/","name":"D\u00e9coupe laser - Atelier et studio photo imag&#039;in","isPartOf":{"@id":"https:\/\/studio-imagin.fr\/accueil\/#website"},"datePublished":"2020-08-16T12:53:04+00:00","dateModified":"2020-08-18T11:24:19+00:00","breadcrumb":{"@id":"https:\/\/studio-imagin.fr\/accueil\/decoupe-laser\/#breadcrumb"},"inLanguage":"fr-FR","potentialAction":[{"@type":"ReadAction","target":["https:\/\/studio-imagin.fr\/accueil\/decoupe-laser\/"]}]},{"@type":"BreadcrumbList","@id":"https:\/\/studio-imagin.fr\/accueil\/decoupe-laser\/#breadcrumb","itemListElement":[{"@type":"ListItem","position":1,"name":"Accueil","item":"https:\/\/studio-imagin.fr\/accueil\/"},{"@type":"ListItem","position":2,"name":"D\u00e9coupe laser"}]},{"@type":"WebSite","@id":"https:\/\/studio-imagin.fr\/accueil\/#website","url":"https:\/\/studio-imagin.fr\/accueil\/","name":"Atelier et studio photo imag&#039;in","description":"Bonjour et Bienvenue sur le site de Imag&#039;in \u00e0 Cuinchy - Photographe Blat Pascal","potentialAction":[{"@type":"SearchAction","target":{"@type":"EntryPoint","urlTemplate":"https:\/\/studio-imagin.fr\/accueil\/?s={search_term_string}"},"query-input":"required name=search_term_string"}],"inLanguage":"fr-FR"}]}},"_links":{"self":[{"href":"https:\/\/studio-imagin.fr\/accueil\/wp-json\/wp\/v2\/pages\/95","targetHints":{"allow":["GET"]}}],"collection":[{"href":"https:\/\/studio-imagin.fr\/accueil\/wp-json\/wp\/v2\/pages"}],"about":[{"href":"https:\/\/studio-imagin.fr\/accueil\/wp-json\/wp\/v2\/types\/page"}],"author":[{"embeddable":true,"href":"https:\/\/studio-imagin.fr\/accueil\/wp-json\/wp\/v2\/users\/1"}],"replies":[{"embeddable":true,"href":"https:\/\/studio-imagin.fr\/accueil\/wp-json\/wp\/v2\/comments?post=95"}],"version-history":[{"count":3,"href":"https:\/\/studio-imagin.fr\/accueil\/wp-json\/wp\/v2\/pages\/95\/revisions"}],"predecessor-version":[{"id":230,"href":"https:\/\/studio-imagin.fr\/accueil\/wp-json\/wp\/v2\/pages\/95\/revisions\/230"}],"wp:attachment":[{"href":"https:\/\/studio-imagin.fr\/accueil\/wp-json\/wp\/v2\/media?parent=95"}],"curies":[{"name":"wp","href":"https:\/\/api.w.org\/{rel}","templated":true}]}}